{"id":2016,"date":"2024-12-25T11:19:27","date_gmt":"2024-12-25T11:19:27","guid":{"rendered":"https:\/\/motovitalex.md\/?post_type=product&#038;p=2016"},"modified":"2024-12-25T11:19:27","modified_gmt":"2024-12-25T11:19:27","slug":"ansamblu-ventilator-cu-generator-pentru-motor-diesel-180n","status":"publish","type":"product","link":"https:\/\/motovitalex.md\/ru\/product\/ansamblu-ventilator-cu-generator-pentru-motor-diesel-180n\/","title":{"rendered":"Ansamblu ventilator cu generator, pentru motor diesel 180N"},"content":{"rendered":"<p>Sistem de r\u0103cire\/sistem electric, piesa este proiectat\u0103 pentru instalarea pe o unitate de alimentare diesel r\u0103cit\u0103 cu ap\u0103. Designul ventilatorului are un generator electric \u00eencorporat pentru \u00eenc\u0103rcarea bateriei \u0219i alimentarea sistemului electric al motorului. Statorul generatorului este situat pe corpul piesei \u0219i con\u021bine 4 bobine de s\u00e2rm\u0103 de cupru. Un scripete este instalat pe axa ventilatorului sub cureaua de transmisie care o conecteaz\u0103 cu scripetele de antrenare situate pe volant. Carcasa ventilatorului \u0219i rotorul sunt realizate din aluminiu, ceea ce u\u0219ureaz\u0103 greutatea structurii \u0219i serve\u0219te ca protec\u021bie \u00eempotriva coroziunii. Datorita formei speciale a palelor, ventilatorul creeaza un flux mare de aer chiar si la turatii mici ale motorului, iar puterea generatorului este suficienta pentru toti consumatorii de electricitat<\/p>","protected":false},"excerpt":{"rendered":"<p>Sistem de r\u0103cire\/sistem electric, piesa este proiectat\u0103 pentru instalarea pe o unitate de alimentare diesel r\u0103cit\u0103 cu ap\u0103. Designul ventilatorului are un generator electric \u00eencorporat pentru \u00eenc\u0103rcarea bateriei \u0219i alimentarea sistemului electric al motorului. Statorul generatorului este situat pe corpul piesei \u0219i con\u021bine 4 bobine de s\u00e2rm\u0103 de cupru. Un scripete este instalat pe axa&hellip;<\/p>","protected":false},"featured_media":2017,"template":"","meta":[],"product_cat":[64],"product_tag":[],"class_list":{"0":"post-2016","1":"product","2":"type-product","3":"status-publish","4":"has-post-thumbnail","6":"product_cat-piese-auto","8":"first","9":"instock","10":"shipping-taxable","11":"product-type-simple"},"_links":{"self":[{"href":"https:\/\/motovitalex.md\/ru\/wp-json\/wp\/v2\/product\/2016","targetHints":{"allow":["GET"]}}],"collection":[{"href":"https:\/\/motovitalex.md\/ru\/wp-json\/wp\/v2\/product"}],"about":[{"href":"https:\/\/motovitalex.md\/ru\/wp-json\/wp\/v2\/types\/product"}],"version-history":[{"count":1,"href":"https:\/\/motovitalex.md\/ru\/wp-json\/wp\/v2\/product\/2016\/revisions"}],"predecessor-version":[{"id":2018,"href":"https:\/\/motovitalex.md\/ru\/wp-json\/wp\/v2\/product\/2016\/revisions\/2018"}],"wp:featuredmedia":[{"embeddable":true,"href":"https:\/\/motovitalex.md\/ru\/wp-json\/wp\/v2\/media\/2017"}],"wp:attachment":[{"href":"https:\/\/motovitalex.md\/ru\/wp-json\/wp\/v2\/media?parent=2016"}],"wp:term":[{"taxonomy":"product_cat","embeddable":true,"href":"https:\/\/motovitalex.md\/ru\/wp-json\/wp\/v2\/product_cat?post=2016"},{"taxonomy":"product_tag","embeddable":true,"href":"https:\/\/motovitalex.md\/ru\/wp-json\/wp\/v2\/product_tag?post=2016"}],"curies":[{"name":"wp","href":"https:\/\/api.w.org\/{rel}","templated":true}]}}