{"id":2010,"date":"2024-12-25T11:12:20","date_gmt":"2024-12-25T11:12:20","guid":{"rendered":"https:\/\/motovitalex.md\/?post_type=product&#038;p=2010"},"modified":"2024-12-25T11:12:20","modified_gmt":"2024-12-25T11:12:20","slug":"ansamblu-reductor-inferior-178-186f","status":"publish","type":"product","link":"https:\/\/motovitalex.md\/ru\/product\/ansamblu-reductor-inferior-178-186f\/","title":{"rendered":"Ansamblu reductor inferior &#8211; 178\/186F"},"content":{"rendered":"<p>Ansamblul reductor inferior &#8211; 178\/186F este potrivit pentru reductorul de viteze al motocultoarelor\u00a0 diesel \u0219i benzin\u0103 cu o putere de 6\/10 CP. aer r\u0103cit.<\/p>\n<p>Carcas\u0103 &#8211; font\u0103<\/p>\n<p>Distan\u021ba dintre centrele g\u0103urilor de montare (mm) &#8211; 125 * 133<\/p>\n<p>Angrenaj planetar &#8211; Z-43<\/p>\n<p>Lungimea ciorapii (mm) &#8211; 310<\/p>\n<p>Lungime total\u0103 (mm) &#8211; 360<\/p>\n<p>Greutate net\u0103 (kg) &#8211; 16,2<\/p>","protected":false},"excerpt":{"rendered":"<p>Ansamblul reductor inferior &#8211; 178\/186F este potrivit pentru reductorul de viteze al motocultoarelor\u00a0 diesel \u0219i benzin\u0103 cu o putere de 6\/10 CP. aer r\u0103cit. Carcas\u0103 &#8211; font\u0103 Distan\u021ba dintre centrele g\u0103urilor de montare (mm) &#8211; 125 * 133 Angrenaj planetar &#8211; Z-43 Lungimea ciorapii (mm) &#8211; 310 Lungime total\u0103 (mm) &#8211; 360 Greutate net\u0103 (kg)&hellip;<\/p>","protected":false},"featured_media":2011,"template":"","meta":[],"product_cat":[64],"product_tag":[],"class_list":{"0":"post-2010","1":"product","2":"type-product","3":"status-publish","4":"has-post-thumbnail","6":"product_cat-piese-auto","8":"first","9":"instock","10":"shipping-taxable","11":"product-type-simple"},"_links":{"self":[{"href":"https:\/\/motovitalex.md\/ru\/wp-json\/wp\/v2\/product\/2010","targetHints":{"allow":["GET"]}}],"collection":[{"href":"https:\/\/motovitalex.md\/ru\/wp-json\/wp\/v2\/product"}],"about":[{"href":"https:\/\/motovitalex.md\/ru\/wp-json\/wp\/v2\/types\/product"}],"version-history":[{"count":1,"href":"https:\/\/motovitalex.md\/ru\/wp-json\/wp\/v2\/product\/2010\/revisions"}],"predecessor-version":[{"id":2012,"href":"https:\/\/motovitalex.md\/ru\/wp-json\/wp\/v2\/product\/2010\/revisions\/2012"}],"wp:featuredmedia":[{"embeddable":true,"href":"https:\/\/motovitalex.md\/ru\/wp-json\/wp\/v2\/media\/2011"}],"wp:attachment":[{"href":"https:\/\/motovitalex.md\/ru\/wp-json\/wp\/v2\/media?parent=2010"}],"wp:term":[{"taxonomy":"product_cat","embeddable":true,"href":"https:\/\/motovitalex.md\/ru\/wp-json\/wp\/v2\/product_cat?post=2010"},{"taxonomy":"product_tag","embeddable":true,"href":"https:\/\/motovitalex.md\/ru\/wp-json\/wp\/v2\/product_tag?post=2010"}],"curies":[{"name":"wp","href":"https:\/\/api.w.org\/{rel}","templated":true}]}}