{"id":1995,"date":"2024-12-25T10:54:15","date_gmt":"2024-12-25T10:54:15","guid":{"rendered":"https:\/\/motovitalex.md\/?post_type=product&#038;p=1995"},"modified":"2024-12-25T10:54:15","modified_gmt":"2024-12-25T10:54:15","slug":"ansamblu-cutie-de-viteze-178-186f","status":"publish","type":"product","link":"https:\/\/motovitalex.md\/ru\/product\/ansamblu-cutie-de-viteze-178-186f\/","title":{"rendered":"Ansamblu cutie de viteze &#8211; 178\/186F"},"content":{"rendered":"<p>Ansamblul cutiei de viteze &#8211; 178\/186F este potrivit pentru tractoare cu mers pe jos diesel \u0219i benzin\u0103 cu o capacitate de 6-10 CP. aer r\u0103cit.<\/p>\n<p>Corpul este din aluminiu.<\/p>\n<p>Distan\u021ba \u00eentre \u0219uruburi p\u00e2n\u0103 la placa adaptorului (mm) &#8211; 123*150<\/p>\n<p>Distan\u021ba \u00eentre \u0219uruburi p\u00e2n\u0103 la cutia de viteze inferioar\u0103 (mm) &#8211; 124*132<\/p>\n<p>Lungimea arborelui cardanic (mm) &#8211; 25<\/p>\n<p>Diametrul arborelui cardanic (mm) &#8211; 18<\/p>\n<p>L\u0103\u021bimea cheii prizei de putere (mm) &#8211; 6<\/p>","protected":false},"excerpt":{"rendered":"<p>Ansamblul cutiei de viteze &#8211; 178\/186F este potrivit pentru tractoare cu mers pe jos diesel \u0219i benzin\u0103 cu o capacitate de 6-10 CP. aer r\u0103cit. Corpul este din aluminiu. Distan\u021ba \u00eentre \u0219uruburi p\u00e2n\u0103 la placa adaptorului (mm) &#8211; 123*150 Distan\u021ba \u00eentre \u0219uruburi p\u00e2n\u0103 la cutia de viteze inferioar\u0103 (mm) &#8211; 124*132 Lungimea arborelui cardanic (mm)&hellip;<\/p>","protected":false},"featured_media":1996,"template":"","meta":[],"product_cat":[64],"product_tag":[],"class_list":{"0":"post-1995","1":"product","2":"type-product","3":"status-publish","4":"has-post-thumbnail","6":"product_cat-piese-auto","8":"first","9":"instock","10":"shipping-taxable","11":"product-type-simple"},"_links":{"self":[{"href":"https:\/\/motovitalex.md\/ru\/wp-json\/wp\/v2\/product\/1995","targetHints":{"allow":["GET"]}}],"collection":[{"href":"https:\/\/motovitalex.md\/ru\/wp-json\/wp\/v2\/product"}],"about":[{"href":"https:\/\/motovitalex.md\/ru\/wp-json\/wp\/v2\/types\/product"}],"version-history":[{"count":1,"href":"https:\/\/motovitalex.md\/ru\/wp-json\/wp\/v2\/product\/1995\/revisions"}],"predecessor-version":[{"id":1997,"href":"https:\/\/motovitalex.md\/ru\/wp-json\/wp\/v2\/product\/1995\/revisions\/1997"}],"wp:featuredmedia":[{"embeddable":true,"href":"https:\/\/motovitalex.md\/ru\/wp-json\/wp\/v2\/media\/1996"}],"wp:attachment":[{"href":"https:\/\/motovitalex.md\/ru\/wp-json\/wp\/v2\/media?parent=1995"}],"wp:term":[{"taxonomy":"product_cat","embeddable":true,"href":"https:\/\/motovitalex.md\/ru\/wp-json\/wp\/v2\/product_cat?post=1995"},{"taxonomy":"product_tag","embeddable":true,"href":"https:\/\/motovitalex.md\/ru\/wp-json\/wp\/v2\/product_tag?post=1995"}],"curies":[{"name":"wp","href":"https:\/\/api.w.org\/{rel}","templated":true}]}}