{"id":1975,"date":"2024-12-24T15:37:53","date_gmt":"2024-12-24T15:37:53","guid":{"rendered":"https:\/\/motovitalex.md\/?post_type=product&#038;p=1975"},"modified":"2024-12-26T20:08:32","modified_gmt":"2024-12-26T20:08:32","slug":"ansamblu-butuc-roata-pentru-5-tije-16-roti-mt","status":"publish","type":"product","link":"https:\/\/motovitalex.md\/ru\/product\/ansamblu-butuc-roata-pentru-5-tije-16-roti-mt\/","title":{"rendered":"Ansamblu butuc roat\u0103 pentru 5 tije (16 ro\u021bi) &#8211; MT"},"content":{"rendered":"<p>Ansamblu butuc de roat\u0103 pentru 5 \u0219tifturi (roata 16) &#8211; MT este potrivit pentru tractoare cu motor de 12-15 CP.<\/p>\n<p>Material &#8211; font\u0103.<\/p>\n<p>Dimensiunea de aterizare sub disc (mm) &#8211; 110<\/p>\n<p>Diametru sub o ax\u0103 (mm) &#8211; 39<\/p>\n<p>L\u0103\u021bimea total\u0103 (mm) &#8211; 77<\/p>\n<p>Distan\u021ba dintre g\u0103uri (mm) &#8211; 82<\/p>\n<p>Greutate (gr.) &#8211; 2500<\/p>","protected":false},"excerpt":{"rendered":"<p>Ansamblu butuc de roat\u0103 pentru 5 \u0219tifturi (roata 16) &#8211; MT este potrivit pentru tractoare cu motor de 12-15 CP. Material &#8211; font\u0103. Dimensiunea de aterizare sub disc (mm) &#8211; 110 Diametru sub o ax\u0103 (mm) &#8211; 39 L\u0103\u021bimea total\u0103 (mm) &#8211; 77 Distan\u021ba dintre g\u0103uri (mm) &#8211; 82 Greutate (gr.) &#8211; 2500<\/p>","protected":false},"featured_media":1976,"template":"","meta":[],"product_cat":[87,64],"product_tag":[],"class_list":{"0":"post-1975","1":"product","2":"type-product","3":"status-publish","4":"has-post-thumbnail","6":"product_cat-piese-pentru-cutie-de-viteza-6-trepte","7":"product_cat-piese-auto","9":"first","10":"instock","11":"shipping-taxable","12":"product-type-simple"},"_links":{"self":[{"href":"https:\/\/motovitalex.md\/ru\/wp-json\/wp\/v2\/product\/1975","targetHints":{"allow":["GET"]}}],"collection":[{"href":"https:\/\/motovitalex.md\/ru\/wp-json\/wp\/v2\/product"}],"about":[{"href":"https:\/\/motovitalex.md\/ru\/wp-json\/wp\/v2\/types\/product"}],"version-history":[{"count":1,"href":"https:\/\/motovitalex.md\/ru\/wp-json\/wp\/v2\/product\/1975\/revisions"}],"predecessor-version":[{"id":1977,"href":"https:\/\/motovitalex.md\/ru\/wp-json\/wp\/v2\/product\/1975\/revisions\/1977"}],"wp:featuredmedia":[{"embeddable":true,"href":"https:\/\/motovitalex.md\/ru\/wp-json\/wp\/v2\/media\/1976"}],"wp:attachment":[{"href":"https:\/\/motovitalex.md\/ru\/wp-json\/wp\/v2\/media?parent=1975"}],"wp:term":[{"taxonomy":"product_cat","embeddable":true,"href":"https:\/\/motovitalex.md\/ru\/wp-json\/wp\/v2\/product_cat?post=1975"},{"taxonomy":"product_tag","embeddable":true,"href":"https:\/\/motovitalex.md\/ru\/wp-json\/wp\/v2\/product_tag?post=1975"}],"curies":[{"name":"wp","href":"https:\/\/api.w.org\/{rel}","templated":true}]}}