{"id":1956,"date":"2024-12-24T14:11:55","date_gmt":"2024-12-24T14:11:55","guid":{"rendered":"https:\/\/motovitalex.md\/?post_type=product&#038;p=1956"},"modified":"2024-12-25T14:37:49","modified_gmt":"2024-12-25T14:37:49","slug":"amortizor-fara-cot-188f","status":"publish","type":"product","link":"https:\/\/motovitalex.md\/ru\/product\/amortizor-fara-cot-188f\/","title":{"rendered":"Toba de esapament- 188F"},"content":{"rendered":"<p>Amortizor de zgomot f\u0103r\u0103 genunchi &#8211; 188F este potrivit pentru motoarele pe benzin\u0103 ale tractoarelor, cultivatoare \u0219i alte echipamente, cu o putere de 13 CP. aer r\u0103cit.<\/p>\n<p>Material &#8211; metal vopsit.<\/p>\n<p>Dimensiune total\u0103 f\u0103r\u0103 genunchi L*W*H (mm) &#8211; 185 * 175 * 125<\/p>\n<p>Greutate (gr.) &#8211; 1900<\/p>","protected":false},"excerpt":{"rendered":"<p>Amortizor de zgomot f\u0103r\u0103 genunchi &#8211; 188F este potrivit pentru motoarele pe benzin\u0103 ale tractoarelor, cultivatoare \u0219i alte echipamente, cu o putere de 13 CP. aer r\u0103cit. Material &#8211; metal vopsit. Dimensiune total\u0103 f\u0103r\u0103 genunchi L*W*H (mm) &#8211; 185 * 175 * 125 Greutate (gr.) &#8211; 1900<\/p>","protected":false},"featured_media":1957,"template":"","meta":[],"product_cat":[64],"product_tag":[],"class_list":{"0":"post-1956","1":"product","2":"type-product","3":"status-publish","4":"has-post-thumbnail","6":"product_cat-piese-auto","8":"first","9":"instock","10":"shipping-taxable","11":"product-type-simple"},"_links":{"self":[{"href":"https:\/\/motovitalex.md\/ru\/wp-json\/wp\/v2\/product\/1956","targetHints":{"allow":["GET"]}}],"collection":[{"href":"https:\/\/motovitalex.md\/ru\/wp-json\/wp\/v2\/product"}],"about":[{"href":"https:\/\/motovitalex.md\/ru\/wp-json\/wp\/v2\/types\/product"}],"version-history":[{"count":2,"href":"https:\/\/motovitalex.md\/ru\/wp-json\/wp\/v2\/product\/1956\/revisions"}],"predecessor-version":[{"id":2195,"href":"https:\/\/motovitalex.md\/ru\/wp-json\/wp\/v2\/product\/1956\/revisions\/2195"}],"wp:featuredmedia":[{"embeddable":true,"href":"https:\/\/motovitalex.md\/ru\/wp-json\/wp\/v2\/media\/1957"}],"wp:attachment":[{"href":"https:\/\/motovitalex.md\/ru\/wp-json\/wp\/v2\/media?parent=1956"}],"wp:term":[{"taxonomy":"product_cat","embeddable":true,"href":"https:\/\/motovitalex.md\/ru\/wp-json\/wp\/v2\/product_cat?post=1956"},{"taxonomy":"product_tag","embeddable":true,"href":"https:\/\/motovitalex.md\/ru\/wp-json\/wp\/v2\/product_tag?post=1956"}],"curies":[{"name":"wp","href":"https:\/\/api.w.org\/{rel}","templated":true}]}}