{"id":1920,"date":"2024-12-23T13:01:55","date_gmt":"2024-12-23T13:01:55","guid":{"rendered":"https:\/\/motovitalex.md\/?post_type=product&#038;p=1920"},"modified":"2025-02-21T11:33:58","modified_gmt":"2025-02-21T11:33:58","slug":"disc-de-fier-6-00-12-pentru-4-suruburi","status":"publish","type":"product","link":"https:\/\/motovitalex.md\/ru\/product\/disc-de-fier-6-00-12-pentru-4-suruburi\/","title":{"rendered":"Disc de fier 6.00 * 12 (pentru 4 \u0219uruburi)"},"content":{"rendered":"<p>Un disc pliabil din dou\u0103 piese 6.00 * 12 de la\u00a0 este utilizat pe tractoare grele r\u0103cite cu ap\u0103.<\/p>\n<p>Discul pliabil 6.00*12 este proiectat pentru asamblarea \u0219i instalarea ro\u021bilor pe tractoare grele cu mers pe jos (cu puterea motorului de la 8 CP). Este format din dou\u0103 p\u0103r\u021bi, ambele sunt din o\u021bel laminat, vopsite cu email. Discul este greu \u0219i durabil, asigur\u0103 potrivirea corect\u0103 a anvelopei \u0219i o bun\u0103 manevrare a utilajelor.<\/p>\n<p>Discul 6.00*12\u00a0 se distinge printr-o \u00eentre\u021binere ridicat\u0103, dac\u0103 este necesar, \u00eel pute\u021bi repara singur f\u0103r\u0103 a apela la serviciile speciali\u0219tilor. Simplitatea \u0219i ergonomia designului fac posibil\u0103 acest lucru suficient de rapid, evit\u00e2nd perioadele lungi de nefunc\u021bionare \u00een munca ma\u0219inilor agricole.<\/p>","protected":false},"excerpt":{"rendered":"<p>Un disc pliabil din dou\u0103 piese 6.00 * 12 de la\u00a0 este utilizat pe tractoare grele r\u0103cite cu ap\u0103. Discul pliabil 6.00*12 este proiectat pentru asamblarea \u0219i instalarea ro\u021bilor pe tractoare grele cu mers pe jos (cu puterea motorului de la 8 CP). Este format din dou\u0103 p\u0103r\u021bi, ambele sunt din o\u021bel laminat, vopsite cu&hellip;<\/p>","protected":false},"featured_media":1923,"template":"","meta":[],"product_cat":[63],"product_tag":[],"class_list":{"0":"post-1920","1":"product","2":"type-product","3":"status-publish","4":"has-post-thumbnail","6":"product_cat-anvelope-camere","8":"first","9":"instock","10":"shipping-taxable","11":"purchasable","12":"product-type-simple"},"_links":{"self":[{"href":"https:\/\/motovitalex.md\/ru\/wp-json\/wp\/v2\/product\/1920","targetHints":{"allow":["GET"]}}],"collection":[{"href":"https:\/\/motovitalex.md\/ru\/wp-json\/wp\/v2\/product"}],"about":[{"href":"https:\/\/motovitalex.md\/ru\/wp-json\/wp\/v2\/types\/product"}],"version-history":[{"count":1,"href":"https:\/\/motovitalex.md\/ru\/wp-json\/wp\/v2\/product\/1920\/revisions"}],"predecessor-version":[{"id":1922,"href":"https:\/\/motovitalex.md\/ru\/wp-json\/wp\/v2\/product\/1920\/revisions\/1922"}],"wp:featuredmedia":[{"embeddable":true,"href":"https:\/\/motovitalex.md\/ru\/wp-json\/wp\/v2\/media\/1923"}],"wp:attachment":[{"href":"https:\/\/motovitalex.md\/ru\/wp-json\/wp\/v2\/media?parent=1920"}],"wp:term":[{"taxonomy":"product_cat","embeddable":true,"href":"https:\/\/motovitalex.md\/ru\/wp-json\/wp\/v2\/product_cat?post=1920"},{"taxonomy":"product_tag","embeddable":true,"href":"https:\/\/motovitalex.md\/ru\/wp-json\/wp\/v2\/product_tag?post=1920"}],"curies":[{"name":"wp","href":"https:\/\/api.w.org\/{rel}","templated":true}]}}