{"id":1917,"date":"2024-12-23T12:57:44","date_gmt":"2024-12-23T12:57:44","guid":{"rendered":"https:\/\/motovitalex.md\/?post_type=product&#038;p=1917"},"modified":"2025-02-21T11:34:41","modified_gmt":"2025-02-21T11:34:41","slug":"disc-de-fier-5-00-12-pentru-4-suruburi-178-186f","status":"publish","type":"product","link":"https:\/\/motovitalex.md\/ru\/product\/disc-de-fier-5-00-12-pentru-4-suruburi-178-186f\/","title":{"rendered":"Disc de fier 5.00 * 12 (pentru 4 \u0219uruburi) 178 \/ 186F"},"content":{"rendered":"<p>Discul pliabil 5.00*12\u00a0 este destinat asamblarii si instalarii pe o axa de roti a motocultoarelor\u00a0 178\/186F.<\/p>\n<p>Discul este pliabil, const\u0103 din dou\u0103 p\u0103r\u021bi, se monteaz\u0103 u\u0219or pe axa tractorului. <span style=\"font-size: 1rem;\">Discul 5.00*12\u00a0 este realizat din metal durabil, ceea ce \u00eei asigur\u0103 stabilitatea \u0219i fiabilitatea. Datorit\u0103 designului, este asigurat\u0103 o \u00eentre\u021binere ridicat\u0103 (repara\u021bia\/\u00eenlocuirea camerei sau a anvelopelor se poate face independent). Stratul email protejeaz\u0103 suplimentar \u00eempotriva coroziunii.<\/span><\/p>","protected":false},"excerpt":{"rendered":"<p>Discul pliabil 5.00*12\u00a0 este destinat asamblarii si instalarii pe o axa de roti a motocultoarelor\u00a0 178\/186F. Discul este pliabil, const\u0103 din dou\u0103 p\u0103r\u021bi, se monteaz\u0103 u\u0219or pe axa tractorului. Discul 5.00*12\u00a0 este realizat din metal durabil, ceea ce \u00eei asigur\u0103 stabilitatea \u0219i fiabilitatea. Datorit\u0103 designului, este asigurat\u0103 o \u00eentre\u021binere ridicat\u0103 (repara\u021bia\/\u00eenlocuirea camerei sau a anvelopelor&hellip;<\/p>","protected":false},"featured_media":1918,"template":"","meta":[],"product_cat":[63],"product_tag":[],"class_list":{"0":"post-1917","1":"product","2":"type-product","3":"status-publish","4":"has-post-thumbnail","6":"product_cat-anvelope-camere","8":"first","9":"instock","10":"shipping-taxable","11":"purchasable","12":"product-type-simple"},"_links":{"self":[{"href":"https:\/\/motovitalex.md\/ru\/wp-json\/wp\/v2\/product\/1917","targetHints":{"allow":["GET"]}}],"collection":[{"href":"https:\/\/motovitalex.md\/ru\/wp-json\/wp\/v2\/product"}],"about":[{"href":"https:\/\/motovitalex.md\/ru\/wp-json\/wp\/v2\/types\/product"}],"version-history":[{"count":1,"href":"https:\/\/motovitalex.md\/ru\/wp-json\/wp\/v2\/product\/1917\/revisions"}],"predecessor-version":[{"id":1919,"href":"https:\/\/motovitalex.md\/ru\/wp-json\/wp\/v2\/product\/1917\/revisions\/1919"}],"wp:featuredmedia":[{"embeddable":true,"href":"https:\/\/motovitalex.md\/ru\/wp-json\/wp\/v2\/media\/1918"}],"wp:attachment":[{"href":"https:\/\/motovitalex.md\/ru\/wp-json\/wp\/v2\/media?parent=1917"}],"wp:term":[{"taxonomy":"product_cat","embeddable":true,"href":"https:\/\/motovitalex.md\/ru\/wp-json\/wp\/v2\/product_cat?post=1917"},{"taxonomy":"product_tag","embeddable":true,"href":"https:\/\/motovitalex.md\/ru\/wp-json\/wp\/v2\/product_tag?post=1917"}],"curies":[{"name":"wp","href":"https:\/\/api.w.org\/{rel}","templated":true}]}}