{"id":1908,"date":"2024-12-23T12:48:05","date_gmt":"2024-12-23T12:48:05","guid":{"rendered":"https:\/\/motovitalex.md\/?post_type=product&#038;p=1908"},"modified":"2025-02-21T11:51:17","modified_gmt":"2025-02-21T11:51:17","slug":"disc-de-fier-4-00-10-pentru-4-suruburi","status":"publish","type":"product","link":"https:\/\/motovitalex.md\/ru\/product\/disc-de-fier-4-00-10-pentru-4-suruburi\/","title":{"rendered":"Disc de fier 4.00 * 10 (pentru 4 \u0219uruburi)"},"content":{"rendered":"<p>Disc pliabil metalic 4.00*10\u00a0 din dou\u0103 p\u0103r\u021bi, este destinat asamblarii \u0219i instal\u0103rii ro\u021bilor motocultoarelor.<\/p>\n<p>Disc 4.00 * 10 este potrivit pentru tractoare cu mers pe jos r\u0103cite cu aer, se distinge prin func\u021bionalitate \u0219i \u00eentre\u021binere. Acest model de disc este pliabil, este format din dou\u0103 p\u0103r\u021bi, are 6 g\u0103uri de conectare.Ambele p\u0103r\u021bi ale discului sunt realizate din metal rezistent.<\/p>\n<p><strong> Avantajele discului pliabil 4.00*10\u00a0 sunt urm\u0103toarele:<\/strong> fiabilitate, \u00eentre\u021binere, acoperire cu email. Caracteristicile de design ale discului pliabil fac posibil\u0103 repararea sau \u00eenlocuirea camerei\/anvelopei cu propriile m\u00e2ini, f\u0103r\u0103 a contacta un atelier de repara\u021bii auto.<\/p>","protected":false},"excerpt":{"rendered":"<p>Disc pliabil metalic 4.00*10\u00a0 din dou\u0103 p\u0103r\u021bi, este destinat asamblarii \u0219i instal\u0103rii ro\u021bilor motocultoarelor. Disc 4.00 * 10 este potrivit pentru tractoare cu mers pe jos r\u0103cite cu aer, se distinge prin func\u021bionalitate \u0219i \u00eentre\u021binere. Acest model de disc este pliabil, este format din dou\u0103 p\u0103r\u021bi, are 6 g\u0103uri de conectare.Ambele p\u0103r\u021bi ale discului sunt&hellip;<\/p>","protected":false},"featured_media":1909,"template":"","meta":[],"product_cat":[63],"product_tag":[],"class_list":{"0":"post-1908","1":"product","2":"type-product","3":"status-publish","4":"has-post-thumbnail","6":"product_cat-anvelope-camere","8":"first","9":"instock","10":"shipping-taxable","11":"purchasable","12":"product-type-simple"},"_links":{"self":[{"href":"https:\/\/motovitalex.md\/ru\/wp-json\/wp\/v2\/product\/1908","targetHints":{"allow":["GET"]}}],"collection":[{"href":"https:\/\/motovitalex.md\/ru\/wp-json\/wp\/v2\/product"}],"about":[{"href":"https:\/\/motovitalex.md\/ru\/wp-json\/wp\/v2\/types\/product"}],"version-history":[{"count":2,"href":"https:\/\/motovitalex.md\/ru\/wp-json\/wp\/v2\/product\/1908\/revisions"}],"predecessor-version":[{"id":1911,"href":"https:\/\/motovitalex.md\/ru\/wp-json\/wp\/v2\/product\/1908\/revisions\/1911"}],"wp:featuredmedia":[{"embeddable":true,"href":"https:\/\/motovitalex.md\/ru\/wp-json\/wp\/v2\/media\/1909"}],"wp:attachment":[{"href":"https:\/\/motovitalex.md\/ru\/wp-json\/wp\/v2\/media?parent=1908"}],"wp:term":[{"taxonomy":"product_cat","embeddable":true,"href":"https:\/\/motovitalex.md\/ru\/wp-json\/wp\/v2\/product_cat?post=1908"},{"taxonomy":"product_tag","embeddable":true,"href":"https:\/\/motovitalex.md\/ru\/wp-json\/wp\/v2\/product_tag?post=1908"}],"curies":[{"name":"wp","href":"https:\/\/api.w.org\/{rel}","templated":true}]}}