{"id":1900,"date":"2024-12-23T12:37:45","date_gmt":"2024-12-23T12:37:45","guid":{"rendered":"https:\/\/motovitalex.md\/?post_type=product&#038;p=1900"},"modified":"2025-02-21T11:37:13","modified_gmt":"2025-02-21T11:37:13","slug":"camera-5-00-12","status":"publish","type":"product","link":"https:\/\/motovitalex.md\/ru\/product\/camera-5-00-12\/","title":{"rendered":"Camera 5.00 * 12"},"content":{"rendered":"<p><strong>Camer\u0103 5.00 * 12 pentru motocultoare \u0219i minitractoare\u00a0<\/strong><\/p>\n<p>Camera 5.00 * 12\u00a0 pentru roata motocultoarelor , poate fi folosita si pentru motoare si minitractoare cu diametrul jantei de 12 inch si latimea anvelopei de 5 inch. Camera este umplut\u0103 cu aer \u0219i ac\u021bioneaz\u0103 ca o baz\u0103 elastic\u0103 pentru anvelop\u0103. Prin controlul presiunii, pute\u021bi ob\u021bine o aderen\u021b\u0103 optim\u0103 a ro\u021bii cu drumul\/solul.<\/p>\n<p>Camera 5.00 * 12 este universal\u0103 \u0219i potrivit\u0103 pentru multe tipuri de echipamente (motocultaore, tractoare, minitractoare). Suficient de dens, \u021bine bine aerul, are o supap\u0103 pentru pompare .Cu o func\u021bionare corect\u0103, va dura mai mult de un sezon, dac\u0103 este necesar, pute\u021bi \u00eenlocui singur camera.<\/p>","protected":false},"excerpt":{"rendered":"<p>Camer\u0103 5.00 * 12 pentru motocultoare \u0219i minitractoare\u00a0 Camera 5.00 * 12\u00a0 pentru roata motocultoarelor , poate fi folosita si pentru motoare si minitractoare cu diametrul jantei de 12 inch si latimea anvelopei de 5 inch. Camera este umplut\u0103 cu aer \u0219i ac\u021bioneaz\u0103 ca o baz\u0103 elastic\u0103 pentru anvelop\u0103. Prin controlul presiunii, pute\u021bi ob\u021bine o&hellip;<\/p>","protected":false},"featured_media":1901,"template":"","meta":[],"product_cat":[63],"product_tag":[],"class_list":{"0":"post-1900","1":"product","2":"type-product","3":"status-publish","4":"has-post-thumbnail","6":"product_cat-anvelope-camere","8":"first","9":"instock","10":"shipping-taxable","11":"purchasable","12":"product-type-simple"},"_links":{"self":[{"href":"https:\/\/motovitalex.md\/ru\/wp-json\/wp\/v2\/product\/1900","targetHints":{"allow":["GET"]}}],"collection":[{"href":"https:\/\/motovitalex.md\/ru\/wp-json\/wp\/v2\/product"}],"about":[{"href":"https:\/\/motovitalex.md\/ru\/wp-json\/wp\/v2\/types\/product"}],"version-history":[{"count":2,"href":"https:\/\/motovitalex.md\/ru\/wp-json\/wp\/v2\/product\/1900\/revisions"}],"predecessor-version":[{"id":1903,"href":"https:\/\/motovitalex.md\/ru\/wp-json\/wp\/v2\/product\/1900\/revisions\/1903"}],"wp:featuredmedia":[{"embeddable":true,"href":"https:\/\/motovitalex.md\/ru\/wp-json\/wp\/v2\/media\/1901"}],"wp:attachment":[{"href":"https:\/\/motovitalex.md\/ru\/wp-json\/wp\/v2\/media?parent=1900"}],"wp:term":[{"taxonomy":"product_cat","embeddable":true,"href":"https:\/\/motovitalex.md\/ru\/wp-json\/wp\/v2\/product_cat?post=1900"},{"taxonomy":"product_tag","embeddable":true,"href":"https:\/\/motovitalex.md\/ru\/wp-json\/wp\/v2\/product_tag?post=1900"}],"curies":[{"name":"wp","href":"https:\/\/api.w.org\/{rel}","templated":true}]}}