{"id":1897,"date":"2024-12-23T12:32:47","date_gmt":"2024-12-23T12:32:47","guid":{"rendered":"https:\/\/motovitalex.md\/?post_type=product&#038;p=1897"},"modified":"2025-02-21T11:37:23","modified_gmt":"2025-02-21T11:37:23","slug":"camera-4-00-8","status":"publish","type":"product","link":"https:\/\/motovitalex.md\/ru\/product\/camera-4-00-8\/","title":{"rendered":"Camera 4.00 * 8"},"content":{"rendered":"<p><strong>Camer\u0103 4.00 * 8 pentru roata unui tractor cu mers pe jos.<\/strong>O camer\u0103 selectat\u0103 \u0219i umflat\u0103 \u00een mod corespunz\u0103tor ajut\u0103 la asigurarea unei deplas\u0103ri line \u0219i moale a tractorului. Camera 4.00*8\u00a0 este potrivit\u0103 pentru ro\u021bile vehiculelor cu l\u0103\u021bimea anvelopei de 4 inchi \u0219i diametrul jantei de 8 inci. Actioneaza ca element elastic principal, absoarbe micile socuri si socurile de la conducerea pe teren arat.<\/p>\n<p>Camera 4.00*8 este realizat\u0103 din cauciuc, suficient de puternic\u0103 \u0219i fiabil\u0103, u\u0219or de montat. Dac\u0103 este necesar, repararea sau \u00eenlocuirea camerei se poate face independent, f\u0103r\u0103 echipament special. Supapa \u00eencorporat\u0103 v\u0103 permite s\u0103 dezumfla\u021bi sau s\u0103 umfla\u021bi rapid camera, ceea ce v\u0103 permite s\u0103 regla\u021bi presiunea aerului \u00een roat\u0103.<\/p>","protected":false},"excerpt":{"rendered":"<p>Camer\u0103 4.00 * 8 pentru roata unui tractor cu mers pe jos.O camer\u0103 selectat\u0103 \u0219i umflat\u0103 \u00een mod corespunz\u0103tor ajut\u0103 la asigurarea unei deplas\u0103ri line \u0219i moale a tractorului. Camera 4.00*8\u00a0 este potrivit\u0103 pentru ro\u021bile vehiculelor cu l\u0103\u021bimea anvelopei de 4 inchi \u0219i diametrul jantei de 8 inci. Actioneaza ca element elastic principal, absoarbe micile&hellip;<\/p>","protected":false},"featured_media":1898,"template":"","meta":[],"product_cat":[63],"product_tag":[],"class_list":{"0":"post-1897","1":"product","2":"type-product","3":"status-publish","4":"has-post-thumbnail","6":"product_cat-anvelope-camere","8":"first","9":"instock","10":"shipping-taxable","11":"purchasable","12":"product-type-simple"},"_links":{"self":[{"href":"https:\/\/motovitalex.md\/ru\/wp-json\/wp\/v2\/product\/1897","targetHints":{"allow":["GET"]}}],"collection":[{"href":"https:\/\/motovitalex.md\/ru\/wp-json\/wp\/v2\/product"}],"about":[{"href":"https:\/\/motovitalex.md\/ru\/wp-json\/wp\/v2\/types\/product"}],"version-history":[{"count":1,"href":"https:\/\/motovitalex.md\/ru\/wp-json\/wp\/v2\/product\/1897\/revisions"}],"predecessor-version":[{"id":1899,"href":"https:\/\/motovitalex.md\/ru\/wp-json\/wp\/v2\/product\/1897\/revisions\/1899"}],"wp:featuredmedia":[{"embeddable":true,"href":"https:\/\/motovitalex.md\/ru\/wp-json\/wp\/v2\/media\/1898"}],"wp:attachment":[{"href":"https:\/\/motovitalex.md\/ru\/wp-json\/wp\/v2\/media?parent=1897"}],"wp:term":[{"taxonomy":"product_cat","embeddable":true,"href":"https:\/\/motovitalex.md\/ru\/wp-json\/wp\/v2\/product_cat?post=1897"},{"taxonomy":"product_tag","embeddable":true,"href":"https:\/\/motovitalex.md\/ru\/wp-json\/wp\/v2\/product_tag?post=1897"}],"curies":[{"name":"wp","href":"https:\/\/api.w.org\/{rel}","templated":true}]}}