{"id":1894,"date":"2024-12-23T12:28:57","date_gmt":"2024-12-23T12:28:57","guid":{"rendered":"https:\/\/motovitalex.md\/?post_type=product&#038;p=1894"},"modified":"2025-02-21T11:37:32","modified_gmt":"2025-02-21T11:37:32","slug":"camera-4-00-10","status":"publish","type":"product","link":"https:\/\/motovitalex.md\/ru\/product\/camera-4-00-10\/","title":{"rendered":"Camera 4.00 * 10"},"content":{"rendered":"<p>Camer\u0103 4.00 * 10\u00a0 pentru roata unui tractor cu mers pe jos, este conceput\u0103 pentru a fi instalat\u0103 pe discurile ma\u0219inilor agricole (motocultoare), serve\u0219te la re\u021binerea aerului din interiorul anvelopei sub o anumit\u0103 presiune. Ofer\u0103 propriet\u0103\u021bi bune de amortizare, ceea ce este deosebit de important pentru echipamentele care lucreaz\u0103 pe c\u00e2mp \u0219i \u00een condi\u021bii off-road.\u00a0 Camera 4.00*10 este realizat\u0103 din material elastic de \u00eenalt\u0103 calitate, care este rezistent la schimb\u0103rile de temperatur\u0103 \u0219i \u00eemb\u0103tr\u00e2nirea termic\u0103. Prin intermediul supapei se poate regla presiunea din anvelop\u0103 \u0219i astfel se asigur\u0103 o aderen\u021b\u0103 optim\u0103 a ro\u021bii cu suprafa\u021ba.<\/p>","protected":false},"excerpt":{"rendered":"<p>Camer\u0103 4.00 * 10\u00a0 pentru roata unui tractor cu mers pe jos, este conceput\u0103 pentru a fi instalat\u0103 pe discurile ma\u0219inilor agricole (motocultoare), serve\u0219te la re\u021binerea aerului din interiorul anvelopei sub o anumit\u0103 presiune. Ofer\u0103 propriet\u0103\u021bi bune de amortizare, ceea ce este deosebit de important pentru echipamentele care lucreaz\u0103 pe c\u00e2mp \u0219i \u00een condi\u021bii off-road.\u00a0&hellip;<\/p>","protected":false},"featured_media":1895,"template":"","meta":[],"product_cat":[63],"product_tag":[],"class_list":{"0":"post-1894","1":"product","2":"type-product","3":"status-publish","4":"has-post-thumbnail","6":"product_cat-anvelope-camere","8":"first","9":"instock","10":"shipping-taxable","11":"purchasable","12":"product-type-simple"},"_links":{"self":[{"href":"https:\/\/motovitalex.md\/ru\/wp-json\/wp\/v2\/product\/1894","targetHints":{"allow":["GET"]}}],"collection":[{"href":"https:\/\/motovitalex.md\/ru\/wp-json\/wp\/v2\/product"}],"about":[{"href":"https:\/\/motovitalex.md\/ru\/wp-json\/wp\/v2\/types\/product"}],"version-history":[{"count":1,"href":"https:\/\/motovitalex.md\/ru\/wp-json\/wp\/v2\/product\/1894\/revisions"}],"predecessor-version":[{"id":1896,"href":"https:\/\/motovitalex.md\/ru\/wp-json\/wp\/v2\/product\/1894\/revisions\/1896"}],"wp:featuredmedia":[{"embeddable":true,"href":"https:\/\/motovitalex.md\/ru\/wp-json\/wp\/v2\/media\/1895"}],"wp:attachment":[{"href":"https:\/\/motovitalex.md\/ru\/wp-json\/wp\/v2\/media?parent=1894"}],"wp:term":[{"taxonomy":"product_cat","embeddable":true,"href":"https:\/\/motovitalex.md\/ru\/wp-json\/wp\/v2\/product_cat?post=1894"},{"taxonomy":"product_tag","embeddable":true,"href":"https:\/\/motovitalex.md\/ru\/wp-json\/wp\/v2\/product_tag?post=1894"}],"curies":[{"name":"wp","href":"https:\/\/api.w.org\/{rel}","templated":true}]}}