{"id":1891,"date":"2024-12-23T12:24:01","date_gmt":"2024-12-23T12:24:01","guid":{"rendered":"https:\/\/motovitalex.md\/?post_type=product&#038;p=1891"},"modified":"2025-02-21T11:36:30","modified_gmt":"2025-02-21T11:36:30","slug":"anvelopa-cu-camera-7-5016-10pr-minitractor","status":"publish","type":"product","link":"https:\/\/motovitalex.md\/ru\/product\/anvelopa-cu-camera-7-5016-10pr-minitractor\/","title":{"rendered":"Anvelopa  7.50*16 (minitractor)"},"content":{"rendered":"<p>Anvelopele\u00a0 7.50*16\u00a0 (minitractor) se folosesc la minitractoare de putere medie.\u00a0 C\u00e2nd cump\u0103ra\u021bi piese de schimb pentru ma\u0219ini agricole, ar trebui s\u0103 studia\u021bi cu aten\u021bie caracteristicile. Chiar \u0219i o pies\u0103 de schimb at\u00e2t de simpl\u0103 precum anvelopa necesit\u0103 un studiu atent \u00eenainte de cump\u0103rare. <strong>Principalul criteriu de selec\u021bie pentru anvelop\u0103 este dimensiunea de aterizare a discului.<\/strong>\u00a0 Dimensiunea de aterizare trebuie s\u0103 corespund\u0103 strict cu dimensiunea discului pentru care este selectat\u0103 anvelopa. Uneori, o anvelop\u0103 este etichetat\u0103 cu o limit\u0103 de vitez\u0103 admis\u0103, adic\u0103 limitele de vitez\u0103 care asigur\u0103 durabilitatea anvelopelor. Ele indic\u0103, de asemenea, parametrii presiunii admisibile, un criteriu important la umflarea anvelopelor. Ar trebui s\u0103 acorda\u021bi aten\u021bie nivelului de sarcin\u0103 admisibil. Acest criteriu \u00eenseamn\u0103 c\u0103 ar trebui s\u0103 lua\u021bi \u00een considerare c\u00e2t de mult v\u0103 ve\u021bi \u00eenc\u0103rca echipamentul, dac\u0103 ve\u021bi folosi ata\u0219amente \u0219i dac\u0103 \u00eel folosi\u021bi la 100%, atunci trebuie s\u0103 v\u0103 g\u00e2ndi\u021bi la anvelope mai dense, mai grele, pentru a cre\u0219te puterea de tragere a echipamentului<\/p>\n<p>Anvelopa este fabricat\u0103 din cauciuc de \u00eenalt\u0103 rezisten\u021b\u0103, are zece straturi de \u0219nur. Sarcina admisa de 650 kg, care va asigura rezistenta la stres si uzura.<\/p>","protected":false},"excerpt":{"rendered":"<p>Anvelopele\u00a0 7.50*16\u00a0 (minitractor) se folosesc la minitractoare de putere medie.\u00a0 C\u00e2nd cump\u0103ra\u021bi piese de schimb pentru ma\u0219ini agricole, ar trebui s\u0103 studia\u021bi cu aten\u021bie caracteristicile. Chiar \u0219i o pies\u0103 de schimb at\u00e2t de simpl\u0103 precum anvelopa necesit\u0103 un studiu atent \u00eenainte de cump\u0103rare. Principalul criteriu de selec\u021bie pentru anvelop\u0103 este dimensiunea de aterizare a discului.\u00a0&hellip;<\/p>","protected":false},"featured_media":1892,"template":"","meta":[],"product_cat":[63],"product_tag":[],"class_list":{"0":"post-1891","1":"product","2":"type-product","3":"status-publish","4":"has-post-thumbnail","6":"product_cat-anvelope-camere","8":"first","9":"instock","10":"shipping-taxable","11":"purchasable","12":"product-type-simple"},"_links":{"self":[{"href":"https:\/\/motovitalex.md\/ru\/wp-json\/wp\/v2\/product\/1891","targetHints":{"allow":["GET"]}}],"collection":[{"href":"https:\/\/motovitalex.md\/ru\/wp-json\/wp\/v2\/product"}],"about":[{"href":"https:\/\/motovitalex.md\/ru\/wp-json\/wp\/v2\/types\/product"}],"version-history":[{"count":3,"href":"https:\/\/motovitalex.md\/ru\/wp-json\/wp\/v2\/product\/1891\/revisions"}],"predecessor-version":[{"id":3615,"href":"https:\/\/motovitalex.md\/ru\/wp-json\/wp\/v2\/product\/1891\/revisions\/3615"}],"wp:featuredmedia":[{"embeddable":true,"href":"https:\/\/motovitalex.md\/ru\/wp-json\/wp\/v2\/media\/1892"}],"wp:attachment":[{"href":"https:\/\/motovitalex.md\/ru\/wp-json\/wp\/v2\/media?parent=1891"}],"wp:term":[{"taxonomy":"product_cat","embeddable":true,"href":"https:\/\/motovitalex.md\/ru\/wp-json\/wp\/v2\/product_cat?post=1891"},{"taxonomy":"product_tag","embeddable":true,"href":"https:\/\/motovitalex.md\/ru\/wp-json\/wp\/v2\/product_tag?post=1891"}],"curies":[{"name":"wp","href":"https:\/\/api.w.org\/{rel}","templated":true}]}}