{"id":1888,"date":"2024-12-23T12:18:30","date_gmt":"2024-12-23T12:18:30","guid":{"rendered":"https:\/\/motovitalex.md\/?post_type=product&#038;p=1888"},"modified":"2025-02-21T11:38:11","modified_gmt":"2025-02-21T11:38:11","slug":"anvelopa-6-5016-10pr-tractor","status":"publish","type":"product","link":"https:\/\/motovitalex.md\/ru\/product\/anvelopa-6-5016-10pr-tractor\/","title":{"rendered":"Anvelopa 6.50*16  ( tractor)"},"content":{"rendered":"<p>Anvelopele cu camera 6.50*16\u00a0 10PR (motor tractor) se folosesc la mototractoare de clasa de putere mare.\u00a0 Agricultura este indispensabil\u0103 f\u0103r\u0103 un tractor cu mers pe jos sau un tractor cu motor. Multe sarcini sunt rezolvate mai rapid \u0219i mai u\u0219or cu ajutorul tehnologiei. Pentru ca echipamentul s\u0103 func\u021bioneze mai mult \u0219i s\u0103 se sparg\u0103 mai rar, este necesar s\u0103 efectua\u021bi \u00eentre\u021binerea, asigura\u021bi-v\u0103 c\u0103 toate mecanismele func\u021bioneaz\u0103 f\u0103r\u0103 defec\u021biuni. Una dintre piesele cel mai frecvent uzate sunt anvelopele, de acestea depind fiabilitatea \u0219i siguran\u021ba mi\u0219c\u0103rii unui tractor cu mers \u00een spate sau a unui tractor cu motor. C\u00e2nd conduce\u021bi pe suprafe\u021be denivelate, este important s\u0103 men\u021bine\u021bi stabilitatea vehiculului, de aceea este necesar s\u0103 monitoriza\u021bi starea anvelopelor. <strong>C\u00e2nd o anvelop\u0103 veche se defecteaz\u0103, aceasta trebuie \u00eenlocuit\u0103 cu una nou\u0103.<\/strong><\/p>\n<p>Anvelopa este fabricat\u0103 din cauciuc de \u00eenalt\u0103 rezisten\u021b\u0103, are zece straturi de \u0219nur. Capacitatea de \u00eenc\u0103rcare este de 495 kg, ceea ce ofer\u0103 o rezisten\u021b\u0103 sporit\u0103 la uzur\u0103 \u0219i stres.<\/p>","protected":false},"excerpt":{"rendered":"<p>Anvelopele cu camera 6.50*16\u00a0 10PR (motor tractor) se folosesc la mototractoare de clasa de putere mare.\u00a0 Agricultura este indispensabil\u0103 f\u0103r\u0103 un tractor cu mers pe jos sau un tractor cu motor. Multe sarcini sunt rezolvate mai rapid \u0219i mai u\u0219or cu ajutorul tehnologiei. Pentru ca echipamentul s\u0103 func\u021bioneze mai mult \u0219i s\u0103 se sparg\u0103 mai&hellip;<\/p>","protected":false},"featured_media":1889,"template":"","meta":[],"product_cat":[63],"product_tag":[],"class_list":{"0":"post-1888","1":"product","2":"type-product","3":"status-publish","4":"has-post-thumbnail","6":"product_cat-anvelope-camere","8":"first","9":"instock","10":"shipping-taxable","11":"purchasable","12":"product-type-simple"},"_links":{"self":[{"href":"https:\/\/motovitalex.md\/ru\/wp-json\/wp\/v2\/product\/1888","targetHints":{"allow":["GET"]}}],"collection":[{"href":"https:\/\/motovitalex.md\/ru\/wp-json\/wp\/v2\/product"}],"about":[{"href":"https:\/\/motovitalex.md\/ru\/wp-json\/wp\/v2\/types\/product"}],"version-history":[{"count":2,"href":"https:\/\/motovitalex.md\/ru\/wp-json\/wp\/v2\/product\/1888\/revisions"}],"predecessor-version":[{"id":3616,"href":"https:\/\/motovitalex.md\/ru\/wp-json\/wp\/v2\/product\/1888\/revisions\/3616"}],"wp:featuredmedia":[{"embeddable":true,"href":"https:\/\/motovitalex.md\/ru\/wp-json\/wp\/v2\/media\/1889"}],"wp:attachment":[{"href":"https:\/\/motovitalex.md\/ru\/wp-json\/wp\/v2\/media?parent=1888"}],"wp:term":[{"taxonomy":"product_cat","embeddable":true,"href":"https:\/\/motovitalex.md\/ru\/wp-json\/wp\/v2\/product_cat?post=1888"},{"taxonomy":"product_tag","embeddable":true,"href":"https:\/\/motovitalex.md\/ru\/wp-json\/wp\/v2\/product_tag?post=1888"}],"curies":[{"name":"wp","href":"https:\/\/api.w.org\/{rel}","templated":true}]}}