{"id":1885,"date":"2024-12-23T12:11:36","date_gmt":"2024-12-23T12:11:36","guid":{"rendered":"https:\/\/motovitalex.md\/?post_type=product&#038;p=1885"},"modified":"2025-02-21T11:50:33","modified_gmt":"2025-02-21T11:50:33","slug":"anvelopa-cu-camera-4-0012-6pr-tractor","status":"publish","type":"product","link":"https:\/\/motovitalex.md\/ru\/product\/anvelopa-cu-camera-4-0012-6pr-tractor\/","title":{"rendered":"Anvelopa  4.00*12"},"content":{"rendered":"<p>Anvelopele 4.00 * 12 , 6PR ( Remorca) Tipul benzii de rulare \u201edrum\u201d ofer\u0103 o vitez\u0103 bun\u0103 la conducere. Anvelopa este fabricat\u0103 din cauciuc de \u00eenalt\u0103 rezisten\u021b\u0103, are \u0219ase straturi de \u0219nur. Sarcina admisa de 330 kg, care asigura rezistenta la uzura si stres. (in set fara camera )<\/p>","protected":false},"excerpt":{"rendered":"<p>Anvelopele 4.00 * 12 , 6PR ( Remorca) Tipul benzii de rulare \u201edrum\u201d ofer\u0103 o vitez\u0103 bun\u0103 la conducere. Anvelopa este fabricat\u0103 din cauciuc de \u00eenalt\u0103 rezisten\u021b\u0103, are \u0219ase straturi de \u0219nur. Sarcina admisa de 330 kg, care asigura rezistenta la uzura si stres. (in set fara camera )<\/p>","protected":false},"featured_media":1886,"template":"","meta":[],"product_cat":[63],"product_tag":[],"class_list":{"0":"post-1885","1":"product","2":"type-product","3":"status-publish","4":"has-post-thumbnail","6":"product_cat-anvelope-camere","8":"first","9":"instock","10":"shipping-taxable","11":"purchasable","12":"product-type-simple"},"_links":{"self":[{"href":"https:\/\/motovitalex.md\/ru\/wp-json\/wp\/v2\/product\/1885","targetHints":{"allow":["GET"]}}],"collection":[{"href":"https:\/\/motovitalex.md\/ru\/wp-json\/wp\/v2\/product"}],"about":[{"href":"https:\/\/motovitalex.md\/ru\/wp-json\/wp\/v2\/types\/product"}],"version-history":[{"count":3,"href":"https:\/\/motovitalex.md\/ru\/wp-json\/wp\/v2\/product\/1885\/revisions"}],"predecessor-version":[{"id":3618,"href":"https:\/\/motovitalex.md\/ru\/wp-json\/wp\/v2\/product\/1885\/revisions\/3618"}],"wp:featuredmedia":[{"embeddable":true,"href":"https:\/\/motovitalex.md\/ru\/wp-json\/wp\/v2\/media\/1886"}],"wp:attachment":[{"href":"https:\/\/motovitalex.md\/ru\/wp-json\/wp\/v2\/media?parent=1885"}],"wp:term":[{"taxonomy":"product_cat","embeddable":true,"href":"https:\/\/motovitalex.md\/ru\/wp-json\/wp\/v2\/product_cat?post=1885"},{"taxonomy":"product_tag","embeddable":true,"href":"https:\/\/motovitalex.md\/ru\/wp-json\/wp\/v2\/product_tag?post=1885"}],"curies":[{"name":"wp","href":"https:\/\/api.w.org\/{rel}","templated":true}]}}