{"id":1875,"date":"2024-12-23T11:37:12","date_gmt":"2024-12-23T11:37:12","guid":{"rendered":"https:\/\/motovitalex.md\/?post_type=product&#038;p=1875"},"modified":"2024-12-26T20:09:25","modified_gmt":"2024-12-26T20:09:25","slug":"treapta-de-viteza-fata-inapoi-z-43-pentru-cutie-de-viteze-6","status":"publish","type":"product","link":"https:\/\/motovitalex.md\/ru\/product\/treapta-de-viteza-fata-inapoi-z-43-pentru-cutie-de-viteze-6\/","title":{"rendered":"Treapta de vitez\u0103 fa\u021b\u0103\/\u00eenapoi Z-43  pentru cutie de viteze\/6"},"content":{"rendered":"<p>Treapta condus\u0103 fa\u021b\u0103\/mar\u0219arier Z-43\u00a0 pe cutia de viteze\/6 este destinat\u0103 utiliz\u0103rii la cutiile de viteze ale tractoarelor cu mers \u00een spate \u0219i autotractoarelor cu motoare diesel cu o putere de 7\/8\/10\/12 CP. si racire cu apa. Acest angrenaj este potrivit pentru instalare pe o transmisie cu \u0219ase trepte.<\/p>\n<p><strong> Caracteristici ale treptei de vitez\u0103 \u00eenainte\/\u00eenapoi Z-43 TATA la cutia de viteze\/6:<\/strong><\/p>\n<p>\u25cf Diametru exterior: 113 mm.<\/p>\n<p>\u25cf Diametru pl\u0103cu\u021b\u0103 de fr\u00e2n\u0103: 85 mm.<\/p>\n<p>\u25cf Diametru caneluri: 21\/25.<\/p>\n<p>\u25cf Latime: 25 mm.<\/p>\n<p>\u25cf Numar dinti: 43 buc.<\/p>\n<p>\u25cf Greutate: 840 grame.<\/p>","protected":false},"excerpt":{"rendered":"<p>Treapta condus\u0103 fa\u021b\u0103\/mar\u0219arier Z-43\u00a0 pe cutia de viteze\/6 este destinat\u0103 utiliz\u0103rii la cutiile de viteze ale tractoarelor cu mers \u00een spate \u0219i autotractoarelor cu motoare diesel cu o putere de 7\/8\/10\/12 CP. si racire cu apa. Acest angrenaj este potrivit pentru instalare pe o transmisie cu \u0219ase trepte. Caracteristici ale treptei de vitez\u0103 \u00eenainte\/\u00eenapoi Z-43&hellip;<\/p>","protected":false},"featured_media":1876,"template":"","meta":[],"product_cat":[87,64],"product_tag":[],"class_list":{"0":"post-1875","1":"product","2":"type-product","3":"status-publish","4":"has-post-thumbnail","6":"product_cat-piese-pentru-cutie-de-viteza-6-trepte","7":"product_cat-piese-auto","9":"first","10":"instock","11":"shipping-taxable","12":"product-type-simple"},"_links":{"self":[{"href":"https:\/\/motovitalex.md\/ru\/wp-json\/wp\/v2\/product\/1875","targetHints":{"allow":["GET"]}}],"collection":[{"href":"https:\/\/motovitalex.md\/ru\/wp-json\/wp\/v2\/product"}],"about":[{"href":"https:\/\/motovitalex.md\/ru\/wp-json\/wp\/v2\/types\/product"}],"version-history":[{"count":1,"href":"https:\/\/motovitalex.md\/ru\/wp-json\/wp\/v2\/product\/1875\/revisions"}],"predecessor-version":[{"id":1877,"href":"https:\/\/motovitalex.md\/ru\/wp-json\/wp\/v2\/product\/1875\/revisions\/1877"}],"wp:featuredmedia":[{"embeddable":true,"href":"https:\/\/motovitalex.md\/ru\/wp-json\/wp\/v2\/media\/1876"}],"wp:attachment":[{"href":"https:\/\/motovitalex.md\/ru\/wp-json\/wp\/v2\/media?parent=1875"}],"wp:term":[{"taxonomy":"product_cat","embeddable":true,"href":"https:\/\/motovitalex.md\/ru\/wp-json\/wp\/v2\/product_cat?post=1875"},{"taxonomy":"product_tag","embeddable":true,"href":"https:\/\/motovitalex.md\/ru\/wp-json\/wp\/v2\/product_tag?post=1875"}],"curies":[{"name":"wp","href":"https:\/\/api.w.org\/{rel}","templated":true}]}}