{"id":1869,"date":"2024-12-23T11:27:51","date_gmt":"2024-12-23T11:27:51","guid":{"rendered":"https:\/\/motovitalex.md\/?post_type=product&#038;p=1869"},"modified":"2024-12-26T20:09:39","modified_gmt":"2024-12-26T20:09:39","slug":"treapta-de-transmisie-intermediara-z-47-pentru-cutie-de-viteze-6","status":"publish","type":"product","link":"https:\/\/motovitalex.md\/ru\/product\/treapta-de-transmisie-intermediara-z-47-pentru-cutie-de-viteze-6\/","title":{"rendered":"Treapta de transmisie intermediara Z-47 pentru cutie de viteze\/6"},"content":{"rendered":"<p>Treapta de vitez\u0103 intermediar\u0103 Z-47\u00a0 de pe KPP\/6 este o parte cheie a trenului de viteze. Este proiectat pentru instalarea pe tractoare, mototractoare \u0219i alte ma\u0219ini agricole cu un motor diesel de 7, 8, 10 sau 12 cai putere, r\u0103cit cu ap\u0103, precum \u0219i o cutie de viteze cu 6 trepte \u00eenainte \u0219i 2 \u00eenapoi.<\/p>\n<p><strong> Principalele caracteristici tehnice ale transmisiei intermediare Z-47 pentru cutia de viteze\/6:<\/strong><\/p>\n<p>\u2022 Diametru exterior: 46,5 mm.<\/p>\n<p>\u2022 Diametru interior: 32 mm.<\/p>\n<p>\u2022 Latimea dintilor: 14 mm.<\/p>\n<p>\u2022 Latime totala: 38 mm.<\/p>\n<p>\u2022 Numar de dinti: 47 bucati.<\/p>\n<p>\u2022 Greutate: 1,61 kg.<\/p>\n<p>Aceste caracteristici determin\u0103 dimensiunile \u0219i parametrii transmisiei intermediare Z-47, care sunt necesare pentru func\u021bionarea corect\u0103 a acestuia \u00een cutia de viteze \/6. Treapta intermediar\u0103 de transmisie joac\u0103 un rol important \u00een transmisia \u0219i controlul puterii \u00een interiorul cutiei de viteze. <strong>Dac\u0103 este necesar\u0103 \u00eenlocuirea angrenajului transmisiei intermediare Z-47 pe cutia de viteze\/6, se recomand\u0103 s\u0103 contacta\u021bi speciali\u0219ti sau un centru de service autorizat pentru a v\u0103 asigura c\u0103 este selectat\u0103 \u0219i instalat\u0103 piesa de schimb corect\u0103 pentru modelul dumneavoastr\u0103 de vehicul.<\/strong><\/p>","protected":false},"excerpt":{"rendered":"<p>Treapta de vitez\u0103 intermediar\u0103 Z-47\u00a0 de pe KPP\/6 este o parte cheie a trenului de viteze. Este proiectat pentru instalarea pe tractoare, mototractoare \u0219i alte ma\u0219ini agricole cu un motor diesel de 7, 8, 10 sau 12 cai putere, r\u0103cit cu ap\u0103, precum \u0219i o cutie de viteze cu 6 trepte \u00eenainte \u0219i 2 \u00eenapoi.&hellip;<\/p>","protected":false},"featured_media":1870,"template":"","meta":[],"product_cat":[87,64],"product_tag":[],"class_list":{"0":"post-1869","1":"product","2":"type-product","3":"status-publish","4":"has-post-thumbnail","6":"product_cat-piese-pentru-cutie-de-viteza-6-trepte","7":"product_cat-piese-auto","9":"first","10":"instock","11":"shipping-taxable","12":"product-type-simple"},"_links":{"self":[{"href":"https:\/\/motovitalex.md\/ru\/wp-json\/wp\/v2\/product\/1869","targetHints":{"allow":["GET"]}}],"collection":[{"href":"https:\/\/motovitalex.md\/ru\/wp-json\/wp\/v2\/product"}],"about":[{"href":"https:\/\/motovitalex.md\/ru\/wp-json\/wp\/v2\/types\/product"}],"version-history":[{"count":1,"href":"https:\/\/motovitalex.md\/ru\/wp-json\/wp\/v2\/product\/1869\/revisions"}],"predecessor-version":[{"id":1871,"href":"https:\/\/motovitalex.md\/ru\/wp-json\/wp\/v2\/product\/1869\/revisions\/1871"}],"wp:featuredmedia":[{"embeddable":true,"href":"https:\/\/motovitalex.md\/ru\/wp-json\/wp\/v2\/media\/1870"}],"wp:attachment":[{"href":"https:\/\/motovitalex.md\/ru\/wp-json\/wp\/v2\/media?parent=1869"}],"wp:term":[{"taxonomy":"product_cat","embeddable":true,"href":"https:\/\/motovitalex.md\/ru\/wp-json\/wp\/v2\/product_cat?post=1869"},{"taxonomy":"product_tag","embeddable":true,"href":"https:\/\/motovitalex.md\/ru\/wp-json\/wp\/v2\/product_tag?post=1869"}],"curies":[{"name":"wp","href":"https:\/\/api.w.org\/{rel}","templated":true}]}}