{"id":1866,"date":"2024-12-23T11:22:33","date_gmt":"2024-12-23T11:22:33","guid":{"rendered":"https:\/\/motovitalex.md\/?post_type=product&#038;p=1866"},"modified":"2024-12-26T20:09:47","modified_gmt":"2024-12-26T20:09:47","slug":"treapta-de-antrenare-treapta-1-marsarier-z-16-pentru-cutia-de-viteze-6","status":"publish","type":"product","link":"https:\/\/motovitalex.md\/ru\/product\/treapta-de-antrenare-treapta-1-marsarier-z-16-pentru-cutia-de-viteze-6\/","title":{"rendered":"Treapta de antrenare Treapta 1 mar\u015farier Z-16, pentru cutia de viteze\/6"},"content":{"rendered":"<p>Roata din\u021bat\u0103 care conduce treapta \u00eent\u00e2i \/ mar\u0219arier Z-16 , la punctul de control \/ 6 este destinat\u0103 utiliz\u0103rii la punctul de control al motocultoarelor\u00a0 \u0219i moto-tractoarelor cu motoare diesel cu o putere de 7\/8\/10\/12 CP. si racire cu apa. \u00cendepline\u0219te func\u021bia de transmitere a puterii \u0219i de a controla prima treapt\u0103 de vitez\u0103 sau mar\u0219arier \u00een transmisie.<\/p>\n<p><strong> Caracteristici ale ro\u021bii din\u021bate a treptei \u00eent\u00e2i\/mar\u0219arier Z-16\u00a0 pentru cutia de viteze \/ 6:<\/strong><\/p>\n<p>\u25cf Diametru exterior: 47 mm.<\/p>\n<p>\u25cf Diametrul interior: 23 mm sau 28 mm (in functie de model).<\/p>\n<p>\u25cf Latime: 26 mm.<\/p>\n<p>\u25cf Numar dinti: 16 buc.<\/p>\n<p>\u25cf Greutate: 125 grame.<\/p>\n<p>Aceste caracteristici determin\u0103 dimensiunile \u0219i parametrii angrenajului necesar pentru func\u021bionarea corect\u0103 a acestuia \u00een cutia de viteze \/6. Treapta 1\/mar\u0219arier Z-16 joac\u0103 un rol important \u00een transmisia puterii \u0219i controlul adecvat al treptei \u00een transmisie. <strong>Dac\u0103 este necesar\u0103 \u00eenlocuirea treptei de transmisie \u00eent\u00e2i\/mar\u0219arier Z-16, pe cutia de viteze\/6, se recomand\u0103 s\u0103 contacta\u021bi speciali\u0219ti sau un centru de service autorizat pentru a v\u0103 asigura c\u0103 piesa de schimb adecvat\u0103 este selectat\u0103 \u0219i instalat\u0103 corect pentru modelul dumneavoastr\u0103 de vehicul. .<\/strong><\/p>","protected":false},"excerpt":{"rendered":"<p>Roata din\u021bat\u0103 care conduce treapta \u00eent\u00e2i \/ mar\u0219arier Z-16 , la punctul de control \/ 6 este destinat\u0103 utiliz\u0103rii la punctul de control al motocultoarelor\u00a0 \u0219i moto-tractoarelor cu motoare diesel cu o putere de 7\/8\/10\/12 CP. si racire cu apa. \u00cendepline\u0219te func\u021bia de transmitere a puterii \u0219i de a controla prima treapt\u0103 de vitez\u0103 sau&hellip;<\/p>","protected":false},"featured_media":1867,"template":"","meta":[],"product_cat":[87,64],"product_tag":[],"class_list":{"0":"post-1866","1":"product","2":"type-product","3":"status-publish","4":"has-post-thumbnail","6":"product_cat-piese-pentru-cutie-de-viteza-6-trepte","7":"product_cat-piese-auto","9":"first","10":"instock","11":"shipping-taxable","12":"product-type-simple"},"_links":{"self":[{"href":"https:\/\/motovitalex.md\/ru\/wp-json\/wp\/v2\/product\/1866","targetHints":{"allow":["GET"]}}],"collection":[{"href":"https:\/\/motovitalex.md\/ru\/wp-json\/wp\/v2\/product"}],"about":[{"href":"https:\/\/motovitalex.md\/ru\/wp-json\/wp\/v2\/types\/product"}],"version-history":[{"count":1,"href":"https:\/\/motovitalex.md\/ru\/wp-json\/wp\/v2\/product\/1866\/revisions"}],"predecessor-version":[{"id":1868,"href":"https:\/\/motovitalex.md\/ru\/wp-json\/wp\/v2\/product\/1866\/revisions\/1868"}],"wp:featuredmedia":[{"embeddable":true,"href":"https:\/\/motovitalex.md\/ru\/wp-json\/wp\/v2\/media\/1867"}],"wp:attachment":[{"href":"https:\/\/motovitalex.md\/ru\/wp-json\/wp\/v2\/media?parent=1866"}],"wp:term":[{"taxonomy":"product_cat","embeddable":true,"href":"https:\/\/motovitalex.md\/ru\/wp-json\/wp\/v2\/product_cat?post=1866"},{"taxonomy":"product_tag","embeddable":true,"href":"https:\/\/motovitalex.md\/ru\/wp-json\/wp\/v2\/product_tag?post=1866"}],"curies":[{"name":"wp","href":"https:\/\/api.w.org\/{rel}","templated":true}]}}