{"id":1863,"date":"2024-12-23T11:14:42","date_gmt":"2024-12-23T11:14:42","guid":{"rendered":"https:\/\/motovitalex.md\/?post_type=product&#038;p=1863"},"modified":"2024-12-26T20:09:55","modified_gmt":"2024-12-26T20:09:55","slug":"treapta-condusa-crescatoare-z-15-z-26-pentru-cutia-de-viteze-6","status":"publish","type":"product","link":"https:\/\/motovitalex.md\/ru\/product\/treapta-condusa-crescatoare-z-15-z-26-pentru-cutia-de-viteze-6\/","title":{"rendered":"Treapta condus\u0103 cresc\u0103toare Z-15, Z-26 , pentru cutia de viteze\/6"},"content":{"rendered":"<p>Treapta de vitez\u0103 Z-15, Z-26 ,la cutia de viteze\/6 este proiectat\u0103 pentru a fi utilizat\u0103 \u00eentr-o cutie de viteze cu \u0219ase trepte a tractoarelor \u0219i mototractoarelor. Este responsabil pentru puterea de transmisie \u0219i cre\u0219terea vitezei \u00een transmisie.<\/p>\n<p><strong> Principalele caracteristici tehnice ale angrenajului condus cresc\u0103tor Z-15, Z-26\u00a0 pentru cutia de viteze \/ 6:<\/strong><\/p>\n<p>\u2022 Diametru exterior: 53 mm, 72 mm (difera in functie de model).<\/p>\n<p>\u2022 Diametru interior: 28 mm.<\/p>\n<p>\u2022 Latime: 55 mm.<\/p>\n<p>\u2022 Num\u0103r de din\u021bi: 15, 26 buc. (in functie de model).<\/p>\n<p>\u2022 Greutate: 570 g.<\/p>\n<p>Aceste caracteristici determin\u0103 dimensiunile \u0219i parametrii angrenajului necesar pentru func\u021bionarea corect\u0103 a acestuia \u00een cutia de viteze \/6. <strong>C\u00e2nd \u00eenlocui\u021bi sau instala\u021bi un nou angrenaj, se recomand\u0103 s\u0103 contacta\u021bi un specialist sau un centru de service autorizat pentru a v\u0103 asigura c\u0103 alegerea \u0219i instalarea corect\u0103 a piesei potrivite pentru modelul dvs. de vehicul.<\/strong><\/p>","protected":false},"excerpt":{"rendered":"<p>Treapta de vitez\u0103 Z-15, Z-26 ,la cutia de viteze\/6 este proiectat\u0103 pentru a fi utilizat\u0103 \u00eentr-o cutie de viteze cu \u0219ase trepte a tractoarelor \u0219i mototractoarelor. Este responsabil pentru puterea de transmisie \u0219i cre\u0219terea vitezei \u00een transmisie. Principalele caracteristici tehnice ale angrenajului condus cresc\u0103tor Z-15, Z-26\u00a0 pentru cutia de viteze \/ 6: \u2022 Diametru exterior:&hellip;<\/p>","protected":false},"featured_media":1864,"template":"","meta":[],"product_cat":[87,64],"product_tag":[],"class_list":{"0":"post-1863","1":"product","2":"type-product","3":"status-publish","4":"has-post-thumbnail","6":"product_cat-piese-pentru-cutie-de-viteza-6-trepte","7":"product_cat-piese-auto","9":"first","10":"instock","11":"shipping-taxable","12":"product-type-simple"},"_links":{"self":[{"href":"https:\/\/motovitalex.md\/ru\/wp-json\/wp\/v2\/product\/1863","targetHints":{"allow":["GET"]}}],"collection":[{"href":"https:\/\/motovitalex.md\/ru\/wp-json\/wp\/v2\/product"}],"about":[{"href":"https:\/\/motovitalex.md\/ru\/wp-json\/wp\/v2\/types\/product"}],"version-history":[{"count":1,"href":"https:\/\/motovitalex.md\/ru\/wp-json\/wp\/v2\/product\/1863\/revisions"}],"predecessor-version":[{"id":1865,"href":"https:\/\/motovitalex.md\/ru\/wp-json\/wp\/v2\/product\/1863\/revisions\/1865"}],"wp:featuredmedia":[{"embeddable":true,"href":"https:\/\/motovitalex.md\/ru\/wp-json\/wp\/v2\/media\/1864"}],"wp:attachment":[{"href":"https:\/\/motovitalex.md\/ru\/wp-json\/wp\/v2\/media?parent=1863"}],"wp:term":[{"taxonomy":"product_cat","embeddable":true,"href":"https:\/\/motovitalex.md\/ru\/wp-json\/wp\/v2\/product_cat?post=1863"},{"taxonomy":"product_tag","embeddable":true,"href":"https:\/\/motovitalex.md\/ru\/wp-json\/wp\/v2\/product_tag?post=1863"}],"curies":[{"name":"wp","href":"https:\/\/api.w.org\/{rel}","templated":true}]}}