{"id":1853,"date":"2024-12-23T11:02:00","date_gmt":"2024-12-23T11:02:00","guid":{"rendered":"https:\/\/motovitalex.md\/?post_type=product&#038;p=1853"},"modified":"2024-12-26T20:10:19","modified_gmt":"2024-12-26T20:10:19","slug":"sabot-frana-1-marsarier-cutie-de-viteze-6","status":"publish","type":"product","link":"https:\/\/motovitalex.md\/ru\/product\/sabot-frana-1-marsarier-cutie-de-viteze-6\/","title":{"rendered":"Sabot fr\u00e2n\u0103 1\/mar\u0219arier &#8211; Cutie de viteze\/6"},"content":{"rendered":"<p>Sabotul de fr\u00e2n\u0103 \u00een treapta \u00eent\u00e2i\/mar\u0219arier &#8211; cutie de viteze \/ 6,este potrivit pentru cutiile de viteze ale tractoarelor cu mers \u00een spate \u0219i motoarelor echipate cu motoare diesel de 7\/8\/10\/12 CP. cu racire cu apa.<\/p>\n<p>Material &#8211; font\u0103.<\/p>\n<p>Diametrul exterior (mm) &#8211; 85<\/p>","protected":false},"excerpt":{"rendered":"<p>Sabotul de fr\u00e2n\u0103 \u00een treapta \u00eent\u00e2i\/mar\u0219arier &#8211; cutie de viteze \/ 6,este potrivit pentru cutiile de viteze ale tractoarelor cu mers \u00een spate \u0219i motoarelor echipate cu motoare diesel de 7\/8\/10\/12 CP. cu racire cu apa. Material &#8211; font\u0103. Diametrul exterior (mm) &#8211; 85<\/p>","protected":false},"featured_media":1854,"template":"","meta":[],"product_cat":[87,64],"product_tag":[],"class_list":{"0":"post-1853","1":"product","2":"type-product","3":"status-publish","4":"has-post-thumbnail","6":"product_cat-piese-pentru-cutie-de-viteza-6-trepte","7":"product_cat-piese-auto","9":"first","10":"instock","11":"shipping-taxable","12":"product-type-simple"},"_links":{"self":[{"href":"https:\/\/motovitalex.md\/ru\/wp-json\/wp\/v2\/product\/1853","targetHints":{"allow":["GET"]}}],"collection":[{"href":"https:\/\/motovitalex.md\/ru\/wp-json\/wp\/v2\/product"}],"about":[{"href":"https:\/\/motovitalex.md\/ru\/wp-json\/wp\/v2\/types\/product"}],"version-history":[{"count":2,"href":"https:\/\/motovitalex.md\/ru\/wp-json\/wp\/v2\/product\/1853\/revisions"}],"predecessor-version":[{"id":1856,"href":"https:\/\/motovitalex.md\/ru\/wp-json\/wp\/v2\/product\/1853\/revisions\/1856"}],"wp:featuredmedia":[{"embeddable":true,"href":"https:\/\/motovitalex.md\/ru\/wp-json\/wp\/v2\/media\/1854"}],"wp:attachment":[{"href":"https:\/\/motovitalex.md\/ru\/wp-json\/wp\/v2\/media?parent=1853"}],"wp:term":[{"taxonomy":"product_cat","embeddable":true,"href":"https:\/\/motovitalex.md\/ru\/wp-json\/wp\/v2\/product_cat?post=1853"},{"taxonomy":"product_tag","embeddable":true,"href":"https:\/\/motovitalex.md\/ru\/wp-json\/wp\/v2\/product_tag?post=1853"}],"curies":[{"name":"wp","href":"https:\/\/api.w.org\/{rel}","templated":true}]}}