{"id":1820,"date":"2024-12-22T12:22:57","date_gmt":"2024-12-22T12:22:57","guid":{"rendered":"https:\/\/motovitalex.md\/?post_type=product&#038;p=1820"},"modified":"2024-12-26T20:11:06","modified_gmt":"2024-12-26T20:11:06","slug":"furca-blocare-diferential-pentru-cutie-de-viteze-6","status":"publish","type":"product","link":"https:\/\/motovitalex.md\/ru\/product\/furca-blocare-diferential-pentru-cutie-de-viteze-6\/","title":{"rendered":"Furc\u0103 blocare diferen\u021bial  pentru cutie de viteze\/6"},"content":{"rendered":"<p>Furca de blocare a diferen\u021bialului\u00a0 pe cutia de viteze\/6 este proiectat\u0103 pentru utilizarea \u00een cutiile de viteze ale motocultoarelor\u00a0 \u0219i tractoarelor cu motoare diesel de 7\/8\/10\/12 cai putere, r\u0103cite cu ap\u0103.<\/p>\n<p><strong>Aceast\u0103 furc\u0103 are urm\u0103toarele caracteristici:<\/strong><\/p>\n<p>-lungimea este de 165 mm, diametrul axei este de 14 mm,<\/p>\n<p>-greutatea este de 230 de grame.<\/p>\n<p>Furca de blocare a diferen\u0163ialului este o parte important\u0103 a transmisiei, care v\u0103 permite s\u0103 bloca\u0163i diferen\u0163ialul pentru a \u00eembun\u0103t\u0103\u0163i trac\u0163iunea \u015fi controlabilitatea unui tractor cu mers \u00een spate sau a unui tractor cu motor. Ofer\u0103 o func\u021bionare fiabil\u0103 \u0219i precis\u0103 a bloc\u0103rii diferen\u021bialului, care este util\u0103 \u00een special atunci c\u00e2nd se lucreaz\u0103 \u00een condi\u021bii dificile sau pe teren accidentat.<\/p>","protected":false},"excerpt":{"rendered":"<p>Furca de blocare a diferen\u021bialului\u00a0 pe cutia de viteze\/6 este proiectat\u0103 pentru utilizarea \u00een cutiile de viteze ale motocultoarelor\u00a0 \u0219i tractoarelor cu motoare diesel de 7\/8\/10\/12 cai putere, r\u0103cite cu ap\u0103. Aceast\u0103 furc\u0103 are urm\u0103toarele caracteristici: -lungimea este de 165 mm, diametrul axei este de 14 mm, -greutatea este de 230 de grame. Furca de&hellip;<\/p>","protected":false},"featured_media":1821,"template":"","meta":[],"product_cat":[87,64],"product_tag":[],"class_list":{"0":"post-1820","1":"product","2":"type-product","3":"status-publish","4":"has-post-thumbnail","6":"product_cat-piese-pentru-cutie-de-viteza-6-trepte","7":"product_cat-piese-auto","9":"first","10":"instock","11":"shipping-taxable","12":"product-type-simple"},"_links":{"self":[{"href":"https:\/\/motovitalex.md\/ru\/wp-json\/wp\/v2\/product\/1820","targetHints":{"allow":["GET"]}}],"collection":[{"href":"https:\/\/motovitalex.md\/ru\/wp-json\/wp\/v2\/product"}],"about":[{"href":"https:\/\/motovitalex.md\/ru\/wp-json\/wp\/v2\/types\/product"}],"version-history":[{"count":1,"href":"https:\/\/motovitalex.md\/ru\/wp-json\/wp\/v2\/product\/1820\/revisions"}],"predecessor-version":[{"id":1822,"href":"https:\/\/motovitalex.md\/ru\/wp-json\/wp\/v2\/product\/1820\/revisions\/1822"}],"wp:featuredmedia":[{"embeddable":true,"href":"https:\/\/motovitalex.md\/ru\/wp-json\/wp\/v2\/media\/1821"}],"wp:attachment":[{"href":"https:\/\/motovitalex.md\/ru\/wp-json\/wp\/v2\/media?parent=1820"}],"wp:term":[{"taxonomy":"product_cat","embeddable":true,"href":"https:\/\/motovitalex.md\/ru\/wp-json\/wp\/v2\/product_cat?post=1820"},{"taxonomy":"product_tag","embeddable":true,"href":"https:\/\/motovitalex.md\/ru\/wp-json\/wp\/v2\/product_tag?post=1820"}],"curies":[{"name":"wp","href":"https:\/\/api.w.org\/{rel}","templated":true}]}}