{"id":1814,"date":"2024-12-22T12:15:15","date_gmt":"2024-12-22T12:15:15","guid":{"rendered":"https:\/\/motovitalex.md\/?post_type=product&#038;p=1814"},"modified":"2024-12-26T20:11:18","modified_gmt":"2024-12-26T20:11:18","slug":"carcasa-rulmentului-axului-kpp-6","status":"publish","type":"product","link":"https:\/\/motovitalex.md\/ru\/product\/carcasa-rulmentului-axului-kpp-6\/","title":{"rendered":"Carcasa rulmentului axului  KPP\/6"},"content":{"rendered":"<p>Carcasa lag\u0103rului cu jum\u0103tate de arbore\u00a0 de pe KPP\/6 MFC este o pies\u0103 special\u0103 conceput\u0103 pentru a instala rulmentul cu elemente de fixare \u0219i g\u0103uri speciale pentru fixare \u0219i protec\u021bie \u00eempotriva daunelor externe. Acest model de caroserie\u00a0 MFC este potrivit pentru utilizarea pe motocultoarelor\u00a0 \u0219i tractoare cu motor cu motoare diesel de 7\/8\/10\/12 cai putere, r\u0103cite cu ap\u0103.<\/p>\n<p>Carcasa ambreiajului este goal\u0103, proiectat\u0103 pentru a instala curele cu profil \u201eB\u201d. Materialul corpului este din font\u0103. Cutia de viteze are 6 trepte \u00eenainte \u0219i 2 \u00eenapoi.<\/p>\n<p><strong> Principalele caracteristici ale carcasei rulmentului de semi-ax\u00a0 pe cutia de viteze \/ 6 MFC:<\/strong><\/p>\n<p>\u2022 Diametru exterior: 95 mm.<\/p>\n<p>\u2022 Diametru interior: 80 mm.<\/p>\n<p>\u2022 \u00cen\u0103l\u021bime: 106 mm.<\/p>\n<p>\u2022 Diametru g\u0103uri pentru \u0219uruburi: 11 mm.<\/p>\n<p>\u2022 Distan\u021b\u0103 \u00eentre \u0219uruburi pe centrele g\u0103urilor: 75\/75, 85\/85 mm.<\/p>\n<p>\u2022 Greutate: 1950 grame.<\/p>\n<p>Aceast\u0103 carcas\u0103 este o parte important\u0103 a transmisiei, asigur\u00e2nd func\u021bionarea corect\u0103 a arborelui pun\u021bii \u0219i a rulmentului. Are un design robust \u0219i ofer\u0103 protec\u021bie \u0219i fixare fiabil\u0103 a rulmentului, ceea ce contribuie la func\u021bionarea \u00eendelungat\u0103 \u0219i eficient\u0103 a tractorului cu mers \u00een spate sau a tractorului cu motor.<\/p>","protected":false},"excerpt":{"rendered":"<p>Carcasa lag\u0103rului cu jum\u0103tate de arbore\u00a0 de pe KPP\/6 MFC este o pies\u0103 special\u0103 conceput\u0103 pentru a instala rulmentul cu elemente de fixare \u0219i g\u0103uri speciale pentru fixare \u0219i protec\u021bie \u00eempotriva daunelor externe. Acest model de caroserie\u00a0 MFC este potrivit pentru utilizarea pe motocultoarelor\u00a0 \u0219i tractoare cu motor cu motoare diesel de 7\/8\/10\/12 cai putere,&hellip;<\/p>","protected":false},"featured_media":1815,"template":"","meta":[],"product_cat":[87,64],"product_tag":[],"class_list":{"0":"post-1814","1":"product","2":"type-product","3":"status-publish","4":"has-post-thumbnail","6":"product_cat-piese-pentru-cutie-de-viteza-6-trepte","7":"product_cat-piese-auto","9":"first","10":"instock","11":"shipping-taxable","12":"product-type-simple"},"_links":{"self":[{"href":"https:\/\/motovitalex.md\/ru\/wp-json\/wp\/v2\/product\/1814","targetHints":{"allow":["GET"]}}],"collection":[{"href":"https:\/\/motovitalex.md\/ru\/wp-json\/wp\/v2\/product"}],"about":[{"href":"https:\/\/motovitalex.md\/ru\/wp-json\/wp\/v2\/types\/product"}],"version-history":[{"count":1,"href":"https:\/\/motovitalex.md\/ru\/wp-json\/wp\/v2\/product\/1814\/revisions"}],"predecessor-version":[{"id":1816,"href":"https:\/\/motovitalex.md\/ru\/wp-json\/wp\/v2\/product\/1814\/revisions\/1816"}],"wp:featuredmedia":[{"embeddable":true,"href":"https:\/\/motovitalex.md\/ru\/wp-json\/wp\/v2\/media\/1815"}],"wp:attachment":[{"href":"https:\/\/motovitalex.md\/ru\/wp-json\/wp\/v2\/media?parent=1814"}],"wp:term":[{"taxonomy":"product_cat","embeddable":true,"href":"https:\/\/motovitalex.md\/ru\/wp-json\/wp\/v2\/product_cat?post=1814"},{"taxonomy":"product_tag","embeddable":true,"href":"https:\/\/motovitalex.md\/ru\/wp-json\/wp\/v2\/product_tag?post=1814"}],"curies":[{"name":"wp","href":"https:\/\/api.w.org\/{rel}","templated":true}]}}