{"id":1811,"date":"2024-12-22T12:10:49","date_gmt":"2024-12-22T12:10:49","guid":{"rendered":"https:\/\/motovitalex.md\/?post_type=product&#038;p=1811"},"modified":"2024-12-26T20:11:26","modified_gmt":"2024-12-26T20:11:26","slug":"carcasa-furca-diferential-cutie-de-viteze-6","status":"publish","type":"product","link":"https:\/\/motovitalex.md\/ru\/product\/carcasa-furca-diferential-cutie-de-viteze-6\/","title":{"rendered":"Carcas\u0103 furc\u0103 diferen\u0163ial &#8211; cutie de viteze\/6"},"content":{"rendered":"<p>Carcasa furcii diferen\u021biale &#8211; cutie de viteze \/ 6 este potrivit\u0103 pentru cutiile de viteze ale tractoarelor cu mers \u00een spatele \u0219i motoarelor echipate cu motoare diesel de 7\/8\/10\/12 CP. cu racire cu apa.<\/p>\n<p>Distan\u021ba dintre centrele \u00eentre bol\u021buri (mm) &#8211; 41,5<\/p>\n<p>\u00cen\u0103l\u021bimea total\u0103 (mm) &#8211; 55<\/p>\n<p>Diametrul exterior (mm) &#8211; 24<\/p>\n<p>Diametrul interior (mm) &#8211; 14<\/p>\n<p>Greutate (gr.) &#8211; 157<\/p>","protected":false},"excerpt":{"rendered":"<p>Carcasa furcii diferen\u021biale &#8211; cutie de viteze \/ 6 este potrivit\u0103 pentru cutiile de viteze ale tractoarelor cu mers \u00een spatele \u0219i motoarelor echipate cu motoare diesel de 7\/8\/10\/12 CP. cu racire cu apa. Distan\u021ba dintre centrele \u00eentre bol\u021buri (mm) &#8211; 41,5 \u00cen\u0103l\u021bimea total\u0103 (mm) &#8211; 55 Diametrul exterior (mm) &#8211; 24 Diametrul interior (mm)&hellip;<\/p>","protected":false},"featured_media":1812,"template":"","meta":[],"product_cat":[87,64],"product_tag":[],"class_list":{"0":"post-1811","1":"product","2":"type-product","3":"status-publish","4":"has-post-thumbnail","6":"product_cat-piese-pentru-cutie-de-viteza-6-trepte","7":"product_cat-piese-auto","9":"first","10":"instock","11":"shipping-taxable","12":"product-type-simple"},"_links":{"self":[{"href":"https:\/\/motovitalex.md\/ru\/wp-json\/wp\/v2\/product\/1811","targetHints":{"allow":["GET"]}}],"collection":[{"href":"https:\/\/motovitalex.md\/ru\/wp-json\/wp\/v2\/product"}],"about":[{"href":"https:\/\/motovitalex.md\/ru\/wp-json\/wp\/v2\/types\/product"}],"version-history":[{"count":1,"href":"https:\/\/motovitalex.md\/ru\/wp-json\/wp\/v2\/product\/1811\/revisions"}],"predecessor-version":[{"id":1813,"href":"https:\/\/motovitalex.md\/ru\/wp-json\/wp\/v2\/product\/1811\/revisions\/1813"}],"wp:featuredmedia":[{"embeddable":true,"href":"https:\/\/motovitalex.md\/ru\/wp-json\/wp\/v2\/media\/1812"}],"wp:attachment":[{"href":"https:\/\/motovitalex.md\/ru\/wp-json\/wp\/v2\/media?parent=1811"}],"wp:term":[{"taxonomy":"product_cat","embeddable":true,"href":"https:\/\/motovitalex.md\/ru\/wp-json\/wp\/v2\/product_cat?post=1811"},{"taxonomy":"product_tag","embeddable":true,"href":"https:\/\/motovitalex.md\/ru\/wp-json\/wp\/v2\/product_tag?post=1811"}],"curies":[{"name":"wp","href":"https:\/\/api.w.org\/{rel}","templated":true}]}}