{"id":1808,"date":"2024-12-22T12:08:35","date_gmt":"2024-12-22T12:08:35","guid":{"rendered":"https:\/\/motovitalex.md\/?post_type=product&#038;p=1808"},"modified":"2024-12-26T20:11:33","modified_gmt":"2024-12-26T20:11:33","slug":"carcasa-cutiei-de-viteze-de-fixare-pe-semicadru-cutie-de-viteze-cu-5-suruburi-6","status":"publish","type":"product","link":"https:\/\/motovitalex.md\/ru\/product\/carcasa-cutiei-de-viteze-de-fixare-pe-semicadru-cutie-de-viteze-cu-5-suruburi-6\/","title":{"rendered":"Carcasa cutiei de viteze  de fixare pe semicadru &#8211; cutie de viteze cu 5 \u0219uruburi \/ 6"},"content":{"rendered":"<p>Carcasa cutiei de viteze (fixare pe semicadru &#8211; 5 \u0219uruburi) Cutia de viteze \/ 6 este o pies\u0103 special\u0103 realizat\u0103 pentru un anumit element cu elemente de fixare, g\u0103uri speciale pentru fixarea elementului \u0219i protejarea acestuia de deteriorarea exterioar\u0103. Carcasa cutiei de viteze este una dintre cele mai importante unit\u0103\u021bi de transmisie, potrivit\u0103 pentru cutiile de viteze ale motocultoarelor \u0219i motoarelor echipate cu motoare diesel de 7\/8\/10\/12 CP. cu racire cu apa. Fabricat din font\u0103. Fixarea \u00eentre \u0219uruburi a ciorapei \u00een diagonal\u0103 este de 120 mm.<\/p>\n<p><strong>Cutia de viteze este proiectat\u0103 pentru mai multe sarcini<\/strong>:<\/p>\n<p>\u2022 modific\u0103ri de cuplu;<\/p>\n<p>\u2022 schimb\u0103ri de vitez\u0103;<\/p>\n<p>\u2022 corectarea sensului de deplasare al vehiculului;<\/p>\n<p>\u2022 separarea motorului cu ardere intern\u0103 \u0219i transmisiei \u0219i, dimpotriv\u0103, conectarea acestora;<\/p>\n<p>\u2022 blocarea hidrotransformatorului.<\/p>","protected":false},"excerpt":{"rendered":"<p>Carcasa cutiei de viteze (fixare pe semicadru &#8211; 5 \u0219uruburi) Cutia de viteze \/ 6 este o pies\u0103 special\u0103 realizat\u0103 pentru un anumit element cu elemente de fixare, g\u0103uri speciale pentru fixarea elementului \u0219i protejarea acestuia de deteriorarea exterioar\u0103. Carcasa cutiei de viteze este una dintre cele mai importante unit\u0103\u021bi de transmisie, potrivit\u0103 pentru cutiile&hellip;<\/p>","protected":false},"featured_media":1809,"template":"","meta":[],"product_cat":[87,64],"product_tag":[],"class_list":{"0":"post-1808","1":"product","2":"type-product","3":"status-publish","4":"has-post-thumbnail","6":"product_cat-piese-pentru-cutie-de-viteza-6-trepte","7":"product_cat-piese-auto","9":"first","10":"instock","11":"shipping-taxable","12":"product-type-simple"},"_links":{"self":[{"href":"https:\/\/motovitalex.md\/ru\/wp-json\/wp\/v2\/product\/1808","targetHints":{"allow":["GET"]}}],"collection":[{"href":"https:\/\/motovitalex.md\/ru\/wp-json\/wp\/v2\/product"}],"about":[{"href":"https:\/\/motovitalex.md\/ru\/wp-json\/wp\/v2\/types\/product"}],"version-history":[{"count":1,"href":"https:\/\/motovitalex.md\/ru\/wp-json\/wp\/v2\/product\/1808\/revisions"}],"predecessor-version":[{"id":1810,"href":"https:\/\/motovitalex.md\/ru\/wp-json\/wp\/v2\/product\/1808\/revisions\/1810"}],"wp:featuredmedia":[{"embeddable":true,"href":"https:\/\/motovitalex.md\/ru\/wp-json\/wp\/v2\/media\/1809"}],"wp:attachment":[{"href":"https:\/\/motovitalex.md\/ru\/wp-json\/wp\/v2\/media?parent=1808"}],"wp:term":[{"taxonomy":"product_cat","embeddable":true,"href":"https:\/\/motovitalex.md\/ru\/wp-json\/wp\/v2\/product_cat?post=1808"},{"taxonomy":"product_tag","embeddable":true,"href":"https:\/\/motovitalex.md\/ru\/wp-json\/wp\/v2\/product_tag?post=1808"}],"curies":[{"name":"wp","href":"https:\/\/api.w.org\/{rel}","templated":true}]}}