{"id":1801,"date":"2024-12-22T11:52:22","date_gmt":"2024-12-22T11:52:22","guid":{"rendered":"https:\/\/motovitalex.md\/?post_type=product&#038;p=1801"},"modified":"2024-12-26T20:11:48","modified_gmt":"2024-12-26T20:11:48","slug":"capacul-superior-al-carcasei-cutiei-de-viteze-pentru-cutia-de-viteze-6-2-orificii","status":"publish","type":"product","link":"https:\/\/motovitalex.md\/ru\/product\/capacul-superior-al-carcasei-cutiei-de-viteze-pentru-cutia-de-viteze-6-2-orificii\/","title":{"rendered":"Capacul superior al carcasei cutiei de viteze ,pentru cutia de viteze\/6, 2 orificii"},"content":{"rendered":"<p>Capacul carcasei superioare a cutiei de viteze (2 orificii) , cutia de viteze \/6 este o pies\u0103 care \u00eendepline\u0219te func\u021bia de a proteja piesele importante de corpurile str\u0103ine care p\u0103trund \u00een interiorul mecanismului.<\/p>\n<p>Aceast\u0103 pies\u0103 de schimb este potrivit\u0103 pentru blocuri de motoare \u0219i mototractoare cu motoare diesel R180, R192 \u0219i R195 (N180, N192, N195), 7\/8\/10\/12 CP. si racire cu apa.<\/p>\n<p>Cutie de viteze 6 \u00eenainte \u0219i 2 \u00eenapoi. Materialul corpurilor componente este fonta.<\/p>","protected":false},"excerpt":{"rendered":"<p>Capacul carcasei superioare a cutiei de viteze (2 orificii) , cutia de viteze \/6 este o pies\u0103 care \u00eendepline\u0219te func\u021bia de a proteja piesele importante de corpurile str\u0103ine care p\u0103trund \u00een interiorul mecanismului. Aceast\u0103 pies\u0103 de schimb este potrivit\u0103 pentru blocuri de motoare \u0219i mototractoare cu motoare diesel R180, R192 \u0219i R195 (N180, N192, N195),&hellip;<\/p>","protected":false},"featured_media":1802,"template":"","meta":[],"product_cat":[87,64],"product_tag":[],"class_list":{"0":"post-1801","1":"product","2":"type-product","3":"status-publish","4":"has-post-thumbnail","6":"product_cat-piese-pentru-cutie-de-viteza-6-trepte","7":"product_cat-piese-auto","9":"first","10":"instock","11":"shipping-taxable","12":"product-type-simple"},"_links":{"self":[{"href":"https:\/\/motovitalex.md\/ru\/wp-json\/wp\/v2\/product\/1801","targetHints":{"allow":["GET"]}}],"collection":[{"href":"https:\/\/motovitalex.md\/ru\/wp-json\/wp\/v2\/product"}],"about":[{"href":"https:\/\/motovitalex.md\/ru\/wp-json\/wp\/v2\/types\/product"}],"version-history":[{"count":1,"href":"https:\/\/motovitalex.md\/ru\/wp-json\/wp\/v2\/product\/1801\/revisions"}],"predecessor-version":[{"id":1803,"href":"https:\/\/motovitalex.md\/ru\/wp-json\/wp\/v2\/product\/1801\/revisions\/1803"}],"wp:featuredmedia":[{"embeddable":true,"href":"https:\/\/motovitalex.md\/ru\/wp-json\/wp\/v2\/media\/1802"}],"wp:attachment":[{"href":"https:\/\/motovitalex.md\/ru\/wp-json\/wp\/v2\/media?parent=1801"}],"wp:term":[{"taxonomy":"product_cat","embeddable":true,"href":"https:\/\/motovitalex.md\/ru\/wp-json\/wp\/v2\/product_cat?post=1801"},{"taxonomy":"product_tag","embeddable":true,"href":"https:\/\/motovitalex.md\/ru\/wp-json\/wp\/v2\/product_tag?post=1801"}],"curies":[{"name":"wp","href":"https:\/\/api.w.org\/{rel}","templated":true}]}}