{"id":1777,"date":"2024-12-22T11:22:36","date_gmt":"2024-12-22T11:22:36","guid":{"rendered":"https:\/\/motovitalex.md\/?post_type=product&#038;p=1777"},"modified":"2024-12-26T19:48:45","modified_gmt":"2024-12-26T19:48:45","slug":"toba-de-toba-pentru-motor-pe-benzina-168f","status":"publish","type":"product","link":"https:\/\/motovitalex.md\/ru\/product\/toba-de-toba-pentru-motor-pe-benzina-168f\/","title":{"rendered":"Toba de esapament  pentru motor pe benzina 168F"},"content":{"rendered":"<p>Toba de esapament pentru motor pe benzina 168F &#8211; un dispozitiv care reduce zgomotul produs de unitatea de putere in timpul functionarii acesteia. Pe l\u00e2ng\u0103 func\u021bia sa principal\u0103, are o serie de avantaje suplimentare.<\/p>\n<p><strong>Avantaje<\/strong><\/p>\n<p>-Principalul avantaj este reducerea zgomotului. F\u0103r\u0103 amortizor, motorul pe benzin\u0103 al unui tractor cu mers pe jos creeaz\u0103 un sunet destul de puternic, care poate fi nu numai nepl\u0103cut pentru al\u021bii, ci \u0219i d\u0103un\u0103tor s\u0103n\u0103t\u0103\u021bii umane. Acest dispozitiv ajut\u0103 la reducerea nivelului de zgomot la un nivel acceptabil, ceea ce \u00eembun\u0103t\u0103\u021be\u0219te condi\u021biile de lucru pentru utilizatorul tractorului \u0219i cei din jur.<\/p>\n<p><strong>Beneficiile suplimentare includ:<\/strong><\/p>\n<p>\u2022 Reducerea nivelului de emisii de substante nocive. F\u0103r\u0103 e\u0219apament, unitatea de putere emite mai mult dioxid de carbon \u0219i monoxid de carbon, ceea ce poate avea un impact negativ asupra mediului. Utilizarea dispozitivului reduce cantitatea de emisii nocive, ceea ce \u00eel face mai ecologic.<\/p>\n<p>\u2022 Cre\u0219terea puterii motorului. F\u0103r\u0103 amortizor, motorul tractorului cu mers pe jos func\u021bioneaz\u0103 mai pu\u021bin eficient, deoarece cea mai mare parte a energiei este cheltuit\u0103 pentru producerea de zgomot \u0219i emisiile de substan\u021be nocive. Instalarea unui dispozitiv de fixare ajut\u0103 la reducerea acestor pierderi \u0219i la cre\u0219terea puterii motorului.<\/p>\n<p>\u2022 Protec\u021bia utilizatorului blocului motor de efectele nocive ale zgomotului \u0219i emisiilor. Expunerea prelungit\u0103 la zgomot puternic \u0219i la substan\u021be nocive afecteaz\u0103 negativ s\u0103n\u0103tatea uman\u0103. Toba de e\u0219apament reduce aceste riscuri \u0219i ofer\u0103 un mediu de lucru mai sigur<\/p>","protected":false},"excerpt":{"rendered":"<p>Toba de esapament pentru motor pe benzina 168F &#8211; un dispozitiv care reduce zgomotul produs de unitatea de putere in timpul functionarii acesteia. Pe l\u00e2ng\u0103 func\u021bia sa principal\u0103, are o serie de avantaje suplimentare. Avantaje -Principalul avantaj este reducerea zgomotului. F\u0103r\u0103 amortizor, motorul pe benzin\u0103 al unui tractor cu mers pe jos creeaz\u0103 un sunet&hellip;<\/p>","protected":false},"featured_media":1778,"template":"","meta":[],"product_cat":[86],"product_tag":[],"class_list":{"0":"post-1777","1":"product","2":"type-product","3":"status-publish","4":"has-post-thumbnail","6":"product_cat-168f-170f","8":"first","9":"instock","10":"shipping-taxable","11":"product-type-simple"},"_links":{"self":[{"href":"https:\/\/motovitalex.md\/ru\/wp-json\/wp\/v2\/product\/1777","targetHints":{"allow":["GET"]}}],"collection":[{"href":"https:\/\/motovitalex.md\/ru\/wp-json\/wp\/v2\/product"}],"about":[{"href":"https:\/\/motovitalex.md\/ru\/wp-json\/wp\/v2\/types\/product"}],"version-history":[{"count":4,"href":"https:\/\/motovitalex.md\/ru\/wp-json\/wp\/v2\/product\/1777\/revisions"}],"predecessor-version":[{"id":2207,"href":"https:\/\/motovitalex.md\/ru\/wp-json\/wp\/v2\/product\/1777\/revisions\/2207"}],"wp:featuredmedia":[{"embeddable":true,"href":"https:\/\/motovitalex.md\/ru\/wp-json\/wp\/v2\/media\/1778"}],"wp:attachment":[{"href":"https:\/\/motovitalex.md\/ru\/wp-json\/wp\/v2\/media?parent=1777"}],"wp:term":[{"taxonomy":"product_cat","embeddable":true,"href":"https:\/\/motovitalex.md\/ru\/wp-json\/wp\/v2\/product_cat?post=1777"},{"taxonomy":"product_tag","embeddable":true,"href":"https:\/\/motovitalex.md\/ru\/wp-json\/wp\/v2\/product_tag?post=1777"}],"curies":[{"name":"wp","href":"https:\/\/api.w.org\/{rel}","templated":true}]}}