{"id":1774,"date":"2024-12-22T11:18:54","date_gmt":"2024-12-22T11:18:54","guid":{"rendered":"https:\/\/motovitalex.md\/?post_type=product&#038;p=1774"},"modified":"2024-12-26T19:45:59","modified_gmt":"2024-12-26T19:45:59","slug":"tija-168f","status":"publish","type":"product","link":"https:\/\/motovitalex.md\/ru\/product\/tija-168f\/","title":{"rendered":"Tija &#8211; 168F"},"content":{"rendered":"<p>Rod 168F\/170F\u00a0 este potrivit\u0103 pentru motoarele pe benzin\u0103 ale tractoarelor, motocultoare, pl\u0103ci vibratoare \u0219i alte echipamente, cu o putere de 6,5\/7 CP. aer r\u0103cit.<\/p>\n<p>Material: otel.<\/p>\n<p>Lungime (mm) -133<\/p>\n<p>Greutate 1buc. (gr.) &#8211; 13<\/p>","protected":false},"excerpt":{"rendered":"<p>Rod 168F\/170F\u00a0 este potrivit\u0103 pentru motoarele pe benzin\u0103 ale tractoarelor, motocultoare, pl\u0103ci vibratoare \u0219i alte echipamente, cu o putere de 6,5\/7 CP. aer r\u0103cit. Material: otel. Lungime (mm) -133 Greutate 1buc. (gr.) &#8211; 13<\/p>","protected":false},"featured_media":1775,"template":"","meta":[],"product_cat":[86],"product_tag":[],"class_list":{"0":"post-1774","1":"product","2":"type-product","3":"status-publish","4":"has-post-thumbnail","6":"product_cat-168f-170f","8":"first","9":"instock","10":"shipping-taxable","11":"product-type-simple"},"_links":{"self":[{"href":"https:\/\/motovitalex.md\/ru\/wp-json\/wp\/v2\/product\/1774","targetHints":{"allow":["GET"]}}],"collection":[{"href":"https:\/\/motovitalex.md\/ru\/wp-json\/wp\/v2\/product"}],"about":[{"href":"https:\/\/motovitalex.md\/ru\/wp-json\/wp\/v2\/types\/product"}],"version-history":[{"count":1,"href":"https:\/\/motovitalex.md\/ru\/wp-json\/wp\/v2\/product\/1774\/revisions"}],"predecessor-version":[{"id":1776,"href":"https:\/\/motovitalex.md\/ru\/wp-json\/wp\/v2\/product\/1774\/revisions\/1776"}],"wp:featuredmedia":[{"embeddable":true,"href":"https:\/\/motovitalex.md\/ru\/wp-json\/wp\/v2\/media\/1775"}],"wp:attachment":[{"href":"https:\/\/motovitalex.md\/ru\/wp-json\/wp\/v2\/media?parent=1774"}],"wp:term":[{"taxonomy":"product_cat","embeddable":true,"href":"https:\/\/motovitalex.md\/ru\/wp-json\/wp\/v2\/product_cat?post=1774"},{"taxonomy":"product_tag","embeddable":true,"href":"https:\/\/motovitalex.md\/ru\/wp-json\/wp\/v2\/product_tag?post=1774"}],"curies":[{"name":"wp","href":"https:\/\/api.w.org\/{rel}","templated":true}]}}