{"id":1770,"date":"2024-12-22T11:15:09","date_gmt":"2024-12-22T11:15:09","guid":{"rendered":"https:\/\/motovitalex.md\/?post_type=product&#038;p=1770"},"modified":"2024-12-22T11:16:09","modified_gmt":"2024-12-22T11:16:09","slug":"senzor-nivel-ulei-intern-pentru-motor-pe-benzina-168f-170f","status":"publish","type":"product","link":"https:\/\/motovitalex.md\/ru\/product\/senzor-nivel-ulei-intern-pentru-motor-pe-benzina-168f-170f\/","title":{"rendered":"Senzor nivel ulei intern pentru motor pe benzin\u0103 168F\/170F"},"content":{"rendered":"<p>Senzorul de nivel de ulei intern pentru motorul pe benzin\u0103 168F\/170F este instalat \u00een interiorul carterului unit\u0103\u021bii de alimentare, proiectat pentru a proteja motorul de lipsa de ulei.<\/p>\n<p>Este un mecanism flotant echipat cu contacte de cupru. C\u00e2nd nivelul uleiului din carter scade sub nivelul setat, flotorul \u00eenchide contactele \u0219i \u00eentrerupe sc\u00e2nteile din camera de ardere, acest lucru face ca motorul s\u0103 se opreasc\u0103. O defec\u021biune a senzorului de nivel poate cauza defec\u021biunea unit\u0103\u021bii de alimentare din cauza lubrifierii insuficiente a pieselor \u0219i a uzurii crescute a acestora. Adesea, un nivel sc\u0103zut de ulei duce la declan\u0219\u0103ri aleatorii ale senzorului, mai ales atunci c\u00e2nd \u00eenclina\u021bi \u0219i vibreaz\u0103 unitatea de alimentare. \u00cen astfel de cazuri, este necesar s\u0103 ad\u0103uga\u021bi ulei la marcajul superior de pe joja.<\/p>","protected":false},"excerpt":{"rendered":"<p>Senzorul de nivel de ulei intern pentru motorul pe benzin\u0103 168F\/170F este instalat \u00een interiorul carterului unit\u0103\u021bii de alimentare, proiectat pentru a proteja motorul de lipsa de ulei. Este un mecanism flotant echipat cu contacte de cupru. C\u00e2nd nivelul uleiului din carter scade sub nivelul setat, flotorul \u00eenchide contactele \u0219i \u00eentrerupe sc\u00e2nteile din camera de&hellip;<\/p>","protected":false},"featured_media":1771,"template":"","meta":[],"product_cat":[64],"product_tag":[],"class_list":{"0":"post-1770","1":"product","2":"type-product","3":"status-publish","4":"has-post-thumbnail","6":"product_cat-piese-auto","8":"first","9":"instock","10":"shipping-taxable","11":"product-type-simple"},"_links":{"self":[{"href":"https:\/\/motovitalex.md\/ru\/wp-json\/wp\/v2\/product\/1770","targetHints":{"allow":["GET"]}}],"collection":[{"href":"https:\/\/motovitalex.md\/ru\/wp-json\/wp\/v2\/product"}],"about":[{"href":"https:\/\/motovitalex.md\/ru\/wp-json\/wp\/v2\/types\/product"}],"version-history":[{"count":2,"href":"https:\/\/motovitalex.md\/ru\/wp-json\/wp\/v2\/product\/1770\/revisions"}],"predecessor-version":[{"id":1773,"href":"https:\/\/motovitalex.md\/ru\/wp-json\/wp\/v2\/product\/1770\/revisions\/1773"}],"wp:featuredmedia":[{"embeddable":true,"href":"https:\/\/motovitalex.md\/ru\/wp-json\/wp\/v2\/media\/1771"}],"wp:attachment":[{"href":"https:\/\/motovitalex.md\/ru\/wp-json\/wp\/v2\/media?parent=1770"}],"wp:term":[{"taxonomy":"product_cat","embeddable":true,"href":"https:\/\/motovitalex.md\/ru\/wp-json\/wp\/v2\/product_cat?post=1770"},{"taxonomy":"product_tag","embeddable":true,"href":"https:\/\/motovitalex.md\/ru\/wp-json\/wp\/v2\/product_tag?post=1770"}],"curies":[{"name":"wp","href":"https:\/\/api.w.org\/{rel}","templated":true}]}}