{"id":1766,"date":"2024-12-22T11:10:59","date_gmt":"2024-12-22T11:10:59","guid":{"rendered":"https:\/\/motovitalex.md\/?post_type=product&#038;p=1766"},"modified":"2024-12-26T20:12:39","modified_gmt":"2024-12-26T20:12:39","slug":"senzor-extern-nivel-ulei-pentru-motor-pe-benzina-168f-170f","status":"publish","type":"product","link":"https:\/\/motovitalex.md\/ru\/product\/senzor-extern-nivel-ulei-pentru-motor-pe-benzina-168f-170f\/","title":{"rendered":"Senzor extern nivel ulei  pentru motor pe benzin\u0103 168F\/170F"},"content":{"rendered":"<p>Senzorul extern de nivel de ulei\u00a0 pentru motorul pe benzin\u0103 168F\/170F este un circuit electronic care completeaz\u0103 func\u021bionarea senzorului de nivel de lubrifiant situat \u00een interiorul carcasei motorului.\u00a0 Este proiectat pentru a asigura stabilitatea sistemului de control \u0219i pentru a \u00eembun\u0103t\u0103\u021bi siguran\u021ba unit\u0103\u021bii de alimentare.<\/p>\n<p>Piesa de schimb este o unitate electronic\u0103 plasat\u0103 \u00eentr-o carcas\u0103 metalic\u0103 \u0219i umplut\u0103 cu un compus pentru a o proteja de influen\u021bele mecanice \u0219i umiditate.<\/p>\n<p>Piesa are doua iesiri: cea galbena este conectata la iesirea senzorului intern de nivel de ulei situat in carter, cea neagra este conectata la cablul care merge la bobina de aprindere.<strong> Pentru func\u021bionarea normal\u0103 a dispozitivului, carcasa acestuia trebuie conectat\u0103 la carcasa motorului<\/strong><\/p>","protected":false},"excerpt":{"rendered":"<p>Senzorul extern de nivel de ulei\u00a0 pentru motorul pe benzin\u0103 168F\/170F este un circuit electronic care completeaz\u0103 func\u021bionarea senzorului de nivel de lubrifiant situat \u00een interiorul carcasei motorului.\u00a0 Este proiectat pentru a asigura stabilitatea sistemului de control \u0219i pentru a \u00eembun\u0103t\u0103\u021bi siguran\u021ba unit\u0103\u021bii de alimentare. Piesa de schimb este o unitate electronic\u0103 plasat\u0103 \u00eentr-o carcas\u0103&hellip;<\/p>","protected":false},"featured_media":1767,"template":"","meta":[],"product_cat":[86,64],"product_tag":[],"class_list":{"0":"post-1766","1":"product","2":"type-product","3":"status-publish","4":"has-post-thumbnail","6":"product_cat-168f-170f","7":"product_cat-piese-auto","9":"first","10":"instock","11":"shipping-taxable","12":"product-type-simple"},"_links":{"self":[{"href":"https:\/\/motovitalex.md\/ru\/wp-json\/wp\/v2\/product\/1766","targetHints":{"allow":["GET"]}}],"collection":[{"href":"https:\/\/motovitalex.md\/ru\/wp-json\/wp\/v2\/product"}],"about":[{"href":"https:\/\/motovitalex.md\/ru\/wp-json\/wp\/v2\/types\/product"}],"version-history":[{"count":2,"href":"https:\/\/motovitalex.md\/ru\/wp-json\/wp\/v2\/product\/1766\/revisions"}],"predecessor-version":[{"id":1769,"href":"https:\/\/motovitalex.md\/ru\/wp-json\/wp\/v2\/product\/1766\/revisions\/1769"}],"wp:featuredmedia":[{"embeddable":true,"href":"https:\/\/motovitalex.md\/ru\/wp-json\/wp\/v2\/media\/1767"}],"wp:attachment":[{"href":"https:\/\/motovitalex.md\/ru\/wp-json\/wp\/v2\/media?parent=1766"}],"wp:term":[{"taxonomy":"product_cat","embeddable":true,"href":"https:\/\/motovitalex.md\/ru\/wp-json\/wp\/v2\/product_cat?post=1766"},{"taxonomy":"product_tag","embeddable":true,"href":"https:\/\/motovitalex.md\/ru\/wp-json\/wp\/v2\/product_tag?post=1766"}],"curies":[{"name":"wp","href":"https:\/\/api.w.org\/{rel}","templated":true}]}}