{"id":1761,"date":"2024-12-22T11:00:03","date_gmt":"2024-12-22T11:00:03","guid":{"rendered":"https:\/\/motovitalex.md\/?post_type=product&#038;p=1761"},"modified":"2024-12-22T11:07:15","modified_gmt":"2024-12-22T11:07:15","slug":"rulment-6205-pentru-motor-pe-benzina-168f","status":"publish","type":"product","link":"https:\/\/motovitalex.md\/ru\/product\/rulment-6205-pentru-motor-pe-benzina-168f\/","title":{"rendered":"Rulment 6205  pentru motor pe benzina 168F"},"content":{"rendered":"<p>Rulmentul 6205\u00a0 pentru motorul pe benzin\u0103 168F este instalat pe unit\u0103\u021bile de putere ale motocultoarelor, motopompelor, cultivatoarelor \u0219i altor echipamente cu diametrul arborelui cotit de 25 mm. Piesa este un suport de arbore cotit, proiectat pentru a reduce frecarea dintre acesta \u0219i carcasa motorului.<\/p>\n<p>Piesa de schimb este fabricat\u0103 din o\u021bel, cu func\u021bionare corect\u0103 \u0219i schimbarea la timp a uleiului, poate func\u021biona mult timp f\u0103r\u0103 \u00eenlocuire. \u00cen cazul uzurii rulmentului, poate ap\u0103rea jocul arborelui cotit, zgomot str\u0103in \u00een timpul func\u021bion\u0103rii unit\u0103\u021bii de putere, p\u00e2n\u0103 la blocarea motorului. Diagnosticarea \u00een timp util a unei defec\u021biuni va asigura func\u021bionarea ne\u00eentrerupt\u0103 a echipamentului \u00een orice condi\u021bii<\/p>","protected":false},"excerpt":{"rendered":"<p>Rulmentul 6205\u00a0 pentru motorul pe benzin\u0103 168F este instalat pe unit\u0103\u021bile de putere ale motocultoarelor, motopompelor, cultivatoarelor \u0219i altor echipamente cu diametrul arborelui cotit de 25 mm. Piesa este un suport de arbore cotit, proiectat pentru a reduce frecarea dintre acesta \u0219i carcasa motorului. Piesa de schimb este fabricat\u0103 din o\u021bel, cu func\u021bionare corect\u0103 \u0219i&hellip;<\/p>","protected":false},"featured_media":1765,"template":"","meta":[],"product_cat":[64],"product_tag":[],"class_list":{"0":"post-1761","1":"product","2":"type-product","3":"status-publish","4":"has-post-thumbnail","6":"product_cat-piese-auto","8":"first","9":"instock","10":"shipping-taxable","11":"product-type-simple"},"_links":{"self":[{"href":"https:\/\/motovitalex.md\/ru\/wp-json\/wp\/v2\/product\/1761","targetHints":{"allow":["GET"]}}],"collection":[{"href":"https:\/\/motovitalex.md\/ru\/wp-json\/wp\/v2\/product"}],"about":[{"href":"https:\/\/motovitalex.md\/ru\/wp-json\/wp\/v2\/types\/product"}],"version-history":[{"count":1,"href":"https:\/\/motovitalex.md\/ru\/wp-json\/wp\/v2\/product\/1761\/revisions"}],"predecessor-version":[{"id":1763,"href":"https:\/\/motovitalex.md\/ru\/wp-json\/wp\/v2\/product\/1761\/revisions\/1763"}],"wp:featuredmedia":[{"embeddable":true,"href":"https:\/\/motovitalex.md\/ru\/wp-json\/wp\/v2\/media\/1765"}],"wp:attachment":[{"href":"https:\/\/motovitalex.md\/ru\/wp-json\/wp\/v2\/media?parent=1761"}],"wp:term":[{"taxonomy":"product_cat","embeddable":true,"href":"https:\/\/motovitalex.md\/ru\/wp-json\/wp\/v2\/product_cat?post=1761"},{"taxonomy":"product_tag","embeddable":true,"href":"https:\/\/motovitalex.md\/ru\/wp-json\/wp\/v2\/product_tag?post=1761"}],"curies":[{"name":"wp","href":"https:\/\/api.w.org\/{rel}","templated":true}]}}