{"id":1757,"date":"2024-12-22T10:55:21","date_gmt":"2024-12-22T10:55:21","guid":{"rendered":"https:\/\/motovitalex.md\/?post_type=product&#038;p=1757"},"modified":"2024-12-26T20:12:48","modified_gmt":"2024-12-26T20:12:48","slug":"rolie-demaror-manual-cupa-demaror-pentru-motor-pe-benzina-168f-170f","status":"publish","type":"product","link":"https:\/\/motovitalex.md\/ru\/product\/rolie-demaror-manual-cupa-demaror-pentru-motor-pe-benzina-168f-170f\/","title":{"rendered":"Rolie demaror manual (cupa demaror) pentru motor pe benzina 168F\/170F"},"content":{"rendered":"<p>Rola de pornire manual\u0103 (cup\u0103 de pornire)\u00a0 pentru motorul pe benzin\u0103 168F\/170F este un element al sistemului de pornire manual\u0103 a unit\u0103\u021bii de alimentare, montat pe volantul motorului. Este conectat direct la arborele cotit.<\/p>\n<p>Exist\u0103 trei g\u0103uri \u00een partea de jos a sticlei pentru fixare sigur\u0103. \u00cen timpul pornirii motorului, cupa de pornire interac\u021bioneaz\u0103 cu c\u00e2rligele bobinei demarorului \u0219i transmite mi\u0219carea de rota\u021bie de la demarorul manual la arborele cotit. Astfel, sistemul de pistoane al motorului cu ardere intern\u0103 este pus \u00een mi\u0219care.<\/p>\n<p>Articolul este realizat din metal. Nu are piese \u00een mi\u0219care sau frecare, ceea ce \u00eei garanteaz\u0103 o durat\u0103 lung\u0103 de via\u021b\u0103 cu func\u021bionare corect\u0103.<strong> \u00cen caz de for\u021b\u0103 excesiv\u0103, sunt posibile deformarea sticlei \u0219i blocarea demarorului. \u00cen acest caz, piesa de schimb trebuie \u00eenlocuit\u0103.<\/strong><\/p>","protected":false},"excerpt":{"rendered":"<p>Rola de pornire manual\u0103 (cup\u0103 de pornire)\u00a0 pentru motorul pe benzin\u0103 168F\/170F este un element al sistemului de pornire manual\u0103 a unit\u0103\u021bii de alimentare, montat pe volantul motorului. Este conectat direct la arborele cotit. Exist\u0103 trei g\u0103uri \u00een partea de jos a sticlei pentru fixare sigur\u0103. \u00cen timpul pornirii motorului, cupa de pornire interac\u021bioneaz\u0103 cu&hellip;<\/p>","protected":false},"featured_media":1758,"template":"","meta":[],"product_cat":[86,64],"product_tag":[],"class_list":{"0":"post-1757","1":"product","2":"type-product","3":"status-publish","4":"has-post-thumbnail","6":"product_cat-168f-170f","7":"product_cat-piese-auto","9":"first","10":"instock","11":"shipping-taxable","12":"product-type-simple"},"_links":{"self":[{"href":"https:\/\/motovitalex.md\/ru\/wp-json\/wp\/v2\/product\/1757","targetHints":{"allow":["GET"]}}],"collection":[{"href":"https:\/\/motovitalex.md\/ru\/wp-json\/wp\/v2\/product"}],"about":[{"href":"https:\/\/motovitalex.md\/ru\/wp-json\/wp\/v2\/types\/product"}],"version-history":[{"count":1,"href":"https:\/\/motovitalex.md\/ru\/wp-json\/wp\/v2\/product\/1757\/revisions"}],"predecessor-version":[{"id":1759,"href":"https:\/\/motovitalex.md\/ru\/wp-json\/wp\/v2\/product\/1757\/revisions\/1759"}],"wp:featuredmedia":[{"embeddable":true,"href":"https:\/\/motovitalex.md\/ru\/wp-json\/wp\/v2\/media\/1758"}],"wp:attachment":[{"href":"https:\/\/motovitalex.md\/ru\/wp-json\/wp\/v2\/media?parent=1757"}],"wp:term":[{"taxonomy":"product_cat","embeddable":true,"href":"https:\/\/motovitalex.md\/ru\/wp-json\/wp\/v2\/product_cat?post=1757"},{"taxonomy":"product_tag","embeddable":true,"href":"https:\/\/motovitalex.md\/ru\/wp-json\/wp\/v2\/product_tag?post=1757"}],"curies":[{"name":"wp","href":"https:\/\/api.w.org\/{rel}","templated":true}]}}