{"id":1754,"date":"2024-12-22T10:51:05","date_gmt":"2024-12-22T10:51:05","guid":{"rendered":"https:\/\/motovitalex.md\/?post_type=product&#038;p=1754"},"modified":"2024-12-26T20:12:56","modified_gmt":"2024-12-26T20:12:56","slug":"rolie-curea-de-transmisie-pentru-motor-pe-benzina-168f-170f-3-caneluri-diametru-alez-20-mm","status":"publish","type":"product","link":"https:\/\/motovitalex.md\/ru\/product\/rolie-curea-de-transmisie-pentru-motor-pe-benzina-168f-170f-3-caneluri-diametru-alez-20-mm\/","title":{"rendered":"Rolie curea de transmisie  pentru motor pe benzina 168F\/170F, 3 caneluri, diametru alez 20 mm"},"content":{"rendered":"<p>Rolie curea de transmisie\u00a0 pentru motor pe benzin\u0103 168F\/170F, 3 caneluri, diametrul alezajului 20 mm \u2013 element de transmisie a unui tractor cu mers pe jos, motocultor, motopomp\u0103 \u0219i alte unit\u0103\u021bi echipate cu motoare cu ardere intern\u0103. Este o parte integrant\u0103 a transmisiei cu cureaua trapezoidale, conceput\u0103 pentru a transmite cuplul de la unitatea de putere c\u0103tre actuator, cutie de viteze.<\/p>\n<p>Piesa din font\u0103 are forma unui cilindru cu trei caneluri conice pentru montarea unei curele trapezoidale \u00een ele. Montat pe arborele cotit al motorului cu diametrul alezajului de 20 mm. Are o conexiune cu cheie pentru transmiterea mi\u0219c\u0103rii de rota\u021bie. Sub sarcini puternice de \u0219oc, este posibil\u0103 deformarea cheii \u0219i a c\u0103ii de contact, ceea ce duce la apari\u021bia unui joc la jonc\u021biunea cu arborele cotit. Aceast\u0103 defec\u021biune este periculoas\u0103 din cauza deterior\u0103rii arborelui cotit \u0219i, ca urmare, a repara\u021biilor costisitoare. Prin urmare, este important s\u0103 monitoriza\u021bi starea scripetelui \u0219i s\u0103 \u00eel \u00eenlocui\u021bi imediat dac\u0103 este necesar.<\/p>","protected":false},"excerpt":{"rendered":"<p>Rolie curea de transmisie\u00a0 pentru motor pe benzin\u0103 168F\/170F, 3 caneluri, diametrul alezajului 20 mm \u2013 element de transmisie a unui tractor cu mers pe jos, motocultor, motopomp\u0103 \u0219i alte unit\u0103\u021bi echipate cu motoare cu ardere intern\u0103. Este o parte integrant\u0103 a transmisiei cu cureaua trapezoidale, conceput\u0103 pentru a transmite cuplul de la unitatea de&hellip;<\/p>","protected":false},"featured_media":1755,"template":"","meta":[],"product_cat":[86,64],"product_tag":[],"class_list":{"0":"post-1754","1":"product","2":"type-product","3":"status-publish","4":"has-post-thumbnail","6":"product_cat-168f-170f","7":"product_cat-piese-auto","9":"first","10":"instock","11":"shipping-taxable","12":"product-type-simple"},"_links":{"self":[{"href":"https:\/\/motovitalex.md\/ru\/wp-json\/wp\/v2\/product\/1754","targetHints":{"allow":["GET"]}}],"collection":[{"href":"https:\/\/motovitalex.md\/ru\/wp-json\/wp\/v2\/product"}],"about":[{"href":"https:\/\/motovitalex.md\/ru\/wp-json\/wp\/v2\/types\/product"}],"version-history":[{"count":1,"href":"https:\/\/motovitalex.md\/ru\/wp-json\/wp\/v2\/product\/1754\/revisions"}],"predecessor-version":[{"id":1756,"href":"https:\/\/motovitalex.md\/ru\/wp-json\/wp\/v2\/product\/1754\/revisions\/1756"}],"wp:featuredmedia":[{"embeddable":true,"href":"https:\/\/motovitalex.md\/ru\/wp-json\/wp\/v2\/media\/1755"}],"wp:attachment":[{"href":"https:\/\/motovitalex.md\/ru\/wp-json\/wp\/v2\/media?parent=1754"}],"wp:term":[{"taxonomy":"product_cat","embeddable":true,"href":"https:\/\/motovitalex.md\/ru\/wp-json\/wp\/v2\/product_cat?post=1754"},{"taxonomy":"product_tag","embeddable":true,"href":"https:\/\/motovitalex.md\/ru\/wp-json\/wp\/v2\/product_tag?post=1754"}],"curies":[{"name":"wp","href":"https:\/\/api.w.org\/{rel}","templated":true}]}}