{"id":1751,"date":"2024-12-22T10:46:50","date_gmt":"2024-12-22T10:46:50","guid":{"rendered":"https:\/\/motovitalex.md\/?post_type=product&#038;p=1751"},"modified":"2024-12-26T20:13:03","modified_gmt":"2024-12-26T20:13:03","slug":"rolie-curea-de-transmisie-pentru-motor-pe-benzina-168f-3-caneluri-diametru-alez-19-mm","status":"publish","type":"product","link":"https:\/\/motovitalex.md\/ru\/product\/rolie-curea-de-transmisie-pentru-motor-pe-benzina-168f-3-caneluri-diametru-alez-19-mm\/","title":{"rendered":"Rolie curea de transmisie  pentru motor pe benzina 168F, 3 caneluri, diametru alez 19 mm"},"content":{"rendered":"<p>Rolie curea de transmisie TTG pentru un motor pe benzina 168F, 3 caneluri, diametrul alezaj 19 mm este un element de transmisie mecanica a puterii de la arborele cotit la cutia de viteze .<\/p>\n<p>Const\u0103 din trei fluxuri, distan\u021bate uniform \u00een jurul circumferin\u021bei, asigur\u0103 o angajare fiabil\u0103 \u0219i eficient\u0103 cu centura, ceea ce v\u0103 permite s\u0103 transfera\u021bi putere mare cu pierderi minime.<\/p>\n<p>Modelul cu 3 fire este o achizi\u021bie bun\u0103 pentru proprietarii de unit\u0103\u021bi de putere echipate cu un scripete cu 2 fire. A\u0219adar, al treilea este un flux de priz\u0103 de putere \u0219i de alimentare cu energie a unor astfel de tipuri de echipamente: un tocator de ramuri, un s\u0103p\u0103tor de cartofi, un segment sau coas\u0103 rotativ\u0103, o suflant\u0103 de z\u0103pad\u0103 cu melc \u0219i chiar un fer\u0103str\u0103u circular!<\/p>","protected":false},"excerpt":{"rendered":"<p>Rolie curea de transmisie TTG pentru un motor pe benzina 168F, 3 caneluri, diametrul alezaj 19 mm este un element de transmisie mecanica a puterii de la arborele cotit la cutia de viteze . Const\u0103 din trei fluxuri, distan\u021bate uniform \u00een jurul circumferin\u021bei, asigur\u0103 o angajare fiabil\u0103 \u0219i eficient\u0103 cu centura, ceea ce v\u0103 permite&hellip;<\/p>","protected":false},"featured_media":1752,"template":"","meta":[],"product_cat":[86,64],"product_tag":[],"class_list":{"0":"post-1751","1":"product","2":"type-product","3":"status-publish","4":"has-post-thumbnail","6":"product_cat-168f-170f","7":"product_cat-piese-auto","9":"first","10":"instock","11":"shipping-taxable","12":"product-type-simple"},"_links":{"self":[{"href":"https:\/\/motovitalex.md\/ru\/wp-json\/wp\/v2\/product\/1751","targetHints":{"allow":["GET"]}}],"collection":[{"href":"https:\/\/motovitalex.md\/ru\/wp-json\/wp\/v2\/product"}],"about":[{"href":"https:\/\/motovitalex.md\/ru\/wp-json\/wp\/v2\/types\/product"}],"version-history":[{"count":1,"href":"https:\/\/motovitalex.md\/ru\/wp-json\/wp\/v2\/product\/1751\/revisions"}],"predecessor-version":[{"id":1753,"href":"https:\/\/motovitalex.md\/ru\/wp-json\/wp\/v2\/product\/1751\/revisions\/1753"}],"wp:featuredmedia":[{"embeddable":true,"href":"https:\/\/motovitalex.md\/ru\/wp-json\/wp\/v2\/media\/1752"}],"wp:attachment":[{"href":"https:\/\/motovitalex.md\/ru\/wp-json\/wp\/v2\/media?parent=1751"}],"wp:term":[{"taxonomy":"product_cat","embeddable":true,"href":"https:\/\/motovitalex.md\/ru\/wp-json\/wp\/v2\/product_cat?post=1751"},{"taxonomy":"product_tag","embeddable":true,"href":"https:\/\/motovitalex.md\/ru\/wp-json\/wp\/v2\/product_tag?post=1751"}],"curies":[{"name":"wp","href":"https:\/\/api.w.org\/{rel}","templated":true}]}}