{"id":1741,"date":"2024-12-22T10:33:38","date_gmt":"2024-12-22T10:33:38","guid":{"rendered":"https:\/\/motovitalex.md\/?post_type=product&#038;p=1741"},"modified":"2024-12-26T20:13:24","modified_gmt":"2024-12-26T20:13:24","slug":"pompa-de-ulei-reductor-de-viteza-pentru-motor-pe-benzina-168f","status":"publish","type":"product","link":"https:\/\/motovitalex.md\/ru\/product\/pompa-de-ulei-reductor-de-viteza-pentru-motor-pe-benzina-168f\/","title":{"rendered":"Pompa de ulei (reductor de viteza) pentru motor pe benzina 168F"},"content":{"rendered":"<p>Piesa este instalat\u0103 \u00een blocul motor \u0219i interac\u021bioneaz\u0103 cu angrenajul situat pe arborele cotit. C\u00e2nd se rotesc sub ac\u021biunea for\u021bei centrifuge, camele metalice de pe angrenaj diverg \u0219i \u00eemping \u00eemping\u0103torul din plastic, care prin sistemul de p\u00e2rghii controleaz\u0103 accelera\u021bia carburatorului \u0219i regleaz\u0103 tura\u021bia motorului.<\/p>\n<p>Piesa este fabricat\u0103 din plastic de \u00eenalt\u0103 rezisten\u021b\u0103 \u0219i nu sufer\u0103 sarcini semnificative \u00een timpul func\u021bion\u0103rii, ceea ce garanteaz\u0103 o durat\u0103 lung\u0103 de via\u021b\u0103. Ca urmare a uzurii mecanismului centrifugal, este posibil\u0103 func\u021bionarea incorect\u0103 a sistemului de control al vitezei, ceea ce va duce la defec\u021biunea motorului. \u00cen acest caz, piesa trebuie \u00eenlocuit\u0103.<\/p>","protected":false},"excerpt":{"rendered":"<p>Piesa este instalat\u0103 \u00een blocul motor \u0219i interac\u021bioneaz\u0103 cu angrenajul situat pe arborele cotit. C\u00e2nd se rotesc sub ac\u021biunea for\u021bei centrifuge, camele metalice de pe angrenaj diverg \u0219i \u00eemping \u00eemping\u0103torul din plastic, care prin sistemul de p\u00e2rghii controleaz\u0103 accelera\u021bia carburatorului \u0219i regleaz\u0103 tura\u021bia motorului. Piesa este fabricat\u0103 din plastic de \u00eenalt\u0103 rezisten\u021b\u0103 \u0219i nu sufer\u0103&hellip;<\/p>","protected":false},"featured_media":1742,"template":"","meta":[],"product_cat":[86,64],"product_tag":[],"class_list":{"0":"post-1741","1":"product","2":"type-product","3":"status-publish","4":"has-post-thumbnail","6":"product_cat-168f-170f","7":"product_cat-piese-auto","9":"first","10":"instock","11":"shipping-taxable","12":"product-type-simple"},"_links":{"self":[{"href":"https:\/\/motovitalex.md\/ru\/wp-json\/wp\/v2\/product\/1741","targetHints":{"allow":["GET"]}}],"collection":[{"href":"https:\/\/motovitalex.md\/ru\/wp-json\/wp\/v2\/product"}],"about":[{"href":"https:\/\/motovitalex.md\/ru\/wp-json\/wp\/v2\/types\/product"}],"version-history":[{"count":1,"href":"https:\/\/motovitalex.md\/ru\/wp-json\/wp\/v2\/product\/1741\/revisions"}],"predecessor-version":[{"id":1743,"href":"https:\/\/motovitalex.md\/ru\/wp-json\/wp\/v2\/product\/1741\/revisions\/1743"}],"wp:featuredmedia":[{"embeddable":true,"href":"https:\/\/motovitalex.md\/ru\/wp-json\/wp\/v2\/media\/1742"}],"wp:attachment":[{"href":"https:\/\/motovitalex.md\/ru\/wp-json\/wp\/v2\/media?parent=1741"}],"wp:term":[{"taxonomy":"product_cat","embeddable":true,"href":"https:\/\/motovitalex.md\/ru\/wp-json\/wp\/v2\/product_cat?post=1741"},{"taxonomy":"product_tag","embeddable":true,"href":"https:\/\/motovitalex.md\/ru\/wp-json\/wp\/v2\/product_tag?post=1741"}],"curies":[{"name":"wp","href":"https:\/\/api.w.org\/{rel}","templated":true}]}}