{"id":1738,"date":"2024-12-22T10:29:06","date_gmt":"2024-12-22T10:29:06","guid":{"rendered":"https:\/\/motovitalex.md\/?post_type=product&#038;p=1738"},"modified":"2024-12-22T10:29:07","modified_gmt":"2024-12-22T10:29:07","slug":"maneta-de-acceleratie-pentru-motor-pe-benzina-168f-170f-metal","status":"publish","type":"product","link":"https:\/\/motovitalex.md\/ru\/product\/maneta-de-acceleratie-pentru-motor-pe-benzina-168f-170f-metal\/","title":{"rendered":"Maneta de acceleratie pentru motor pe benzina 168F\/170F (metal)"},"content":{"rendered":"<p>Maneta de accelera\u021bie pentru motorul pe benzin\u0103 168F\/170F (metal) este un mecanism de control conceput pentru a regla puterea motorului. Este conectat la clapeta de accelera\u021bie a carburatorului prin intermediul unui cablu \u0219i v\u0103 permite s\u0103-i schimba\u021bi pozi\u021bia, modific\u00e2nd astfel cantitatea de combustibil care intr\u0103 \u00een motor.<\/p>\n<p>Designul este realizat din metal cu ad\u0103ugarea de inser\u021bii din plastic care servesc la \u00eembun\u0103t\u0103\u021birea ergonomiei \u0219i u\u0219urin\u021ba \u00een utilizare. P\u00e2rghia are un suport pentru montare pe un m\u00e2ner rotund, datorit\u0103 c\u0103ruia este plasat \u00eentr-un loc convenabil pentru operator. Datorit\u0103 simplit\u0103\u021bii sale, maneta de accelera\u021bie va func\u021biona \u00een cele mai dificile condi\u021bii f\u0103r\u0103 a se rupe.<\/p>","protected":false},"excerpt":{"rendered":"<p>Maneta de accelera\u021bie pentru motorul pe benzin\u0103 168F\/170F (metal) este un mecanism de control conceput pentru a regla puterea motorului. Este conectat la clapeta de accelera\u021bie a carburatorului prin intermediul unui cablu \u0219i v\u0103 permite s\u0103-i schimba\u021bi pozi\u021bia, modific\u00e2nd astfel cantitatea de combustibil care intr\u0103 \u00een motor. Designul este realizat din metal cu ad\u0103ugarea de&hellip;<\/p>","protected":false},"featured_media":1739,"template":"","meta":[],"product_cat":[64],"product_tag":[],"class_list":{"0":"post-1738","1":"product","2":"type-product","3":"status-publish","4":"has-post-thumbnail","6":"product_cat-piese-auto","8":"first","9":"instock","10":"shipping-taxable","11":"product-type-simple"},"_links":{"self":[{"href":"https:\/\/motovitalex.md\/ru\/wp-json\/wp\/v2\/product\/1738","targetHints":{"allow":["GET"]}}],"collection":[{"href":"https:\/\/motovitalex.md\/ru\/wp-json\/wp\/v2\/product"}],"about":[{"href":"https:\/\/motovitalex.md\/ru\/wp-json\/wp\/v2\/types\/product"}],"version-history":[{"count":1,"href":"https:\/\/motovitalex.md\/ru\/wp-json\/wp\/v2\/product\/1738\/revisions"}],"predecessor-version":[{"id":1740,"href":"https:\/\/motovitalex.md\/ru\/wp-json\/wp\/v2\/product\/1738\/revisions\/1740"}],"wp:featuredmedia":[{"embeddable":true,"href":"https:\/\/motovitalex.md\/ru\/wp-json\/wp\/v2\/media\/1739"}],"wp:attachment":[{"href":"https:\/\/motovitalex.md\/ru\/wp-json\/wp\/v2\/media?parent=1738"}],"wp:term":[{"taxonomy":"product_cat","embeddable":true,"href":"https:\/\/motovitalex.md\/ru\/wp-json\/wp\/v2\/product_cat?post=1738"},{"taxonomy":"product_tag","embeddable":true,"href":"https:\/\/motovitalex.md\/ru\/wp-json\/wp\/v2\/product_tag?post=1738"}],"curies":[{"name":"wp","href":"https:\/\/api.w.org\/{rel}","templated":true}]}}