{"id":1731,"date":"2024-12-22T10:13:53","date_gmt":"2024-12-22T10:13:53","guid":{"rendered":"https:\/\/motovitalex.md\/?post_type=product&#038;p=1731"},"modified":"2024-12-26T20:13:39","modified_gmt":"2024-12-26T20:13:39","slug":"garnituri-de-supape-pentru-motor-pe-benzina-168f","status":"publish","type":"product","link":"https:\/\/motovitalex.md\/ru\/product\/garnituri-de-supape-pentru-motor-pe-benzina-168f\/","title":{"rendered":"Garnituri de supape pentru motor pe benzin\u0103 168F"},"content":{"rendered":"<p>Garniturile de supape, pentru motorul 168F\/170F sunt potrivite pentru motoarele pe benzin\u0103 ale tractoarelor, cultivatoare, pl\u0103ci vibratoare, generatoare \u0219i alte echipamente cu o putere de 6,5\/7 CP. aer r\u0103cit.<\/p>\n<p>Acestea sunt componente de etan\u0219are care asigur\u0103 o etan\u0219are etan\u0219\u0103 \u00een jurul supapelor. Acestea \u00eempiedic\u0103 scurgerea uleiului sau gazelor, men\u021bin\u00e2nd presiunea optim\u0103 a motorului \u0219i nivelurile de lubrifiere. Rolul lor \u00een men\u021binerea performan\u021bei \u0219i prevenirea sc\u0103p\u0103rii produselor de ardere din supape este important.<\/p>\n<p>Ne\u00eenlocuirea garniturilor defecte ale supapelor la un motor poate duce la scurgeri de ulei sau gaze din camera supapelor. Acest lucru poate duce la pierderea lubrifierii din interiorul motorului, o posibil\u0103 contaminare sau supra\u00eenc\u0103lzirea motorului din cauza lubrifierii insuficiente, care poate provoca \u00een cele din urm\u0103 daune grave ale motorului.<\/p>","protected":false},"excerpt":{"rendered":"<p>Garniturile de supape, pentru motorul 168F\/170F sunt potrivite pentru motoarele pe benzin\u0103 ale tractoarelor, cultivatoare, pl\u0103ci vibratoare, generatoare \u0219i alte echipamente cu o putere de 6,5\/7 CP. aer r\u0103cit. Acestea sunt componente de etan\u0219are care asigur\u0103 o etan\u0219are etan\u0219\u0103 \u00een jurul supapelor. Acestea \u00eempiedic\u0103 scurgerea uleiului sau gazelor, men\u021bin\u00e2nd presiunea optim\u0103 a motorului \u0219i nivelurile&hellip;<\/p>","protected":false},"featured_media":1732,"template":"","meta":[],"product_cat":[86,64],"product_tag":[],"class_list":{"0":"post-1731","1":"product","2":"type-product","3":"status-publish","4":"has-post-thumbnail","6":"product_cat-168f-170f","7":"product_cat-piese-auto","9":"first","10":"instock","11":"shipping-taxable","12":"product-type-simple"},"_links":{"self":[{"href":"https:\/\/motovitalex.md\/ru\/wp-json\/wp\/v2\/product\/1731","targetHints":{"allow":["GET"]}}],"collection":[{"href":"https:\/\/motovitalex.md\/ru\/wp-json\/wp\/v2\/product"}],"about":[{"href":"https:\/\/motovitalex.md\/ru\/wp-json\/wp\/v2\/types\/product"}],"version-history":[{"count":1,"href":"https:\/\/motovitalex.md\/ru\/wp-json\/wp\/v2\/product\/1731\/revisions"}],"predecessor-version":[{"id":1733,"href":"https:\/\/motovitalex.md\/ru\/wp-json\/wp\/v2\/product\/1731\/revisions\/1733"}],"wp:featuredmedia":[{"embeddable":true,"href":"https:\/\/motovitalex.md\/ru\/wp-json\/wp\/v2\/media\/1732"}],"wp:attachment":[{"href":"https:\/\/motovitalex.md\/ru\/wp-json\/wp\/v2\/media?parent=1731"}],"wp:term":[{"taxonomy":"product_cat","embeddable":true,"href":"https:\/\/motovitalex.md\/ru\/wp-json\/wp\/v2\/product_cat?post=1731"},{"taxonomy":"product_tag","embeddable":true,"href":"https:\/\/motovitalex.md\/ru\/wp-json\/wp\/v2\/product_tag?post=1731"}],"curies":[{"name":"wp","href":"https:\/\/api.w.org\/{rel}","templated":true}]}}