{"id":1720,"date":"2024-12-21T21:46:31","date_gmt":"2024-12-21T21:46:31","guid":{"rendered":"https:\/\/motovitalex.md\/?post_type=product&#038;p=1720"},"modified":"2024-12-26T20:13:46","modified_gmt":"2024-12-26T20:13:46","slug":"filtru-de-combustibil-in-rezervor-pentru-motor-pe-benzina-168f-metal","status":"publish","type":"product","link":"https:\/\/motovitalex.md\/ru\/product\/filtru-de-combustibil-in-rezervor-pentru-motor-pe-benzina-168f-metal\/","title":{"rendered":"Filtru de combustibil \u00een rezervor pentru motor pe benzin\u0103 168F, metal"},"content":{"rendered":"<p>Filtru de combustibil \u00een rezervor pentru un motor pe benzin\u0103 168F, metal. Proiectat pentru a cur\u0103\u021ba combustibilul de diferi\u021bi contaminan\u021bi, cum ar fi praful, murd\u0103ria, rugina \u0219i alte impurit\u0103\u021bi mecanice.<\/p>\n<p>Este instalat \u00een rezervorul de combustibil \u0219i este o parte important\u0103 a sistemului de alimentare cu combustibil. Din punct de vedere structural, este realizat sub forma unui fiting instalat \u00een rezervorul de combustibil. Etan\u0219eitatea conexiunii este asigurat\u0103 de inelul de cauciuc de etan\u0219are inclus \u00een kit. Carcasa filtrului este realizat\u0103 din aliaj de aluminiu, ceea ce asigur\u0103 rezisten\u021ba la coroziune, elementul filtrant este o plas\u0103 de plastic. C\u00e2nd utiliza\u021bi benzin\u0103 de calitate sc\u0103zut\u0103, elementul de filtru se \u00eenfund\u0103, ceea ce va duce la o deteriorare a aliment\u0103rii cu combustibil a unit\u0103\u021bii de alimentare.<strong> \u00cen caz de \u00eenfundare, filtrul trebuie de\u0219urubat din rezervor \u0219i cl\u0103tit de resturile.<\/strong><\/p>","protected":false},"excerpt":{"rendered":"<p>Filtru de combustibil \u00een rezervor pentru un motor pe benzin\u0103 168F, metal. Proiectat pentru a cur\u0103\u021ba combustibilul de diferi\u021bi contaminan\u021bi, cum ar fi praful, murd\u0103ria, rugina \u0219i alte impurit\u0103\u021bi mecanice. Este instalat \u00een rezervorul de combustibil \u0219i este o parte important\u0103 a sistemului de alimentare cu combustibil. Din punct de vedere structural, este realizat sub&hellip;<\/p>","protected":false},"featured_media":1721,"template":"","meta":[],"product_cat":[86,64],"product_tag":[],"class_list":{"0":"post-1720","1":"product","2":"type-product","3":"status-publish","4":"has-post-thumbnail","6":"product_cat-168f-170f","7":"product_cat-piese-auto","9":"first","10":"instock","11":"shipping-taxable","12":"product-type-simple"},"_links":{"self":[{"href":"https:\/\/motovitalex.md\/ru\/wp-json\/wp\/v2\/product\/1720","targetHints":{"allow":["GET"]}}],"collection":[{"href":"https:\/\/motovitalex.md\/ru\/wp-json\/wp\/v2\/product"}],"about":[{"href":"https:\/\/motovitalex.md\/ru\/wp-json\/wp\/v2\/types\/product"}],"version-history":[{"count":1,"href":"https:\/\/motovitalex.md\/ru\/wp-json\/wp\/v2\/product\/1720\/revisions"}],"predecessor-version":[{"id":1722,"href":"https:\/\/motovitalex.md\/ru\/wp-json\/wp\/v2\/product\/1720\/revisions\/1722"}],"wp:featuredmedia":[{"embeddable":true,"href":"https:\/\/motovitalex.md\/ru\/wp-json\/wp\/v2\/media\/1721"}],"wp:attachment":[{"href":"https:\/\/motovitalex.md\/ru\/wp-json\/wp\/v2\/media?parent=1720"}],"wp:term":[{"taxonomy":"product_cat","embeddable":true,"href":"https:\/\/motovitalex.md\/ru\/wp-json\/wp\/v2\/product_cat?post=1720"},{"taxonomy":"product_tag","embeddable":true,"href":"https:\/\/motovitalex.md\/ru\/wp-json\/wp\/v2\/product_tag?post=1720"}],"curies":[{"name":"wp","href":"https:\/\/api.w.org\/{rel}","templated":true}]}}