{"id":1704,"date":"2024-12-21T21:22:36","date_gmt":"2024-12-21T21:22:36","guid":{"rendered":"https:\/\/motovitalex.md\/?post_type=product&#038;p=1704"},"modified":"2024-12-21T21:31:42","modified_gmt":"2024-12-21T21:31:42","slug":"comutator-de-oprire-a-motorului-pe-volan-pentru-motor-pe-benzina-168f-170f","status":"publish","type":"product","link":"https:\/\/motovitalex.md\/ru\/product\/comutator-de-oprire-a-motorului-pe-volan-pentru-motor-pe-benzina-168f-170f\/","title":{"rendered":"Comutator de oprire a motorului (pe volan) pentru motor pe benzin\u0103 168F\/170F"},"content":{"rendered":"<p>Comutator de oprire a motorului (pe volan) pentru motorul pe benzin\u0103 168F\/170F este un element care asigur\u0103 oprirea rapid\u0103 a unit\u0103\u021bii de alimentare \u00een timpul func\u021bion\u0103rii. Este folosit la motoarele de construc\u021bii \u0219i ma\u0219ini agricole.<\/p>\n<p>Montat pe m\u00e2nerul motorului \u00een imediata apropiere a operatorului, in cazul unei situa\u021bii periculoase sau al necesit\u0103\u021bii de a opri urgent motorul, un astfel de comutator va fi la \u00eendem\u00e2n\u0103.<\/p>\n<p>Piesa de schimb este inclus\u0103 \u00een circuitul bobinei de aprindere \u0219i \u00ee\u0219i \u00eenchide ie\u0219irea la mas\u0103, oprind astfel motorul. Partea din spate a carcasei are o form\u0103 semicircular\u0103 \u0219i o clem\u0103 semicircular\u0103 pentru fixarea sigur\u0103 a comutatorului basculant pe \u021beava rotund\u0103 a m\u00e2nerului unit\u0103\u021bii.<\/p>","protected":false},"excerpt":{"rendered":"<p>Comutator de oprire a motorului (pe volan) pentru motorul pe benzin\u0103 168F\/170F este un element care asigur\u0103 oprirea rapid\u0103 a unit\u0103\u021bii de alimentare \u00een timpul func\u021bion\u0103rii. Este folosit la motoarele de construc\u021bii \u0219i ma\u0219ini agricole. Montat pe m\u00e2nerul motorului \u00een imediata apropiere a operatorului, in cazul unei situa\u021bii periculoase sau al necesit\u0103\u021bii de a opri&hellip;<\/p>","protected":false},"featured_media":1709,"template":"","meta":[],"product_cat":[64],"product_tag":[],"class_list":{"0":"post-1704","1":"product","2":"type-product","3":"status-publish","4":"has-post-thumbnail","6":"product_cat-piese-auto","8":"first","9":"instock","10":"shipping-taxable","11":"product-type-simple"},"_links":{"self":[{"href":"https:\/\/motovitalex.md\/ru\/wp-json\/wp\/v2\/product\/1704","targetHints":{"allow":["GET"]}}],"collection":[{"href":"https:\/\/motovitalex.md\/ru\/wp-json\/wp\/v2\/product"}],"about":[{"href":"https:\/\/motovitalex.md\/ru\/wp-json\/wp\/v2\/types\/product"}],"version-history":[{"count":3,"href":"https:\/\/motovitalex.md\/ru\/wp-json\/wp\/v2\/product\/1704\/revisions"}],"predecessor-version":[{"id":1708,"href":"https:\/\/motovitalex.md\/ru\/wp-json\/wp\/v2\/product\/1704\/revisions\/1708"}],"wp:featuredmedia":[{"embeddable":true,"href":"https:\/\/motovitalex.md\/ru\/wp-json\/wp\/v2\/media\/1709"}],"wp:attachment":[{"href":"https:\/\/motovitalex.md\/ru\/wp-json\/wp\/v2\/media?parent=1704"}],"wp:term":[{"taxonomy":"product_cat","embeddable":true,"href":"https:\/\/motovitalex.md\/ru\/wp-json\/wp\/v2\/product_cat?post=1704"},{"taxonomy":"product_tag","embeddable":true,"href":"https:\/\/motovitalex.md\/ru\/wp-json\/wp\/v2\/product_tag?post=1704"}],"curies":[{"name":"wp","href":"https:\/\/api.w.org\/{rel}","templated":true}]}}