{"id":1701,"date":"2024-12-21T21:18:06","date_gmt":"2024-12-21T21:18:06","guid":{"rendered":"https:\/\/motovitalex.md\/?post_type=product&#038;p=1701"},"modified":"2024-12-21T21:18:06","modified_gmt":"2024-12-21T21:18:06","slug":"carburator-pentru-motor-pe-benzina-168f","status":"publish","type":"product","link":"https:\/\/motovitalex.md\/ru\/product\/carburator-pentru-motor-pe-benzina-168f\/","title":{"rendered":"Carburator  pentru motor pe benzina 168F"},"content":{"rendered":"<p>Carburatorul\u00a0 pentru motorul pe benzin\u0103 168F este un element al sistemului de admisie al unit\u0103\u021bii de putere. Este conceput pentru a preg\u0103ti un amestec de combustibil din aer \u0219i combustibil \u00een propor\u021biile necesare pentru func\u021bionarea corect\u0103 a motorului.<\/p>\n<p>Piesa este format\u0103 din &#8211; un corp, amortizoare, un flotor \u0219i un jet. Pentru a regla raportul aer \/ benzin\u0103 \u00een amestecul de combustibil, carburatorul are un \u0219urub de reglare special. \u0218urubul de reglare a mersului \u00een gol este situat separat. O supap\u0103 de alimentare cu combustibil este \u00eencorporat\u0103 \u00een pies\u0103, care opre\u0219te fluxul de benzin\u0103 \u00een camera de plutire atunci c\u00e2nd este inactiv.<\/p>\n<p><strong> Setul include:<\/strong><\/p>\n<p>\u2022 Furtun de combustibil cu cleme pentru conectarea carburatorului la rezervorul de benzin\u0103.<\/p>\n<p>\u2022 P\u00e2rghie din plastic care controleaz\u0103 clapeta de \u00eembog\u0103\u021bire a amestecului de combustibil. Se ata\u0219eaz\u0103 la \u0219tifturile carburatorului. Ofer\u0103 posibilitatea de a deschide \u0219i \u00eenchide manual amortizorul \u00een momentul pornirii motorului.<\/p>\n<p>&nbsp;<\/p>","protected":false},"excerpt":{"rendered":"<p>Carburatorul\u00a0 pentru motorul pe benzin\u0103 168F este un element al sistemului de admisie al unit\u0103\u021bii de putere. Este conceput pentru a preg\u0103ti un amestec de combustibil din aer \u0219i combustibil \u00een propor\u021biile necesare pentru func\u021bionarea corect\u0103 a motorului. Piesa este format\u0103 din &#8211; un corp, amortizoare, un flotor \u0219i un jet. Pentru a regla raportul&hellip;<\/p>","protected":false},"featured_media":1702,"template":"","meta":[],"product_cat":[64],"product_tag":[],"class_list":{"0":"post-1701","1":"product","2":"type-product","3":"status-publish","4":"has-post-thumbnail","6":"product_cat-piese-auto","8":"first","9":"instock","10":"shipping-taxable","11":"product-type-simple"},"_links":{"self":[{"href":"https:\/\/motovitalex.md\/ru\/wp-json\/wp\/v2\/product\/1701","targetHints":{"allow":["GET"]}}],"collection":[{"href":"https:\/\/motovitalex.md\/ru\/wp-json\/wp\/v2\/product"}],"about":[{"href":"https:\/\/motovitalex.md\/ru\/wp-json\/wp\/v2\/types\/product"}],"version-history":[{"count":1,"href":"https:\/\/motovitalex.md\/ru\/wp-json\/wp\/v2\/product\/1701\/revisions"}],"predecessor-version":[{"id":1703,"href":"https:\/\/motovitalex.md\/ru\/wp-json\/wp\/v2\/product\/1701\/revisions\/1703"}],"wp:featuredmedia":[{"embeddable":true,"href":"https:\/\/motovitalex.md\/ru\/wp-json\/wp\/v2\/media\/1702"}],"wp:attachment":[{"href":"https:\/\/motovitalex.md\/ru\/wp-json\/wp\/v2\/media?parent=1701"}],"wp:term":[{"taxonomy":"product_cat","embeddable":true,"href":"https:\/\/motovitalex.md\/ru\/wp-json\/wp\/v2\/product_cat?post=1701"},{"taxonomy":"product_tag","embeddable":true,"href":"https:\/\/motovitalex.md\/ru\/wp-json\/wp\/v2\/product_tag?post=1701"}],"curies":[{"name":"wp","href":"https:\/\/api.w.org\/{rel}","templated":true}]}}