{"id":1694,"date":"2024-12-21T21:08:27","date_gmt":"2024-12-21T21:08:27","guid":{"rendered":"https:\/\/motovitalex.md\/?post_type=product&#038;p=1694"},"modified":"2024-12-22T09:31:52","modified_gmt":"2024-12-22T09:31:52","slug":"bobina-de-inalta-tensiune-pentru-motor-pe-benzina-168f-170f","status":"publish","type":"product","link":"https:\/\/motovitalex.md\/ru\/product\/bobina-de-inalta-tensiune-pentru-motor-pe-benzina-168f-170f\/","title":{"rendered":"Bobina de inalta tensiune, pentru motor pe benzina 168F\/170F"},"content":{"rendered":"<p>Bobina de \u00eenalt\u0103 tensiune\u00a0 (cu un sfe\u0219nic) pentru un motor pe benzin\u0103 168F\/170F.<\/p>\n<p>Piesa de schimb este o bobin\u0103 de s\u00e2rm\u0103 de cupru pe un miez metalic umplut cu ceramic\u0103, cu un cablu de \u00eenalt\u0103 tensiune \u0219i un capac de lum\u00e2nare.<\/p>\n<p>Este folosit pentru a genera un curent de \u00eenalt\u0103 tensiune necesar pentru a aprinde amestecul de combustibil din camera de ardere. Este montat pe corpul unit\u0103\u021bii de alimentare l\u00e2ng\u0103 volant\u0103, unde se afl\u0103 un magnet permanent puternic. Principiul de func\u021bionare al bobinei de \u00eenalt\u0103 tensiune se bazeaz\u0103 pe apari\u021bia EMF de auto-induc\u021bie atunci c\u00e2nd c\u00e2mpul magnetic se modific\u0103 \u00een nuclee. \u00cen momentul \u00een care magnetul trece \u00een apropierea bobinei, are loc o desc\u0103rcare puternic\u0103 \u00een eclatorul lum\u00e2n\u0103rii, care aprinde combustibilul din camera de ardere. Pentru func\u021bionarea fiabil\u0103 a sistemului de aprindere, este necesar s\u0103 se monitorizeze fiabilitatea fix\u0103rii bobinei la carcas\u0103 \u0219i fiabilitatea contactului de pe bujie.<\/p>","protected":false},"excerpt":{"rendered":"<p>Bobina de \u00eenalt\u0103 tensiune\u00a0 (cu un sfe\u0219nic) pentru un motor pe benzin\u0103 168F\/170F. Piesa de schimb este o bobin\u0103 de s\u00e2rm\u0103 de cupru pe un miez metalic umplut cu ceramic\u0103, cu un cablu de \u00eenalt\u0103 tensiune \u0219i un capac de lum\u00e2nare. Este folosit pentru a genera un curent de \u00eenalt\u0103 tensiune necesar pentru a aprinde&hellip;<\/p>","protected":false},"featured_media":1725,"template":"","meta":[],"product_cat":[64],"product_tag":[],"class_list":{"0":"post-1694","1":"product","2":"type-product","3":"status-publish","4":"has-post-thumbnail","6":"product_cat-piese-auto","8":"first","9":"instock","10":"shipping-taxable","11":"product-type-simple"},"_links":{"self":[{"href":"https:\/\/motovitalex.md\/ru\/wp-json\/wp\/v2\/product\/1694","targetHints":{"allow":["GET"]}}],"collection":[{"href":"https:\/\/motovitalex.md\/ru\/wp-json\/wp\/v2\/product"}],"about":[{"href":"https:\/\/motovitalex.md\/ru\/wp-json\/wp\/v2\/types\/product"}],"version-history":[{"count":1,"href":"https:\/\/motovitalex.md\/ru\/wp-json\/wp\/v2\/product\/1694\/revisions"}],"predecessor-version":[{"id":1696,"href":"https:\/\/motovitalex.md\/ru\/wp-json\/wp\/v2\/product\/1694\/revisions\/1696"}],"wp:featuredmedia":[{"embeddable":true,"href":"https:\/\/motovitalex.md\/ru\/wp-json\/wp\/v2\/media\/1725"}],"wp:attachment":[{"href":"https:\/\/motovitalex.md\/ru\/wp-json\/wp\/v2\/media?parent=1694"}],"wp:term":[{"taxonomy":"product_cat","embeddable":true,"href":"https:\/\/motovitalex.md\/ru\/wp-json\/wp\/v2\/product_cat?post=1694"},{"taxonomy":"product_tag","embeddable":true,"href":"https:\/\/motovitalex.md\/ru\/wp-json\/wp\/v2\/product_tag?post=1694"}],"curies":[{"name":"wp","href":"https:\/\/api.w.org\/{rel}","templated":true}]}}