{"id":1691,"date":"2024-12-21T21:04:30","date_gmt":"2024-12-21T21:04:30","guid":{"rendered":"https:\/\/motovitalex.md\/?post_type=product&#038;p=1691"},"modified":"2024-12-26T18:58:33","modified_gmt":"2024-12-26T18:58:33","slug":"bloc-motor-pentru-motor-pe-benzina-170f-pentru-piston-de-70-mm","status":"publish","type":"product","link":"https:\/\/motovitalex.md\/ru\/product\/bloc-motor-pentru-motor-pe-benzina-170f-pentru-piston-de-70-mm\/","title":{"rendered":"Bloc motor , pentru motor pe benzin\u0103 170F pentru piston de 70 mm"},"content":{"rendered":"<p>Blocul motor, pentru motorul pe benzin\u0103 170F cu piston de 70 mm este corpul unit\u0103\u021bii de alimentare. Fabricat din aluminiu prin turnare cu \u0219lefuirea ulterioar\u0103 a suprafe\u021belor critice (g\u0103uri de montare, potrivire marginile chiulasei \u0219i capacului).<\/p>\n<p>Cilindrul bloc are un man\u0219on din font\u0103 turnat \u00een aluminiu, form\u00e2nd o camer\u0103 de ardere \u0219i aripioare dezvoltate pentru o disipare \u00eembun\u0103t\u0103\u021bit\u0103 a c\u0103ldurii.<\/p>\n<p><strong>Piesa \u00eendepline\u0219te urm\u0103toarele func\u021bii:<\/strong><\/p>\n<p>\u2022 Rulment: blocul are orificii de montare pentru montarea rulmentilor de sustinere si a osiilor principalelor parti ale motorului, precum arborele cotit, arborele cu came, precum si multe elemente exterioare, un rezervor de benzina, o bobina de aprindere etc.<\/p>\n<p>\u2022 Protectie: protejeaza mecanismele motorului de influente externe adverse, umiditate, murdarie, praf, deteriorari mecanice.<\/p>\n<p>\u2022 R\u0103cire: cu o suprafa\u021b\u0103 exterioar\u0103 mare, blocul motor elimin\u0103 o mare parte din c\u0103ldura generat\u0103 \u00een timpul func\u021bion\u0103rii din pachetul de putere.<\/p>","protected":false},"excerpt":{"rendered":"<p>Blocul motor, pentru motorul pe benzin\u0103 170F cu piston de 70 mm este corpul unit\u0103\u021bii de alimentare. Fabricat din aluminiu prin turnare cu \u0219lefuirea ulterioar\u0103 a suprafe\u021belor critice (g\u0103uri de montare, potrivire marginile chiulasei \u0219i capacului). Cilindrul bloc are un man\u0219on din font\u0103 turnat \u00een aluminiu, form\u00e2nd o camer\u0103 de ardere \u0219i aripioare dezvoltate pentru&hellip;<\/p>","protected":false},"featured_media":2201,"template":"","meta":[],"product_cat":[64],"product_tag":[],"class_list":{"0":"post-1691","1":"product","2":"type-product","3":"status-publish","4":"has-post-thumbnail","6":"product_cat-piese-auto","8":"first","9":"instock","10":"shipping-taxable","11":"product-type-simple"},"_links":{"self":[{"href":"https:\/\/motovitalex.md\/ru\/wp-json\/wp\/v2\/product\/1691","targetHints":{"allow":["GET"]}}],"collection":[{"href":"https:\/\/motovitalex.md\/ru\/wp-json\/wp\/v2\/product"}],"about":[{"href":"https:\/\/motovitalex.md\/ru\/wp-json\/wp\/v2\/types\/product"}],"version-history":[{"count":1,"href":"https:\/\/motovitalex.md\/ru\/wp-json\/wp\/v2\/product\/1691\/revisions"}],"predecessor-version":[{"id":1693,"href":"https:\/\/motovitalex.md\/ru\/wp-json\/wp\/v2\/product\/1691\/revisions\/1693"}],"wp:featuredmedia":[{"embeddable":true,"href":"https:\/\/motovitalex.md\/ru\/wp-json\/wp\/v2\/media\/2201"}],"wp:attachment":[{"href":"https:\/\/motovitalex.md\/ru\/wp-json\/wp\/v2\/media?parent=1691"}],"wp:term":[{"taxonomy":"product_cat","embeddable":true,"href":"https:\/\/motovitalex.md\/ru\/wp-json\/wp\/v2\/product_cat?post=1691"},{"taxonomy":"product_tag","embeddable":true,"href":"https:\/\/motovitalex.md\/ru\/wp-json\/wp\/v2\/product_tag?post=1691"}],"curies":[{"name":"wp","href":"https:\/\/api.w.org\/{rel}","templated":true}]}}