{"id":1679,"date":"2024-12-21T20:49:47","date_gmt":"2024-12-21T20:49:47","guid":{"rendered":"https:\/\/motovitalex.md\/?post_type=product&#038;p=1679"},"modified":"2024-12-21T20:49:47","modified_gmt":"2024-12-21T20:49:47","slug":"arc-pe-tija-carburator-pentru-motor-pe-benzina-168f-170f","status":"publish","type":"product","link":"https:\/\/motovitalex.md\/ru\/product\/arc-pe-tija-carburator-pentru-motor-pe-benzina-168f-170f\/","title":{"rendered":"Arc pe tija carburator pentru motor pe benzin\u0103 168F\/170F"},"content":{"rendered":"<p>Piesa este proiectat\u0103 pentru a func\u021biona \u00een sistemul de control al motorului \u0219i al vitezei. Este montat pe o leg\u0103tur\u0103 de la p\u00e2rghia regulatorului centrifugal la butonul de control al accelera\u021biei din carburator. Arcul creeaz\u0103 for\u021ba necesar\u0103 pentru func\u021bionarea corect\u0103 a regulatorului la ralanti.<\/p>\n<p>Piesa de schimb este realizata din otel pentru arc. Lungimea \u0219i for\u021ba sa sunt potrivite cu precizie pentru a asigura performan\u021be optime ale motorului. \u00cen timp, caracteristicile sale se pot schimba \u00een direc\u021bia de sl\u0103bire \u0219i \u00eentindere, ceea ce va duce la ralanti instabil al motorului. \u00cen acest caz, piesa trebuie \u00eenlocuit\u0103 cu una nou\u0103<\/p>","protected":false},"excerpt":{"rendered":"<p>Piesa este proiectat\u0103 pentru a func\u021biona \u00een sistemul de control al motorului \u0219i al vitezei. Este montat pe o leg\u0103tur\u0103 de la p\u00e2rghia regulatorului centrifugal la butonul de control al accelera\u021biei din carburator. Arcul creeaz\u0103 for\u021ba necesar\u0103 pentru func\u021bionarea corect\u0103 a regulatorului la ralanti. Piesa de schimb este realizata din otel pentru arc. Lungimea \u0219i&hellip;<\/p>","protected":false},"featured_media":1680,"template":"","meta":[],"product_cat":[64],"product_tag":[],"class_list":{"0":"post-1679","1":"product","2":"type-product","3":"status-publish","4":"has-post-thumbnail","6":"product_cat-piese-auto","8":"first","9":"instock","10":"shipping-taxable","11":"product-type-simple"},"_links":{"self":[{"href":"https:\/\/motovitalex.md\/ru\/wp-json\/wp\/v2\/product\/1679","targetHints":{"allow":["GET"]}}],"collection":[{"href":"https:\/\/motovitalex.md\/ru\/wp-json\/wp\/v2\/product"}],"about":[{"href":"https:\/\/motovitalex.md\/ru\/wp-json\/wp\/v2\/types\/product"}],"version-history":[{"count":1,"href":"https:\/\/motovitalex.md\/ru\/wp-json\/wp\/v2\/product\/1679\/revisions"}],"predecessor-version":[{"id":1681,"href":"https:\/\/motovitalex.md\/ru\/wp-json\/wp\/v2\/product\/1679\/revisions\/1681"}],"wp:featuredmedia":[{"embeddable":true,"href":"https:\/\/motovitalex.md\/ru\/wp-json\/wp\/v2\/media\/1680"}],"wp:attachment":[{"href":"https:\/\/motovitalex.md\/ru\/wp-json\/wp\/v2\/media?parent=1679"}],"wp:term":[{"taxonomy":"product_cat","embeddable":true,"href":"https:\/\/motovitalex.md\/ru\/wp-json\/wp\/v2\/product_cat?post=1679"},{"taxonomy":"product_tag","embeddable":true,"href":"https:\/\/motovitalex.md\/ru\/wp-json\/wp\/v2\/product_tag?post=1679"}],"curies":[{"name":"wp","href":"https:\/\/api.w.org\/{rel}","templated":true}]}}