{"id":1676,"date":"2024-12-21T20:46:23","date_gmt":"2024-12-21T20:46:23","guid":{"rendered":"https:\/\/motovitalex.md\/?post_type=product&#038;p=1676"},"modified":"2024-12-21T20:46:23","modified_gmt":"2024-12-21T20:46:23","slug":"arc-demaror-pentru-motor-pe-benzina-168f-170f","status":"publish","type":"product","link":"https:\/\/motovitalex.md\/ru\/product\/arc-demaror-pentru-motor-pe-benzina-168f-170f\/","title":{"rendered":"Arc demaror  pentru motor pe benzina 168F\/170F"},"content":{"rendered":"<p>Arcul de pornire\u00a0 pentru motoarele pe benzin\u0103 168F\/170F este o component\u0103 utilizat\u0103 \u00een sistemul de pornire al motorului. Scopul s\u0103u principal este de a furniza energie pentru pornirea motorului, cre\u00e2nd tensiunea \u0219i rota\u021bia necesare pentru a porni arderea intern\u0103. Arcul demarorului stocheaz\u0103 \u0219i elibereaz\u0103 energia necesar\u0103 pentru a roti mecanic demarorul, care ini\u021biaz\u0103 pornirea motorului. Dac\u0103 arcul demarorului r\u0103m\u00e2ne defect sau uzat, poate cauza probleme la pornirea motorului. F\u0103r\u0103 un arc de pornire func\u021bional, poate fi dificil s\u0103 porni\u021bi motorul, ceea ce va afecta performan\u021ba \u0219i fiabilitatea motorului. Un arc defect poate duce la o performan\u021b\u0103 redus\u0103 de pornire a motorului, mai ales \u00een climatele reci sau dificile. Ca urmare, acest lucru poate fi incomod \u0219i necesit\u0103 o interven\u021bie mai frecvent\u0103 pentru a porni manual motorul.<\/p>","protected":false},"excerpt":{"rendered":"<p>Arcul de pornire\u00a0 pentru motoarele pe benzin\u0103 168F\/170F este o component\u0103 utilizat\u0103 \u00een sistemul de pornire al motorului. Scopul s\u0103u principal este de a furniza energie pentru pornirea motorului, cre\u00e2nd tensiunea \u0219i rota\u021bia necesare pentru a porni arderea intern\u0103. Arcul demarorului stocheaz\u0103 \u0219i elibereaz\u0103 energia necesar\u0103 pentru a roti mecanic demarorul, care ini\u021biaz\u0103 pornirea motorului.&hellip;<\/p>","protected":false},"featured_media":1677,"template":"","meta":[],"product_cat":[64],"product_tag":[],"class_list":{"0":"post-1676","1":"product","2":"type-product","3":"status-publish","4":"has-post-thumbnail","6":"product_cat-piese-auto","8":"first","9":"instock","10":"shipping-taxable","11":"product-type-simple"},"_links":{"self":[{"href":"https:\/\/motovitalex.md\/ru\/wp-json\/wp\/v2\/product\/1676","targetHints":{"allow":["GET"]}}],"collection":[{"href":"https:\/\/motovitalex.md\/ru\/wp-json\/wp\/v2\/product"}],"about":[{"href":"https:\/\/motovitalex.md\/ru\/wp-json\/wp\/v2\/types\/product"}],"version-history":[{"count":1,"href":"https:\/\/motovitalex.md\/ru\/wp-json\/wp\/v2\/product\/1676\/revisions"}],"predecessor-version":[{"id":1678,"href":"https:\/\/motovitalex.md\/ru\/wp-json\/wp\/v2\/product\/1676\/revisions\/1678"}],"wp:featuredmedia":[{"embeddable":true,"href":"https:\/\/motovitalex.md\/ru\/wp-json\/wp\/v2\/media\/1677"}],"wp:attachment":[{"href":"https:\/\/motovitalex.md\/ru\/wp-json\/wp\/v2\/media?parent=1676"}],"wp:term":[{"taxonomy":"product_cat","embeddable":true,"href":"https:\/\/motovitalex.md\/ru\/wp-json\/wp\/v2\/product_cat?post=1676"},{"taxonomy":"product_tag","embeddable":true,"href":"https:\/\/motovitalex.md\/ru\/wp-json\/wp\/v2\/product_tag?post=1676"}],"curies":[{"name":"wp","href":"https:\/\/api.w.org\/{rel}","templated":true}]}}