{"id":1670,"date":"2024-12-21T20:37:53","date_gmt":"2024-12-21T20:37:53","guid":{"rendered":"https:\/\/motovitalex.md\/?post_type=product&#038;p=1670"},"modified":"2024-12-21T20:37:53","modified_gmt":"2024-12-21T20:37:53","slug":"ansamblu-arbore-cotit-pentru-caneluri-pentru-motor-pe-benzina-168f-25-mm","status":"publish","type":"product","link":"https:\/\/motovitalex.md\/ru\/product\/ansamblu-arbore-cotit-pentru-caneluri-pentru-motor-pe-benzina-168f-25-mm\/","title":{"rendered":"Ansamblu arbore cotit pentru caneluri  pentru motor pe benzin\u0103 168F, 25 mm"},"content":{"rendered":"<p>Ansamblu arbore cotit pentru caneluri , pentru motor pe benzin\u0103 168F, 25 mm &#8211; una dintre cele mai importante componente ale unit\u0103\u021bii de putere, realizat pe echipamente de \u00eenalt\u0103 precizie folosind tehnologii originale.<\/p>\n<p>C\u00e2nd pistonul se mi\u0219c\u0103 \u00een sus \u0219i \u00een jos, biela transmite aceast\u0103 mi\u0219care arborelui cotit, care la r\u00e2ndul s\u0103u o transform\u0103 \u00een rota\u021bie. O astfel de transmisie prin mecanismele de transmisie la ro\u021bile tractorului cu mers \u00een spate antreneaz\u0103 alte componente de ac\u021bionare ale tractorului cu mers \u00een spate. Un aspect important este rezisten\u021ba \u0219i durabilitatea produsului. Realizat din materiale de \u00eenalt\u0103 calitate, arborele cotit poate rezista la sarcini grele, astfel \u00eenc\u00e2t poate fi folosit \u00een cele mai dificile condi\u021bii. Designul piesei asigur\u0103 o mare precizie la asamblarea motorului, ceea ce v\u0103 permite s\u0103 ob\u021bine\u021bi eficien\u021ba maxim\u0103 a echipamentului<\/p>","protected":false},"excerpt":{"rendered":"<p>Ansamblu arbore cotit pentru caneluri , pentru motor pe benzin\u0103 168F, 25 mm &#8211; una dintre cele mai importante componente ale unit\u0103\u021bii de putere, realizat pe echipamente de \u00eenalt\u0103 precizie folosind tehnologii originale. C\u00e2nd pistonul se mi\u0219c\u0103 \u00een sus \u0219i \u00een jos, biela transmite aceast\u0103 mi\u0219care arborelui cotit, care la r\u00e2ndul s\u0103u o transform\u0103 \u00een&hellip;<\/p>","protected":false},"featured_media":1671,"template":"","meta":[],"product_cat":[64],"product_tag":[],"class_list":{"0":"post-1670","1":"product","2":"type-product","3":"status-publish","4":"has-post-thumbnail","6":"product_cat-piese-auto","8":"first","9":"instock","10":"shipping-taxable","11":"product-type-simple"},"_links":{"self":[{"href":"https:\/\/motovitalex.md\/ru\/wp-json\/wp\/v2\/product\/1670","targetHints":{"allow":["GET"]}}],"collection":[{"href":"https:\/\/motovitalex.md\/ru\/wp-json\/wp\/v2\/product"}],"about":[{"href":"https:\/\/motovitalex.md\/ru\/wp-json\/wp\/v2\/types\/product"}],"version-history":[{"count":1,"href":"https:\/\/motovitalex.md\/ru\/wp-json\/wp\/v2\/product\/1670\/revisions"}],"predecessor-version":[{"id":1672,"href":"https:\/\/motovitalex.md\/ru\/wp-json\/wp\/v2\/product\/1670\/revisions\/1672"}],"wp:featuredmedia":[{"embeddable":true,"href":"https:\/\/motovitalex.md\/ru\/wp-json\/wp\/v2\/media\/1671"}],"wp:attachment":[{"href":"https:\/\/motovitalex.md\/ru\/wp-json\/wp\/v2\/media?parent=1670"}],"wp:term":[{"taxonomy":"product_cat","embeddable":true,"href":"https:\/\/motovitalex.md\/ru\/wp-json\/wp\/v2\/product_cat?post=1670"},{"taxonomy":"product_tag","embeddable":true,"href":"https:\/\/motovitalex.md\/ru\/wp-json\/wp\/v2\/product_tag?post=1670"}],"curies":[{"name":"wp","href":"https:\/\/api.w.org\/{rel}","templated":true}]}}