{"id":1667,"date":"2024-12-21T20:33:05","date_gmt":"2024-12-21T20:33:05","guid":{"rendered":"https:\/\/motovitalex.md\/?post_type=product&#038;p=1667"},"modified":"2024-12-21T20:33:05","modified_gmt":"2024-12-21T20:33:05","slug":"ansamblu-arbore-cotit-pentru-caneluri-pentru-motor-pe-benzina-168f-20-mm","status":"publish","type":"product","link":"https:\/\/motovitalex.md\/ru\/product\/ansamblu-arbore-cotit-pentru-caneluri-pentru-motor-pe-benzina-168f-20-mm\/","title":{"rendered":"Ansamblu arbore cotit pentru caneluri  pentru motor pe benzina 168F, 20 mm"},"content":{"rendered":"<p>Ansamblu arbore cotit pentru caneluri\u00a0 pentru motor pe benzin\u0103 168F, 20 mm &#8211; un produs fiabil de \u00eenalt\u0103 calitate, care este produs special pentru motoarele cu o putere de 6,5-7 CP. \u0219i un diametru al cilindrului de 68 mm. Conceput pentru utilizare \u00een diferite tipuri de echipamente, inclusiv tractoare, generatoare, pompe \u0219i alte mecanisme.<\/p>\n<p>Piesa are un design robust, care asigur\u0103 func\u021bionarea stabil\u0103 a unit\u0103\u021bii de putere la sarcini mari. Produsul metalic al produc\u021biei originale asigur\u0103 o durat\u0103 lung\u0103 de via\u021b\u0103 \u0219i fiabilitate pe toat\u0103 durata de via\u021b\u0103. Datorit\u0103 caracteristicilor de proiectare, piesa este u\u0219or de instalat cu precizie ridicat\u0103 la asamblarea motorului. \u00cen timpul produc\u021biei, piesa este testat\u0103 pentru conformitatea cu standardele de calitate care confirm\u0103 fiabilitatea \u0219i durabilitatea acesteia.<\/p>","protected":false},"excerpt":{"rendered":"<p>Ansamblu arbore cotit pentru caneluri\u00a0 pentru motor pe benzin\u0103 168F, 20 mm &#8211; un produs fiabil de \u00eenalt\u0103 calitate, care este produs special pentru motoarele cu o putere de 6,5-7 CP. \u0219i un diametru al cilindrului de 68 mm. Conceput pentru utilizare \u00een diferite tipuri de echipamente, inclusiv tractoare, generatoare, pompe \u0219i alte mecanisme. Piesa&hellip;<\/p>","protected":false},"featured_media":1668,"template":"","meta":[],"product_cat":[64],"product_tag":[],"class_list":{"0":"post-1667","1":"product","2":"type-product","3":"status-publish","4":"has-post-thumbnail","6":"product_cat-piese-auto","8":"first","9":"instock","10":"shipping-taxable","11":"product-type-simple"},"_links":{"self":[{"href":"https:\/\/motovitalex.md\/ru\/wp-json\/wp\/v2\/product\/1667","targetHints":{"allow":["GET"]}}],"collection":[{"href":"https:\/\/motovitalex.md\/ru\/wp-json\/wp\/v2\/product"}],"about":[{"href":"https:\/\/motovitalex.md\/ru\/wp-json\/wp\/v2\/types\/product"}],"version-history":[{"count":1,"href":"https:\/\/motovitalex.md\/ru\/wp-json\/wp\/v2\/product\/1667\/revisions"}],"predecessor-version":[{"id":1669,"href":"https:\/\/motovitalex.md\/ru\/wp-json\/wp\/v2\/product\/1667\/revisions\/1669"}],"wp:featuredmedia":[{"embeddable":true,"href":"https:\/\/motovitalex.md\/ru\/wp-json\/wp\/v2\/media\/1668"}],"wp:attachment":[{"href":"https:\/\/motovitalex.md\/ru\/wp-json\/wp\/v2\/media?parent=1667"}],"wp:term":[{"taxonomy":"product_cat","embeddable":true,"href":"https:\/\/motovitalex.md\/ru\/wp-json\/wp\/v2\/product_cat?post=1667"},{"taxonomy":"product_tag","embeddable":true,"href":"https:\/\/motovitalex.md\/ru\/wp-json\/wp\/v2\/product_tag?post=1667"}],"curies":[{"name":"wp","href":"https:\/\/api.w.org\/{rel}","templated":true}]}}