{"id":1658,"date":"2024-12-21T20:22:19","date_gmt":"2024-12-21T20:22:19","guid":{"rendered":"https:\/\/motovitalex.md\/?post_type=product&#038;p=1658"},"modified":"2024-12-21T20:24:28","modified_gmt":"2024-12-21T20:24:28","slug":"ansamblu-arbore-cotit-cu-cheie-pentru-motor-pe-benzina-168f-19-mm","status":"publish","type":"product","link":"https:\/\/motovitalex.md\/ru\/product\/ansamblu-arbore-cotit-cu-cheie-pentru-motor-pe-benzina-168f-19-mm\/","title":{"rendered":"Ansamblu arbore cotit cu cheie  pentru motor pe benzina 168F, 19 mm"},"content":{"rendered":"<p>Ansamblu arbore cotit pentru cheia , pentru motorul pe benzin\u0103 168F, 19 mm &#8211; o component\u0103 a unei unit\u0103\u021bi de putere cu combustie intern\u0103, care este utilizat\u0103 \u00een unit\u0103\u021bile cu benzin\u0103 de putere redus\u0103 utilizate \u00een tractoare, echipamente de gr\u0103din\u0103, generatoare \u0219i pompe.<\/p>\n<p><strong>Caracteristicile dispozitivului \u0219i func\u021bionarea<\/strong><\/p>\n<p>-Scopul func\u021bional este conversia mi\u0219c\u0103rilor alternative ale pistonului \u00een mi\u0219c\u0103ri de rota\u021bie. Acest lucru se datoreaz\u0103 mi\u0219c\u0103rii bielei, care afecteaz\u0103 configura\u021bia special\u0103 a arborelui cotit.<\/p>\n<p>Produsul este fabricat din font\u0103 de \u00eenalt\u0103 calitate, care ofer\u0103 pieselor rezisten\u021b\u0103 \u0219i durabilitate.<strong> Dac\u0103 o pies\u0103 de schimb este defect\u0103, aceasta trebuie \u00eenlocuit\u0103 imediat. Utilizarea gre\u0219it\u0103 a unei componente uzate poate duce la defec\u021biunea acesteia \u0219i poate cauza daune grave motorului \u00eensu\u0219i.<\/strong><\/p>","protected":false},"excerpt":{"rendered":"<p>Ansamblu arbore cotit pentru cheia , pentru motorul pe benzin\u0103 168F, 19 mm &#8211; o component\u0103 a unei unit\u0103\u021bi de putere cu combustie intern\u0103, care este utilizat\u0103 \u00een unit\u0103\u021bile cu benzin\u0103 de putere redus\u0103 utilizate \u00een tractoare, echipamente de gr\u0103din\u0103, generatoare \u0219i pompe. Caracteristicile dispozitivului \u0219i func\u021bionarea -Scopul func\u021bional este conversia mi\u0219c\u0103rilor alternative ale pistonului&hellip;<\/p>","protected":false},"featured_media":1659,"template":"","meta":[],"product_cat":[64],"product_tag":[],"class_list":{"0":"post-1658","1":"product","2":"type-product","3":"status-publish","4":"has-post-thumbnail","6":"product_cat-piese-auto","8":"first","9":"instock","10":"shipping-taxable","11":"product-type-simple"},"_links":{"self":[{"href":"https:\/\/motovitalex.md\/ru\/wp-json\/wp\/v2\/product\/1658","targetHints":{"allow":["GET"]}}],"collection":[{"href":"https:\/\/motovitalex.md\/ru\/wp-json\/wp\/v2\/product"}],"about":[{"href":"https:\/\/motovitalex.md\/ru\/wp-json\/wp\/v2\/types\/product"}],"version-history":[{"count":4,"href":"https:\/\/motovitalex.md\/ru\/wp-json\/wp\/v2\/product\/1658\/revisions"}],"predecessor-version":[{"id":1663,"href":"https:\/\/motovitalex.md\/ru\/wp-json\/wp\/v2\/product\/1658\/revisions\/1663"}],"wp:featuredmedia":[{"embeddable":true,"href":"https:\/\/motovitalex.md\/ru\/wp-json\/wp\/v2\/media\/1659"}],"wp:attachment":[{"href":"https:\/\/motovitalex.md\/ru\/wp-json\/wp\/v2\/media?parent=1658"}],"wp:term":[{"taxonomy":"product_cat","embeddable":true,"href":"https:\/\/motovitalex.md\/ru\/wp-json\/wp\/v2\/product_cat?post=1658"},{"taxonomy":"product_tag","embeddable":true,"href":"https:\/\/motovitalex.md\/ru\/wp-json\/wp\/v2\/product_tag?post=1658"}],"curies":[{"name":"wp","href":"https:\/\/api.w.org\/{rel}","templated":true}]}}