{"id":1642,"date":"2024-12-21T19:58:37","date_gmt":"2024-12-21T19:58:37","guid":{"rendered":"https:\/\/motovitalex.md\/?post_type=product&#038;p=1642"},"modified":"2024-12-21T19:58:37","modified_gmt":"2024-12-21T19:58:37","slug":"set-de-supape-arcuri-placi-fisuri-pentru-2-celule-186f","status":"publish","type":"product","link":"https:\/\/motovitalex.md\/ru\/product\/set-de-supape-arcuri-placi-fisuri-pentru-2-celule-186f\/","title":{"rendered":"Set de supape (arcuri, pl\u0103ci, fisuri &#8230;) pentru 2 celule. &#8211; 186F"},"content":{"rendered":"<p>Set mecanism de supap\u0103 (arcuri, pl\u0103ci, biscui\u021bi&#8230;) pentru 2 celule. &#8211; 186F este potrivit pentru motoarele diesel ale tractoarelor cu mers pe jos \u0219i alte echipamente de 10 CP. aer r\u0103cit.<\/p>\n<p>\u00cen\u0103l\u021bimea arcului (mm) &#8211; 41<\/p>\n<p>Diametru arc (mm) &#8211; 26<\/p>\n<p>Greutate setat\u0103 (gr.) &#8211; 100<\/p>","protected":false},"excerpt":{"rendered":"<p>Set mecanism de supap\u0103 (arcuri, pl\u0103ci, biscui\u021bi&#8230;) pentru 2 celule. &#8211; 186F este potrivit pentru motoarele diesel ale tractoarelor cu mers pe jos \u0219i alte echipamente de 10 CP. aer r\u0103cit. \u00cen\u0103l\u021bimea arcului (mm) &#8211; 41 Diametru arc (mm) &#8211; 26 Greutate setat\u0103 (gr.) &#8211; 100<\/p>","protected":false},"featured_media":1643,"template":"","meta":[],"product_cat":[64],"product_tag":[],"class_list":{"0":"post-1642","1":"product","2":"type-product","3":"status-publish","4":"has-post-thumbnail","6":"product_cat-piese-auto","8":"first","9":"instock","10":"shipping-taxable","11":"product-type-simple"},"_links":{"self":[{"href":"https:\/\/motovitalex.md\/ru\/wp-json\/wp\/v2\/product\/1642","targetHints":{"allow":["GET"]}}],"collection":[{"href":"https:\/\/motovitalex.md\/ru\/wp-json\/wp\/v2\/product"}],"about":[{"href":"https:\/\/motovitalex.md\/ru\/wp-json\/wp\/v2\/types\/product"}],"version-history":[{"count":1,"href":"https:\/\/motovitalex.md\/ru\/wp-json\/wp\/v2\/product\/1642\/revisions"}],"predecessor-version":[{"id":1644,"href":"https:\/\/motovitalex.md\/ru\/wp-json\/wp\/v2\/product\/1642\/revisions\/1644"}],"wp:featuredmedia":[{"embeddable":true,"href":"https:\/\/motovitalex.md\/ru\/wp-json\/wp\/v2\/media\/1643"}],"wp:attachment":[{"href":"https:\/\/motovitalex.md\/ru\/wp-json\/wp\/v2\/media?parent=1642"}],"wp:term":[{"taxonomy":"product_cat","embeddable":true,"href":"https:\/\/motovitalex.md\/ru\/wp-json\/wp\/v2\/product_cat?post=1642"},{"taxonomy":"product_tag","embeddable":true,"href":"https:\/\/motovitalex.md\/ru\/wp-json\/wp\/v2\/product_tag?post=1642"}],"curies":[{"name":"wp","href":"https:\/\/api.w.org\/{rel}","templated":true}]}}