{"id":1636,"date":"2024-12-21T19:53:45","date_gmt":"2024-12-21T19:53:45","guid":{"rendered":"https:\/\/motovitalex.md\/?post_type=product&#038;p=1636"},"modified":"2024-12-21T19:53:45","modified_gmt":"2024-12-21T19:53:45","slug":"silencer-186f","status":"publish","type":"product","link":"https:\/\/motovitalex.md\/ru\/product\/silencer-186f\/","title":{"rendered":"Silencer &#8211; 186F"},"content":{"rendered":"<p>Amortizorul de esapament 186F este potrivit pentru motoarele diesel ale motocultoarelor, mototractoarelor cu o putere de 10 CP. aer r\u0103cit.<\/p>\n<p>Material caroserie &#8211; metal vopsit.<\/p>\n<p>Datorit\u0103 amortizorului 186F, gazele de e\u0219apament sunt eliberate prin \u021beava de e\u0219apament. Reduce zgomotul motorului.<\/p>\n<p><strong> Op\u021biuni amortizor:<\/strong><\/p>\n<p>\u2022 dimensiuni toba de e\u0219apament f\u0103r\u0103 conduct\u0103 de ramifica\u021bie LxLxH (mm) \u2013 285x125x150;<\/p>\n<p>\u2022 greutate (gr.) &#8211; 520.<\/p>","protected":false},"excerpt":{"rendered":"<p>Amortizorul de esapament 186F este potrivit pentru motoarele diesel ale motocultoarelor, mototractoarelor cu o putere de 10 CP. aer r\u0103cit. Material caroserie &#8211; metal vopsit. Datorit\u0103 amortizorului 186F, gazele de e\u0219apament sunt eliberate prin \u021beava de e\u0219apament. Reduce zgomotul motorului. Op\u021biuni amortizor: \u2022 dimensiuni toba de e\u0219apament f\u0103r\u0103 conduct\u0103 de ramifica\u021bie LxLxH (mm) \u2013 285x125x150;&hellip;<\/p>","protected":false},"featured_media":1637,"template":"","meta":[],"product_cat":[64],"product_tag":[],"class_list":{"0":"post-1636","1":"product","2":"type-product","3":"status-publish","4":"has-post-thumbnail","6":"product_cat-piese-auto","8":"first","9":"instock","10":"shipping-taxable","11":"product-type-simple"},"_links":{"self":[{"href":"https:\/\/motovitalex.md\/ru\/wp-json\/wp\/v2\/product\/1636","targetHints":{"allow":["GET"]}}],"collection":[{"href":"https:\/\/motovitalex.md\/ru\/wp-json\/wp\/v2\/product"}],"about":[{"href":"https:\/\/motovitalex.md\/ru\/wp-json\/wp\/v2\/types\/product"}],"version-history":[{"count":1,"href":"https:\/\/motovitalex.md\/ru\/wp-json\/wp\/v2\/product\/1636\/revisions"}],"predecessor-version":[{"id":1638,"href":"https:\/\/motovitalex.md\/ru\/wp-json\/wp\/v2\/product\/1636\/revisions\/1638"}],"wp:featuredmedia":[{"embeddable":true,"href":"https:\/\/motovitalex.md\/ru\/wp-json\/wp\/v2\/media\/1637"}],"wp:attachment":[{"href":"https:\/\/motovitalex.md\/ru\/wp-json\/wp\/v2\/media?parent=1636"}],"wp:term":[{"taxonomy":"product_cat","embeddable":true,"href":"https:\/\/motovitalex.md\/ru\/wp-json\/wp\/v2\/product_cat?post=1636"},{"taxonomy":"product_tag","embeddable":true,"href":"https:\/\/motovitalex.md\/ru\/wp-json\/wp\/v2\/product_tag?post=1636"}],"curies":[{"name":"wp","href":"https:\/\/api.w.org\/{rel}","templated":true}]}}