{"id":1627,"date":"2024-12-21T19:35:42","date_gmt":"2024-12-21T19:35:42","guid":{"rendered":"https:\/\/motovitalex.md\/?post_type=product&#038;p=1627"},"modified":"2024-12-21T19:35:42","modified_gmt":"2024-12-21T19:35:42","slug":"scripeta-manuala-de-pornire-sticla-de-pornire-186f","status":"publish","type":"product","link":"https:\/\/motovitalex.md\/ru\/product\/scripeta-manuala-de-pornire-sticla-de-pornire-186f\/","title":{"rendered":"Scripet\u0103 manual\u0103 de pornire (sticl\u0103 de pornire) &#8211; 186F"},"content":{"rendered":"<p>Rola de pornire manual\u0103 (cup\u0103 de pornire) &#8211; 186F este potrivit\u0103 pentru motoarele diesel ale tractoarelor, generatoarelor \u0219i altor echipamente cu o putere de 10 CP., aer r\u0103cit.<\/p>\n<p>\u00cen\u0103l\u021bime (mm) &#8211; 68<\/p>\n<p>Greutate (gr.) &#8211; 260<\/p>","protected":false},"excerpt":{"rendered":"<p>Rola de pornire manual\u0103 (cup\u0103 de pornire) &#8211; 186F este potrivit\u0103 pentru motoarele diesel ale tractoarelor, generatoarelor \u0219i altor echipamente cu o putere de 10 CP., aer r\u0103cit. \u00cen\u0103l\u021bime (mm) &#8211; 68 Greutate (gr.) &#8211; 260<\/p>","protected":false},"featured_media":1628,"template":"","meta":[],"product_cat":[64],"product_tag":[],"class_list":{"0":"post-1627","1":"product","2":"type-product","3":"status-publish","4":"has-post-thumbnail","6":"product_cat-piese-auto","8":"first","9":"instock","10":"shipping-taxable","11":"product-type-simple"},"_links":{"self":[{"href":"https:\/\/motovitalex.md\/ru\/wp-json\/wp\/v2\/product\/1627","targetHints":{"allow":["GET"]}}],"collection":[{"href":"https:\/\/motovitalex.md\/ru\/wp-json\/wp\/v2\/product"}],"about":[{"href":"https:\/\/motovitalex.md\/ru\/wp-json\/wp\/v2\/types\/product"}],"version-history":[{"count":1,"href":"https:\/\/motovitalex.md\/ru\/wp-json\/wp\/v2\/product\/1627\/revisions"}],"predecessor-version":[{"id":1629,"href":"https:\/\/motovitalex.md\/ru\/wp-json\/wp\/v2\/product\/1627\/revisions\/1629"}],"wp:featuredmedia":[{"embeddable":true,"href":"https:\/\/motovitalex.md\/ru\/wp-json\/wp\/v2\/media\/1628"}],"wp:attachment":[{"href":"https:\/\/motovitalex.md\/ru\/wp-json\/wp\/v2\/media?parent=1627"}],"wp:term":[{"taxonomy":"product_cat","embeddable":true,"href":"https:\/\/motovitalex.md\/ru\/wp-json\/wp\/v2\/product_cat?post=1627"},{"taxonomy":"product_tag","embeddable":true,"href":"https:\/\/motovitalex.md\/ru\/wp-json\/wp\/v2\/product_tag?post=1627"}],"curies":[{"name":"wp","href":"https:\/\/api.w.org\/{rel}","templated":true}]}}