{"id":1615,"date":"2024-12-21T19:21:07","date_gmt":"2024-12-21T19:21:07","guid":{"rendered":"https:\/\/motovitalex.md\/?post_type=product&#038;p=1615"},"modified":"2024-12-21T19:21:07","modified_gmt":"2024-12-21T19:21:07","slug":"garnituri-ulei-de-supapa-186f","status":"publish","type":"product","link":"https:\/\/motovitalex.md\/ru\/product\/garnituri-ulei-de-supapa-186f\/","title":{"rendered":"Garnituri ulei de supap\u0103  &#8211; 186F"},"content":{"rendered":"<p>Garniturile de supap\u0103 (pereche) &#8211; 186F sunt potrivite pentru motoarele diesel ale tractoarelor, generatoarelor \u0219i altor echipamente cu o putere de 10 CP. aer r\u0103cit.<\/p>\n<p>Diametrul exterior (mm) &#8211; 13<\/p>\n<p>Diametrul de aterizare (mm) &#8211; 11<\/p>\n<p>\u00cen\u0103l\u021bime (mm) &#8211; 10<\/p>\n<p>Diametrul supapei (mm) &#8211; 5,5<\/p>\n<p>Greutate pereche (gr.) &#8211; 4<\/p>","protected":false},"excerpt":{"rendered":"<p>Garniturile de supap\u0103 (pereche) &#8211; 186F sunt potrivite pentru motoarele diesel ale tractoarelor, generatoarelor \u0219i altor echipamente cu o putere de 10 CP. aer r\u0103cit. Diametrul exterior (mm) &#8211; 13 Diametrul de aterizare (mm) &#8211; 11 \u00cen\u0103l\u021bime (mm) &#8211; 10 Diametrul supapei (mm) &#8211; 5,5 Greutate pereche (gr.) &#8211; 4<\/p>","protected":false},"featured_media":1616,"template":"","meta":[],"product_cat":[64],"product_tag":[],"class_list":{"0":"post-1615","1":"product","2":"type-product","3":"status-publish","4":"has-post-thumbnail","6":"product_cat-piese-auto","8":"first","9":"instock","10":"shipping-taxable","11":"product-type-simple"},"_links":{"self":[{"href":"https:\/\/motovitalex.md\/ru\/wp-json\/wp\/v2\/product\/1615","targetHints":{"allow":["GET"]}}],"collection":[{"href":"https:\/\/motovitalex.md\/ru\/wp-json\/wp\/v2\/product"}],"about":[{"href":"https:\/\/motovitalex.md\/ru\/wp-json\/wp\/v2\/types\/product"}],"version-history":[{"count":1,"href":"https:\/\/motovitalex.md\/ru\/wp-json\/wp\/v2\/product\/1615\/revisions"}],"predecessor-version":[{"id":1617,"href":"https:\/\/motovitalex.md\/ru\/wp-json\/wp\/v2\/product\/1615\/revisions\/1617"}],"wp:featuredmedia":[{"embeddable":true,"href":"https:\/\/motovitalex.md\/ru\/wp-json\/wp\/v2\/media\/1616"}],"wp:attachment":[{"href":"https:\/\/motovitalex.md\/ru\/wp-json\/wp\/v2\/media?parent=1615"}],"wp:term":[{"taxonomy":"product_cat","embeddable":true,"href":"https:\/\/motovitalex.md\/ru\/wp-json\/wp\/v2\/product_cat?post=1615"},{"taxonomy":"product_tag","embeddable":true,"href":"https:\/\/motovitalex.md\/ru\/wp-json\/wp\/v2\/product_tag?post=1615"}],"curies":[{"name":"wp","href":"https:\/\/api.w.org\/{rel}","templated":true}]}}