{"id":1595,"date":"2024-12-21T12:43:33","date_gmt":"2024-12-21T12:43:33","guid":{"rendered":"https:\/\/motovitalex.md\/?post_type=product&#038;p=1595"},"modified":"2024-12-21T12:44:29","modified_gmt":"2024-12-21T12:44:29","slug":"duza-dlla150pn926-pentru-tractor-cu-mers-pe-jos-cu-motor-diesel-186f-lung","status":"publish","type":"product","link":"https:\/\/motovitalex.md\/ru\/product\/duza-dlla150pn926-pentru-tractor-cu-mers-pe-jos-cu-motor-diesel-186f-lung\/","title":{"rendered":"Duza DLLA150PN926 pentru tractor cu mers pe jos cu motor diesel 186F, lung"},"content":{"rendered":"<p>Duz\u0103 de injec\u021bie\u00a0 DLLA150PN926 pentru tractorul\u00a0 cu motor diesel 186F, lung &#8211; o component\u0103 important\u0103 a sistemului de injec\u021bie de combustibil al unei unit\u0103\u021bi de putere diesel utilizat\u0103 la tractoarele, mototractoarele \u0219i alte ma\u0219ini agricole. Este responsabil de atomizarea combustibilului \u00een camera de ardere a motorului, asigur\u00e2nd un amestec optim cu aerul. Pulverizatorul este realizat dintr-un material de \u00eenalt\u0103 rezisten\u021b\u0103, care este rezistent la temperaturi ridicate \u0219i presiune. Are un design sub\u021bire care permite atomizarea combustibilului \u00eentr-un flux de aerosoli fin. Acest lucru asigur\u0103 distribu\u021bia uniform\u0103 a combustibilului \u00een interiorul cilindrului, ceea ce promoveaz\u0103 arderea complet\u0103 \u0219i o eficien\u021b\u0103 crescut\u0103 a motorului.<\/p>\n<p><strong>Semnele unei defec\u021biuni ale duzei injectorului pot include:<\/strong><\/p>\n<p>\u2022 Pierderea puterii motorului<\/p>\n<p>\u2022 Sc\u0103derea trac\u021biunii<\/p>\n<p>\u2022 Func\u021bionare instabil\u0103 a motorului<\/p>\n<p>\u2022 Fum negru din conducta de evacuare<\/p>\n<p><strong>Dac\u0103 observa\u021bi unul sau mai multe dintre aceste simptome, trebuie s\u0103 verifica\u021bi starea duzei injectorului. \u00cen caz de defec\u021biune, acesta trebuie \u00eenlocuit cu unul nou<\/strong>.<\/p>","protected":false},"excerpt":{"rendered":"<p>Duz\u0103 de injec\u021bie\u00a0 DLLA150PN926 pentru tractorul\u00a0 cu motor diesel 186F, lung &#8211; o component\u0103 important\u0103 a sistemului de injec\u021bie de combustibil al unei unit\u0103\u021bi de putere diesel utilizat\u0103 la tractoarele, mototractoarele \u0219i alte ma\u0219ini agricole. Este responsabil de atomizarea combustibilului \u00een camera de ardere a motorului, asigur\u00e2nd un amestec optim cu aerul. Pulverizatorul este realizat&hellip;<\/p>","protected":false},"featured_media":1596,"template":"","meta":[],"product_cat":[64],"product_tag":[],"class_list":{"0":"post-1595","1":"product","2":"type-product","3":"status-publish","4":"has-post-thumbnail","6":"product_cat-piese-auto","8":"first","9":"instock","10":"shipping-taxable","11":"product-type-simple"},"_links":{"self":[{"href":"https:\/\/motovitalex.md\/ru\/wp-json\/wp\/v2\/product\/1595","targetHints":{"allow":["GET"]}}],"collection":[{"href":"https:\/\/motovitalex.md\/ru\/wp-json\/wp\/v2\/product"}],"about":[{"href":"https:\/\/motovitalex.md\/ru\/wp-json\/wp\/v2\/types\/product"}],"version-history":[{"count":2,"href":"https:\/\/motovitalex.md\/ru\/wp-json\/wp\/v2\/product\/1595\/revisions"}],"predecessor-version":[{"id":1598,"href":"https:\/\/motovitalex.md\/ru\/wp-json\/wp\/v2\/product\/1595\/revisions\/1598"}],"wp:featuredmedia":[{"embeddable":true,"href":"https:\/\/motovitalex.md\/ru\/wp-json\/wp\/v2\/media\/1596"}],"wp:attachment":[{"href":"https:\/\/motovitalex.md\/ru\/wp-json\/wp\/v2\/media?parent=1595"}],"wp:term":[{"taxonomy":"product_cat","embeddable":true,"href":"https:\/\/motovitalex.md\/ru\/wp-json\/wp\/v2\/product_cat?post=1595"},{"taxonomy":"product_tag","embeddable":true,"href":"https:\/\/motovitalex.md\/ru\/wp-json\/wp\/v2\/product_tag?post=1595"}],"curies":[{"name":"wp","href":"https:\/\/api.w.org\/{rel}","templated":true}]}}